{"id":658,"date":"2018-08-16T14:36:06","date_gmt":"2018-08-16T14:36:06","guid":{"rendered":"https:\/\/grupoagrinews.com\/suscripcion\/?page_id=658"},"modified":"2024-07-11T13:50:13","modified_gmt":"2024-07-11T13:50:13","slug":"formulario-de-desistimiento-agrinews","status":"publish","type":"page","link":"https:\/\/grupoagrinews.com\/suscripcion\/formulario-de-desistimiento-agrinews\/","title":{"rendered":"FORMULARIO DE DESISTIMIENTO"},"content":{"rendered":"<p>S\u00f3lo deber\u00e1 cumplimentar y enviar el presente formulario a la direcci\u00f3n de correo electr\u00f3nico indicada (info@grupoagrinews.com) si desea desistir del contrato o servicio contratado.<\/p>\n<ul>\n<li>A la atenci\u00f3n de (aqu\u00ed deber\u00e1 insertar el nombre de la empresa, direcci\u00f3n completa y, si dispone de ellos, el n\u00famero de tel\u00e9fono, fax y correo electr\u00f3nico):<\/li>\n<li>Por la presente le comunico\/comunicamos (*) que desisto de mi\/desistimos de nuestro (*) contrato de venta del siguiente bien\/prestaci\u00f3n del siguiente servicio (*).<\/li>\n<li>Pedido el\/solicitado el d\u00eda (*).<\/li>\n<li>Nombre y domicilio del consumidor y usuario o de los consumidores y usuarios.<\/li>\n<li>Fecha y firma del consumidor y usuario o de los consumidores y usuarios.<\/li>\n<\/ul>\n","protected":false},"excerpt":{"rendered":"<p>S\u00f3lo deber\u00e1 cumplimentar y enviar el presente formulario a la direcci\u00f3n de correo electr\u00f3nico indicada (info@grupoagrinews.com) si desea desistir del contrato o servicio contratado. A la atenci\u00f3n de (aqu\u00ed deber\u00e1 insertar el nombre de la empresa, direcci\u00f3n completa y, si dispone de ellos, el n\u00famero de tel\u00e9fono, fax y correo electr\u00f3nico): Por la presente le [&hellip;]<\/p>\n","protected":false},"author":1,"featured_media":0,"parent":0,"menu_order":0,"comment_status":"closed","ping_status":"closed","template":"","meta":{"footnotes":""},"yoast_head":"<!-- This site is optimized with the Yoast SEO plugin v23.0 - https:\/\/yoast.com\/wordpress\/plugins\/seo\/ -->\n<title>FORMULARIO DE DESISTIMIENTO - Suscripciones grupo agriNews<\/title>\n<meta name=\"robots\" content=\"index, follow, max-snippet:-1, max-image-preview:large, max-video-preview:-1\" \/>\n<link rel=\"canonical\" href=\"https:\/\/grupoagrinews.com\/suscripcion\/formulario-de-desistimiento-agrinews\/\" \/>\n<meta property=\"og:locale\" content=\"es_ES\" \/>\n<meta property=\"og:type\" content=\"article\" \/>\n<meta property=\"og:title\" content=\"FORMULARIO DE DESISTIMIENTO - Suscripciones grupo agriNews\" \/>\n<meta property=\"og:description\" content=\"S\u00f3lo deber\u00e1 cumplimentar y enviar el presente formulario a la direcci\u00f3n de correo electr\u00f3nico indicada (info@grupoagrinews.com) si desea desistir del contrato o servicio contratado. A la atenci\u00f3n de (aqu\u00ed deber\u00e1 insertar el nombre de la empresa, direcci\u00f3n completa y, si dispone de ellos, el n\u00famero de tel\u00e9fono, fax y correo electr\u00f3nico): Por la presente le [&hellip;]\" \/>\n<meta property=\"og:url\" content=\"https:\/\/grupoagrinews.com\/suscripcion\/formulario-de-desistimiento-agrinews\/\" \/>\n<meta property=\"og:site_name\" content=\"Suscripciones grupo agriNews\" \/>\n<meta property=\"article:publisher\" content=\"https:\/\/www.facebook.com\/grupo.agrinews\" \/>\n<meta property=\"article:modified_time\" content=\"2024-07-11T13:50:13+00:00\" \/>\n<meta name=\"twitter:card\" content=\"summary_large_image\" \/>\n<meta name=\"twitter:site\" content=\"@grupo_agrinews\" \/>\n<meta name=\"twitter:label1\" content=\"Tiempo de lectura\" \/>\n\t<meta name=\"twitter:data1\" content=\"1 minuto\" \/>\n<script type=\"application\/ld+json\" class=\"yoast-schema-graph\">{\"@context\":\"https:\/\/schema.org\",\"@graph\":[{\"@type\":\"WebPage\",\"@id\":\"https:\/\/grupoagrinews.com\/suscripcion\/formulario-de-desistimiento-agrinews\/\",\"url\":\"https:\/\/grupoagrinews.com\/suscripcion\/formulario-de-desistimiento-agrinews\/\",\"name\":\"FORMULARIO DE DESISTIMIENTO - Suscripciones grupo agriNews\",\"isPartOf\":{\"@id\":\"https:\/\/grupoagrinews.com\/suscripcion\/#website\"},\"datePublished\":\"2018-08-16T14:36:06+00:00\",\"dateModified\":\"2024-07-11T13:50:13+00:00\",\"breadcrumb\":{\"@id\":\"https:\/\/grupoagrinews.com\/suscripcion\/formulario-de-desistimiento-agrinews\/#breadcrumb\"},\"inLanguage\":\"es\",\"potentialAction\":[{\"@type\":\"ReadAction\",\"target\":[\"https:\/\/grupoagrinews.com\/suscripcion\/formulario-de-desistimiento-agrinews\/\"]}]},{\"@type\":\"BreadcrumbList\",\"@id\":\"https:\/\/grupoagrinews.com\/suscripcion\/formulario-de-desistimiento-agrinews\/#breadcrumb\",\"itemListElement\":[{\"@type\":\"ListItem\",\"position\":1,\"name\":\"Portada\",\"item\":\"https:\/\/grupoagrinews.com\/suscripcion\/\"},{\"@type\":\"ListItem\",\"position\":2,\"name\":\"FORMULARIO DE DESISTIMIENTO\"}]},{\"@type\":\"WebSite\",\"@id\":\"https:\/\/grupoagrinews.com\/suscripcion\/#website\",\"url\":\"https:\/\/grupoagrinews.com\/suscripcion\/\",\"name\":\"Suscripciones grupo agriNews\",\"description\":\"Nuestra revista y eventos al alcance de todos\",\"publisher\":{\"@id\":\"https:\/\/grupoagrinews.com\/suscripcion\/#organization\"},\"potentialAction\":[{\"@type\":\"SearchAction\",\"target\":{\"@type\":\"EntryPoint\",\"urlTemplate\":\"https:\/\/grupoagrinews.com\/suscripcion\/?s={search_term_string}\"},\"query-input\":\"required name=search_term_string\"}],\"inLanguage\":\"es\"},{\"@type\":\"Organization\",\"@id\":\"https:\/\/grupoagrinews.com\/suscripcion\/#organization\",\"name\":\"Grupo comunicaci\u00f3n agriNews SL\",\"url\":\"https:\/\/grupoagrinews.com\/suscripcion\/\",\"logo\":{\"@type\":\"ImageObject\",\"inLanguage\":\"es\",\"@id\":\"https:\/\/grupoagrinews.com\/suscripcion\/#\/schema\/logo\/image\/\",\"url\":\"https:\/\/grupoagrinews.com\/suscripcion\/wp-content\/uploads\/2017\/02\/cropped-logo-agrinews.png\",\"contentUrl\":\"https:\/\/grupoagrinews.com\/suscripcion\/wp-content\/uploads\/2017\/02\/cropped-logo-agrinews.png\",\"width\":278,\"height\":110,\"caption\":\"Grupo comunicaci\u00f3n agriNews SL\"},\"image\":{\"@id\":\"https:\/\/grupoagrinews.com\/suscripcion\/#\/schema\/logo\/image\/\"},\"sameAs\":[\"https:\/\/www.facebook.com\/grupo.agrinews\",\"https:\/\/x.com\/grupo_agrinews\",\"https:\/\/www.instagram.com\/grupo_agrinews\/?hl=es\",\"https:\/\/www.linkedin.com\/company\/grupo-de-comunicaci\u00f3n-agrinews-s-l-\"]}]}<\/script>\n<!-- \/ Yoast SEO plugin. -->","yoast_head_json":{"title":"FORMULARIO DE DESISTIMIENTO - Suscripciones grupo agriNews","robots":{"index":"index","follow":"follow","max-snippet":"max-snippet:-1","max-image-preview":"max-image-preview:large","max-video-preview":"max-video-preview:-1"},"canonical":"https:\/\/grupoagrinews.com\/suscripcion\/formulario-de-desistimiento-agrinews\/","og_locale":"es_ES","og_type":"article","og_title":"FORMULARIO DE DESISTIMIENTO - Suscripciones grupo agriNews","og_description":"S\u00f3lo deber\u00e1 cumplimentar y enviar el presente formulario a la direcci\u00f3n de correo electr\u00f3nico indicada (info@grupoagrinews.com) si desea desistir del contrato o servicio contratado. A la atenci\u00f3n de (aqu\u00ed deber\u00e1 insertar el nombre de la empresa, direcci\u00f3n completa y, si dispone de ellos, el n\u00famero de tel\u00e9fono, fax y correo electr\u00f3nico): Por la presente le [&hellip;]","og_url":"https:\/\/grupoagrinews.com\/suscripcion\/formulario-de-desistimiento-agrinews\/","og_site_name":"Suscripciones grupo agriNews","article_publisher":"https:\/\/www.facebook.com\/grupo.agrinews","article_modified_time":"2024-07-11T13:50:13+00:00","twitter_card":"summary_large_image","twitter_site":"@grupo_agrinews","twitter_misc":{"Tiempo de lectura":"1 minuto"},"schema":{"@context":"https:\/\/schema.org","@graph":[{"@type":"WebPage","@id":"https:\/\/grupoagrinews.com\/suscripcion\/formulario-de-desistimiento-agrinews\/","url":"https:\/\/grupoagrinews.com\/suscripcion\/formulario-de-desistimiento-agrinews\/","name":"FORMULARIO DE DESISTIMIENTO - Suscripciones grupo agriNews","isPartOf":{"@id":"https:\/\/grupoagrinews.com\/suscripcion\/#website"},"datePublished":"2018-08-16T14:36:06+00:00","dateModified":"2024-07-11T13:50:13+00:00","breadcrumb":{"@id":"https:\/\/grupoagrinews.com\/suscripcion\/formulario-de-desistimiento-agrinews\/#breadcrumb"},"inLanguage":"es","potentialAction":[{"@type":"ReadAction","target":["https:\/\/grupoagrinews.com\/suscripcion\/formulario-de-desistimiento-agrinews\/"]}]},{"@type":"BreadcrumbList","@id":"https:\/\/grupoagrinews.com\/suscripcion\/formulario-de-desistimiento-agrinews\/#breadcrumb","itemListElement":[{"@type":"ListItem","position":1,"name":"Portada","item":"https:\/\/grupoagrinews.com\/suscripcion\/"},{"@type":"ListItem","position":2,"name":"FORMULARIO DE DESISTIMIENTO"}]},{"@type":"WebSite","@id":"https:\/\/grupoagrinews.com\/suscripcion\/#website","url":"https:\/\/grupoagrinews.com\/suscripcion\/","name":"Suscripciones grupo agriNews","description":"Nuestra revista y eventos al alcance de todos","publisher":{"@id":"https:\/\/grupoagrinews.com\/suscripcion\/#organization"},"potentialAction":[{"@type":"SearchAction","target":{"@type":"EntryPoint","urlTemplate":"https:\/\/grupoagrinews.com\/suscripcion\/?s={search_term_string}"},"query-input":"required name=search_term_string"}],"inLanguage":"es"},{"@type":"Organization","@id":"https:\/\/grupoagrinews.com\/suscripcion\/#organization","name":"Grupo comunicaci\u00f3n agriNews SL","url":"https:\/\/grupoagrinews.com\/suscripcion\/","logo":{"@type":"ImageObject","inLanguage":"es","@id":"https:\/\/grupoagrinews.com\/suscripcion\/#\/schema\/logo\/image\/","url":"https:\/\/grupoagrinews.com\/suscripcion\/wp-content\/uploads\/2017\/02\/cropped-logo-agrinews.png","contentUrl":"https:\/\/grupoagrinews.com\/suscripcion\/wp-content\/uploads\/2017\/02\/cropped-logo-agrinews.png","width":278,"height":110,"caption":"Grupo comunicaci\u00f3n agriNews SL"},"image":{"@id":"https:\/\/grupoagrinews.com\/suscripcion\/#\/schema\/logo\/image\/"},"sameAs":["https:\/\/www.facebook.com\/grupo.agrinews","https:\/\/x.com\/grupo_agrinews","https:\/\/www.instagram.com\/grupo_agrinews\/?hl=es","https:\/\/www.linkedin.com\/company\/grupo-de-comunicaci\u00f3n-agrinews-s-l-"]}]}},"_links":{"self":[{"href":"https:\/\/grupoagrinews.com\/suscripcion\/wp-json\/wp\/v2\/pages\/658"}],"collection":[{"href":"https:\/\/grupoagrinews.com\/suscripcion\/wp-json\/wp\/v2\/pages"}],"about":[{"href":"https:\/\/grupoagrinews.com\/suscripcion\/wp-json\/wp\/v2\/types\/page"}],"author":[{"embeddable":true,"href":"https:\/\/grupoagrinews.com\/suscripcion\/wp-json\/wp\/v2\/users\/1"}],"replies":[{"embeddable":true,"href":"https:\/\/grupoagrinews.com\/suscripcion\/wp-json\/wp\/v2\/comments?post=658"}],"version-history":[{"count":1,"href":"https:\/\/grupoagrinews.com\/suscripcion\/wp-json\/wp\/v2\/pages\/658\/revisions"}],"predecessor-version":[{"id":1826,"href":"https:\/\/grupoagrinews.com\/suscripcion\/wp-json\/wp\/v2\/pages\/658\/revisions\/1826"}],"wp:attachment":[{"href":"https:\/\/grupoagrinews.com\/suscripcion\/wp-json\/wp\/v2\/media?parent=658"}],"curies":[{"name":"wp","href":"https:\/\/api.w.org\/{rel}","templated":true}]}}