{"id":777,"date":"2019-02-07T12:06:42","date_gmt":"2019-02-07T12:06:42","guid":{"rendered":"https:\/\/grupoagrinews.com\/suscripcion\/?page_id=777"},"modified":"2019-02-07T12:06:42","modified_gmt":"2019-02-07T12:06:42","slug":"clausula-formulario-web-registro-de-asistentes","status":"publish","type":"page","link":"https:\/\/grupoagrinews.com\/suscripcion\/clausula-formulario-web-registro-de-asistentes\/","title":{"rendered":"CL\u00c1USULA FORMULARIO WEB REGISTRO DE ASISTENTES"},"content":{"rendered":"<p>De conformidad con lo establecido en la normativa vigente en Protecci\u00f3n de Datos de Car\u00e1cter<br \/>\nPersonal, le comunicamos que los datos facilitados a trav\u00e9s de este formulario ser\u00e1n<br \/>\nincorporados en un sistema de tratamiento bajo la responsabilidad de GRUPO DE<br \/>\nCOMUNICACION AGRINEWS SL, con la finalidad de poderse inscribir en nuestro eventos. La<br \/>\nempresa tambi\u00e9n le informa que sus datos podr\u00e1n ser cedidos a los colaboradores del evento.<br \/>\nEn cumplimiento con la normativa vigente, GRUPO DE COMUNICACION AGRINEWS SL<br \/>\ninforma que los datos ser\u00e1n conservados durante el plazo estrictamente necesario para cumplir<br \/>\ncon los preceptos mencionados con anterioridad.<br \/>\nGRUPO DE COMUNICACION AGRINEWS SL informa que proceder\u00e1 a tratar los datos de<br \/>\nmanera l\u00edcita, leal, transparente, adecuada, pertinente, limitada, exacta y actualizada. Es por<br \/>\nello que GRUPO DE COMUNICACION AGRINEWS SL se compromete a adoptar todas las<br \/>\nmedidas razonables para que estos se supriman o rectifiquen sin dilaci\u00f3n cuando sean<br \/>\ninexactos.<br \/>\nAsimismo le informamos que tratamos sus datos en base a la existencia de su consentimiento.<br \/>\nDe acuerdo con los derechos que le confiere el la normativa vigente en protecci\u00f3n de datos<br \/>\npodr\u00e1 ejercer los derechos de acceso, rectificaci\u00f3n, limitaci\u00f3n de tratamiento, supresi\u00f3n,<br \/>\nportabilidad y oposici\u00f3n al tratamiento de sus datos de car\u00e1cter personal as\u00ed como del<br \/>\nconsentimiento prestado para el tratamiento de los mismos, dirigiendo su petici\u00f3n a la direcci\u00f3n<br \/>\npostal CAMI RAL 495 2o2a, 08301, MATARO (BARCELONA) o al correo electr\u00f3nico<br \/>\nADMIN@AGRINEWS.ES.<br \/>\nPodr\u00e1 dirigirse a la Autoridad de Control competente para presentar la reclamaci\u00f3n que<br \/>\nconsidere oportuna.<br \/>\nEl env\u00edo de estos datos implica la aceptaci\u00f3n de esta cl\u00e1usula<\/p>\n","protected":false},"excerpt":{"rendered":"<p>De conformidad con lo establecido en la normativa vigente en Protecci\u00f3n de Datos de Car\u00e1cter Personal, le comunicamos que los datos facilitados a trav\u00e9s de este formulario ser\u00e1n incorporados en un sistema de tratamiento bajo la responsabilidad de GRUPO DE COMUNICACION AGRINEWS SL, con la finalidad de poderse inscribir en nuestro eventos. La empresa tambi\u00e9n [&hellip;]<\/p>\n","protected":false},"author":1,"featured_media":0,"parent":0,"menu_order":0,"comment_status":"closed","ping_status":"closed","template":"","meta":{"footnotes":""},"yoast_head":"<!-- This site is optimized with the Yoast SEO plugin v23.0 - https:\/\/yoast.com\/wordpress\/plugins\/seo\/ -->\n<title>CL\u00c1USULA FORMULARIO WEB REGISTRO DE ASISTENTES - Suscripciones grupo agriNews<\/title>\n<meta name=\"robots\" content=\"index, follow, max-snippet:-1, max-image-preview:large, max-video-preview:-1\" \/>\n<link rel=\"canonical\" href=\"https:\/\/grupoagrinews.com\/suscripcion\/clausula-formulario-web-registro-de-asistentes\/\" \/>\n<meta property=\"og:locale\" content=\"es_ES\" \/>\n<meta property=\"og:type\" content=\"article\" \/>\n<meta property=\"og:title\" content=\"CL\u00c1USULA FORMULARIO WEB REGISTRO DE ASISTENTES - Suscripciones grupo agriNews\" \/>\n<meta property=\"og:description\" content=\"De conformidad con lo establecido en la normativa vigente en Protecci\u00f3n de Datos de Car\u00e1cter Personal, le comunicamos que los datos facilitados a trav\u00e9s de este formulario ser\u00e1n incorporados en un sistema de tratamiento bajo la responsabilidad de GRUPO DE COMUNICACION AGRINEWS SL, con la finalidad de poderse inscribir en nuestro eventos. La empresa tambi\u00e9n [&hellip;]\" \/>\n<meta property=\"og:url\" content=\"https:\/\/grupoagrinews.com\/suscripcion\/clausula-formulario-web-registro-de-asistentes\/\" \/>\n<meta property=\"og:site_name\" content=\"Suscripciones grupo agriNews\" \/>\n<meta property=\"article:publisher\" content=\"https:\/\/www.facebook.com\/grupo.agrinews\" \/>\n<meta name=\"twitter:card\" content=\"summary_large_image\" \/>\n<meta name=\"twitter:site\" content=\"@grupo_agrinews\" \/>\n<meta name=\"twitter:label1\" content=\"Tiempo de lectura\" \/>\n\t<meta name=\"twitter:data1\" content=\"1 minuto\" \/>\n<script type=\"application\/ld+json\" class=\"yoast-schema-graph\">{\"@context\":\"https:\/\/schema.org\",\"@graph\":[{\"@type\":\"WebPage\",\"@id\":\"https:\/\/grupoagrinews.com\/suscripcion\/clausula-formulario-web-registro-de-asistentes\/\",\"url\":\"https:\/\/grupoagrinews.com\/suscripcion\/clausula-formulario-web-registro-de-asistentes\/\",\"name\":\"CL\u00c1USULA FORMULARIO WEB REGISTRO DE ASISTENTES - Suscripciones grupo agriNews\",\"isPartOf\":{\"@id\":\"https:\/\/grupoagrinews.com\/suscripcion\/#website\"},\"datePublished\":\"2019-02-07T12:06:42+00:00\",\"dateModified\":\"2019-02-07T12:06:42+00:00\",\"breadcrumb\":{\"@id\":\"https:\/\/grupoagrinews.com\/suscripcion\/clausula-formulario-web-registro-de-asistentes\/#breadcrumb\"},\"inLanguage\":\"es\",\"potentialAction\":[{\"@type\":\"ReadAction\",\"target\":[\"https:\/\/grupoagrinews.com\/suscripcion\/clausula-formulario-web-registro-de-asistentes\/\"]}]},{\"@type\":\"BreadcrumbList\",\"@id\":\"https:\/\/grupoagrinews.com\/suscripcion\/clausula-formulario-web-registro-de-asistentes\/#breadcrumb\",\"itemListElement\":[{\"@type\":\"ListItem\",\"position\":1,\"name\":\"Portada\",\"item\":\"https:\/\/grupoagrinews.com\/suscripcion\/\"},{\"@type\":\"ListItem\",\"position\":2,\"name\":\"CL\u00c1USULA FORMULARIO WEB REGISTRO DE ASISTENTES\"}]},{\"@type\":\"WebSite\",\"@id\":\"https:\/\/grupoagrinews.com\/suscripcion\/#website\",\"url\":\"https:\/\/grupoagrinews.com\/suscripcion\/\",\"name\":\"Suscripciones grupo agriNews\",\"description\":\"Nuestra revista y eventos al alcance de todos\",\"publisher\":{\"@id\":\"https:\/\/grupoagrinews.com\/suscripcion\/#organization\"},\"potentialAction\":[{\"@type\":\"SearchAction\",\"target\":{\"@type\":\"EntryPoint\",\"urlTemplate\":\"https:\/\/grupoagrinews.com\/suscripcion\/?s={search_term_string}\"},\"query-input\":\"required name=search_term_string\"}],\"inLanguage\":\"es\"},{\"@type\":\"Organization\",\"@id\":\"https:\/\/grupoagrinews.com\/suscripcion\/#organization\",\"name\":\"Grupo comunicaci\u00f3n agriNews SL\",\"url\":\"https:\/\/grupoagrinews.com\/suscripcion\/\",\"logo\":{\"@type\":\"ImageObject\",\"inLanguage\":\"es\",\"@id\":\"https:\/\/grupoagrinews.com\/suscripcion\/#\/schema\/logo\/image\/\",\"url\":\"https:\/\/grupoagrinews.com\/suscripcion\/wp-content\/uploads\/2017\/02\/cropped-logo-agrinews.png\",\"contentUrl\":\"https:\/\/grupoagrinews.com\/suscripcion\/wp-content\/uploads\/2017\/02\/cropped-logo-agrinews.png\",\"width\":278,\"height\":110,\"caption\":\"Grupo comunicaci\u00f3n agriNews SL\"},\"image\":{\"@id\":\"https:\/\/grupoagrinews.com\/suscripcion\/#\/schema\/logo\/image\/\"},\"sameAs\":[\"https:\/\/www.facebook.com\/grupo.agrinews\",\"https:\/\/x.com\/grupo_agrinews\",\"https:\/\/www.instagram.com\/grupo_agrinews\/?hl=es\",\"https:\/\/www.linkedin.com\/company\/grupo-de-comunicaci\u00f3n-agrinews-s-l-\"]}]}<\/script>\n<!-- \/ Yoast SEO plugin. -->","yoast_head_json":{"title":"CL\u00c1USULA FORMULARIO WEB REGISTRO DE ASISTENTES - Suscripciones grupo agriNews","robots":{"index":"index","follow":"follow","max-snippet":"max-snippet:-1","max-image-preview":"max-image-preview:large","max-video-preview":"max-video-preview:-1"},"canonical":"https:\/\/grupoagrinews.com\/suscripcion\/clausula-formulario-web-registro-de-asistentes\/","og_locale":"es_ES","og_type":"article","og_title":"CL\u00c1USULA FORMULARIO WEB REGISTRO DE ASISTENTES - Suscripciones grupo agriNews","og_description":"De conformidad con lo establecido en la normativa vigente en Protecci\u00f3n de Datos de Car\u00e1cter Personal, le comunicamos que los datos facilitados a trav\u00e9s de este formulario ser\u00e1n incorporados en un sistema de tratamiento bajo la responsabilidad de GRUPO DE COMUNICACION AGRINEWS SL, con la finalidad de poderse inscribir en nuestro eventos. La empresa tambi\u00e9n [&hellip;]","og_url":"https:\/\/grupoagrinews.com\/suscripcion\/clausula-formulario-web-registro-de-asistentes\/","og_site_name":"Suscripciones grupo agriNews","article_publisher":"https:\/\/www.facebook.com\/grupo.agrinews","twitter_card":"summary_large_image","twitter_site":"@grupo_agrinews","twitter_misc":{"Tiempo de lectura":"1 minuto"},"schema":{"@context":"https:\/\/schema.org","@graph":[{"@type":"WebPage","@id":"https:\/\/grupoagrinews.com\/suscripcion\/clausula-formulario-web-registro-de-asistentes\/","url":"https:\/\/grupoagrinews.com\/suscripcion\/clausula-formulario-web-registro-de-asistentes\/","name":"CL\u00c1USULA FORMULARIO WEB REGISTRO DE ASISTENTES - Suscripciones grupo agriNews","isPartOf":{"@id":"https:\/\/grupoagrinews.com\/suscripcion\/#website"},"datePublished":"2019-02-07T12:06:42+00:00","dateModified":"2019-02-07T12:06:42+00:00","breadcrumb":{"@id":"https:\/\/grupoagrinews.com\/suscripcion\/clausula-formulario-web-registro-de-asistentes\/#breadcrumb"},"inLanguage":"es","potentialAction":[{"@type":"ReadAction","target":["https:\/\/grupoagrinews.com\/suscripcion\/clausula-formulario-web-registro-de-asistentes\/"]}]},{"@type":"BreadcrumbList","@id":"https:\/\/grupoagrinews.com\/suscripcion\/clausula-formulario-web-registro-de-asistentes\/#breadcrumb","itemListElement":[{"@type":"ListItem","position":1,"name":"Portada","item":"https:\/\/grupoagrinews.com\/suscripcion\/"},{"@type":"ListItem","position":2,"name":"CL\u00c1USULA FORMULARIO WEB REGISTRO DE ASISTENTES"}]},{"@type":"WebSite","@id":"https:\/\/grupoagrinews.com\/suscripcion\/#website","url":"https:\/\/grupoagrinews.com\/suscripcion\/","name":"Suscripciones grupo agriNews","description":"Nuestra revista y eventos al alcance de todos","publisher":{"@id":"https:\/\/grupoagrinews.com\/suscripcion\/#organization"},"potentialAction":[{"@type":"SearchAction","target":{"@type":"EntryPoint","urlTemplate":"https:\/\/grupoagrinews.com\/suscripcion\/?s={search_term_string}"},"query-input":"required name=search_term_string"}],"inLanguage":"es"},{"@type":"Organization","@id":"https:\/\/grupoagrinews.com\/suscripcion\/#organization","name":"Grupo comunicaci\u00f3n agriNews SL","url":"https:\/\/grupoagrinews.com\/suscripcion\/","logo":{"@type":"ImageObject","inLanguage":"es","@id":"https:\/\/grupoagrinews.com\/suscripcion\/#\/schema\/logo\/image\/","url":"https:\/\/grupoagrinews.com\/suscripcion\/wp-content\/uploads\/2017\/02\/cropped-logo-agrinews.png","contentUrl":"https:\/\/grupoagrinews.com\/suscripcion\/wp-content\/uploads\/2017\/02\/cropped-logo-agrinews.png","width":278,"height":110,"caption":"Grupo comunicaci\u00f3n agriNews SL"},"image":{"@id":"https:\/\/grupoagrinews.com\/suscripcion\/#\/schema\/logo\/image\/"},"sameAs":["https:\/\/www.facebook.com\/grupo.agrinews","https:\/\/x.com\/grupo_agrinews","https:\/\/www.instagram.com\/grupo_agrinews\/?hl=es","https:\/\/www.linkedin.com\/company\/grupo-de-comunicaci\u00f3n-agrinews-s-l-"]}]}},"_links":{"self":[{"href":"https:\/\/grupoagrinews.com\/suscripcion\/wp-json\/wp\/v2\/pages\/777"}],"collection":[{"href":"https:\/\/grupoagrinews.com\/suscripcion\/wp-json\/wp\/v2\/pages"}],"about":[{"href":"https:\/\/grupoagrinews.com\/suscripcion\/wp-json\/wp\/v2\/types\/page"}],"author":[{"embeddable":true,"href":"https:\/\/grupoagrinews.com\/suscripcion\/wp-json\/wp\/v2\/users\/1"}],"replies":[{"embeddable":true,"href":"https:\/\/grupoagrinews.com\/suscripcion\/wp-json\/wp\/v2\/comments?post=777"}],"version-history":[{"count":0,"href":"https:\/\/grupoagrinews.com\/suscripcion\/wp-json\/wp\/v2\/pages\/777\/revisions"}],"wp:attachment":[{"href":"https:\/\/grupoagrinews.com\/suscripcion\/wp-json\/wp\/v2\/media?parent=777"}],"curies":[{"name":"wp","href":"https:\/\/api.w.org\/{rel}","templated":true}]}}