{"id":381,"date":"2017-12-21T11:35:55","date_gmt":"2017-12-21T11:35:55","guid":{"rendered":"https:\/\/grupoagrinews.com\/suscripcion\/?post_type=product&#038;p=381"},"modified":"2023-03-19T13:31:49","modified_gmt":"2023-03-19T13:31:49","slug":"porciforum-2018","status":"publish","type":"product","link":"https:\/\/grupoagrinews.com\/suscripcion\/producto\/porciforum-2018\/","title":{"rendered":"porciForum 2018"},"content":{"rendered":"<p><img loading=\"lazy\" decoding=\"async\" class=\"alignnone wp-image-160\" style=\"float: left;\" src=\"https:\/\/grupoagrinews.com\/suscripcion\/wp-content\/uploads\/2017\/04\/icon_formaPago3.png\" alt=\"transferencia bancaria\" width=\"60\" height=\"60\" \/> <img loading=\"lazy\" decoding=\"async\" class=\"alignnone wp-image-161\" style=\"float: left;\" src=\"https:\/\/grupoagrinews.com\/suscripcion\/wp-content\/uploads\/2017\/04\/100-83.jpeg\" alt=\"paypal\" width=\"60\" height=\"60\" \/> <img loading=\"lazy\" decoding=\"async\" class=\"alignnone wp-image-162\" style=\"float: left;\" src=\"https:\/\/grupoagrinews.com\/suscripcion\/wp-content\/uploads\/2017\/04\/visa_mc.png\" alt=\"visa-mastercard\" width=\"60\" height=\"60\" \/><\/p>\n<h4><\/h4>\n<h4><\/h4>\n<h4><\/h4>\n<p>&nbsp;<\/p>\n<h4><span style=\"color: #993366;\"><strong>\u00a1Inscripci\u00f3n con descuento hasta el 5 de febrero!\u00a0<\/strong><\/span><\/h4>\n<table style=\"width: 100%; border: 0px;\">\n<tbody>\n<tr style=\"width: 50%;\">\n<td>Precio <strong>hasta 5 febrero<\/strong><\/td>\n<td>Precio <strong>despu\u00e9s 5 febrero<\/strong><\/td>\n<\/tr>\n<tr style=\"width: 50%;\">\n<td>1 d\u00eda <span style=\"color: #ff0000;\">90\u20ac<\/span><\/td>\n<td>1 d\u00eda <span style=\"color: #ff0000;\">180\u20ac<\/span><\/td>\n<\/tr>\n<tr>\n<td>3 d\u00edas <span style=\"color: #ff0000;\">220\u20ac<\/span><\/td>\n<td>3 d\u00edas <span style=\"color: #ff0000;\">420\u20ac<\/span><\/td>\n<\/tr>\n<tr>\n<td>porciFORUM &amp; nutriFORUM\u00a0<span style=\"color: #ff0000;\">260\u20ac<\/span><\/td>\n<td>porciFORUM &amp; nutriFORUM\u00a0\u00a0<span style=\"color: #ff0000;\">520\u20ac<\/span><\/td>\n<\/tr>\n<\/tbody>\n<\/table>\n<div id=\"accordion-1\" class=\"accordion no-js\"><\/p>\n<p>\n\t\t\t\t\t<h3 role=\"button\" id=\"accordion-1-t1\" class=\"accordion-title js-accordion-controller\" aria-controls=\"accordion-1-c1\" aria-expanded=\"false\" tabindex=\"0\">\n\t\t\t\t\u00bfQu\u00e9 incluye mi inscripci\u00f3n?\t\t\t<\/h3>\n\t\t\n\t\t<div id=\"accordion-1-c1\" class=\"accordion-content\" aria-hidden=\"true\">\n\t\t\t<\/p>\n<p><span style=\"font-weight: 400;\">La inscripci\u00f3n al porciFORUM incluye lo siguiente:<\/span><\/p>\n<ul>\n<li style=\"font-weight: 400;\"><span style=\"font-weight: 400;\">Acceso a todas las actividades del programa cient\u00edfico: conferencias, mesa redonda, debates, talleres, etc. <\/span><\/li>\n<\/ul>\n<ul>\n<li style=\"font-weight: 400;\"><span style=\"font-weight: 400;\">Acceso a todas las actividades del programa social: degustaci\u00f3n de productos, espect\u00e1culos, etc. <\/span><\/li>\n<\/ul>\n<ul>\n<li style=\"font-weight: 400;\"><span style=\"font-weight: 400;\">Cartera con toda la documentaci\u00f3n del evento: Carpeta, material de trabajo, bol\u00edgrafos, conference proceedings, etc.<\/span><\/li>\n<\/ul>\n<ul>\n<li style=\"font-weight: 400;\"><span style=\"font-weight: 400;\">Certificado de asistencia a las jornadas <\/span><\/li>\n<\/ul>\n<ul>\n<li style=\"font-weight: 400;\">Caf\u00e9s de coffee breaks y comida de trabajo en inscripci\u00f3n del jueves 1 de marzo. C\u00f3ctel incluido en inscripci\u00f3n del mi\u00e9rcoles 28 de febrero. No incluye cena del jueves 1 de marzo.<\/li>\n<\/ul>\n<p>\t\t<\/div>\n\n\t\t<br \/>\n\n\t\t\t\t\t<h3 role=\"button\" id=\"accordion-1-t2\" class=\"accordion-title js-accordion-controller\" aria-controls=\"accordion-1-c2\" aria-expanded=\"false\" tabindex=\"0\" data-initialstate=\"closed\">\n\t\t\t\t\u00bfQu\u00e9 debo hacer para inscribirme?\t\t\t<\/h3>\n\t\t\n\t\t<div id=\"accordion-1-c2\" class=\"accordion-content\" aria-hidden=\"true\">\n\t\t\t<br \/>\n<span style=\"font-weight: 400;\">Para garantizar tu plaza en el solicitado evento, aplicando el descuento \u201camigos del porciFORUM\u201d los participantes tendr\u00e1n que rellenar un formulario, indicando sus datos personales y la modalidad de inscripci\u00f3n y hacerlo llegar a la organizaci\u00f3n antes del 5 de febrero. Asimismo, debes adjuntar el justificante de pago a toda la documentaci\u00f3n. <\/span><\/p>\n<p><span style=\"font-weight: 400;\">Si realizas la inscripci\u00f3n despu\u00e9s del 5 de febrero, debes cumplir las premisas anteriores, pero no podr\u00e1s disfrutar del descuento \u201camigos del\u00a0porciFORUM\u201d<\/span><\/p>\n<p>\t\t<\/div>\n\n\t\t<\/p>\n<p>\n\t\t\t\t\t<h3 role=\"button\" id=\"accordion-1-t3\" class=\"accordion-title js-accordion-controller\" aria-controls=\"accordion-1-c3\" aria-expanded=\"false\" tabindex=\"0\" data-initialstate=\"closed\">\n\t\t\t\t\u00bfC\u00f3mo puedo gestionar el pago de la inscripci\u00f3n?\t\t\t<\/h3>\n\t\t\n\t\t<div id=\"accordion-1-c3\" class=\"accordion-content\" aria-hidden=\"true\">\n\t\t\t<\/p>\n<p><span style=\"font-weight: 400;\">Para realizar el pago de la inscripci\u00f3n, puedes optar por varias formas:<\/span><\/p>\n<p><span style=\"font-weight: 400;\">1.- Por medio de una transferencia bancaria o ingreso en efectivo a la siguiente cuenta:<\/span><\/p>\n<p>Entidad: Banco Sabadell<\/p>\n<p>IBAN: ES44 0081 0321 5500 0145 9853<\/p>\n<p>SWIFT: BSABESBB<\/p>\n<p><span style=\"font-weight: 400;\">En ella, debes indicar la referencia de inscripci\u00f3n (porciFORUM), nombre, apellidos y d\u00edas de asistencia. <\/span><\/p>\n<p><span style=\"font-weight: 400;\">Posteriormente, debes enviar el formulario cumplimentado con el comprobante de la transferencia a <\/span><a href=\"mailto:info@agrinews.es\"><span style=\"font-weight: 400;\">info@agrinews.es<\/span><\/a><\/p>\n<p>&nbsp;<\/p>\n<p><span style=\"font-weight: 400;\">2.- Por medio de un PAGO ONLINE Visa\/Paypal<\/span><\/p>\n<p><span style=\"font-weight: 400;\">A trav\u00e9s del siguiente enlace podr\u00e1s realizar el pago online para asistir al evento. <\/span><\/p>\n<p><span style=\"font-weight: 400;\">En \u00e9l, debes indicar la referencia de inscripci\u00f3n (porciFORUM), nombre, apellidos y d\u00edas de asistencia. <\/span><\/p>\n<p><span style=\"font-weight: 400;\">Posteriormente, debes enviar el formulario cumplimentado con el comprobante de pago online a <\/span><a href=\"mailto:info@agrinews.es\"><span style=\"font-weight: 400;\">info@agrinews.es<\/span><\/a><\/p>\n<p>\t\t<\/div>\n\n\t\t<\/p>\n<p>\n\t\t\t\t\t<h3 role=\"button\" id=\"accordion-1-t4\" class=\"accordion-title js-accordion-controller\" aria-controls=\"accordion-1-c4\" aria-expanded=\"false\" tabindex=\"0\" data-initialstate=\"closed\">\n\t\t\t\t\u00bfTienes alguna duda? \t\t\t<\/h3>\n\t\t\n\t\t<div id=\"accordion-1-c4\" class=\"accordion-content\" aria-hidden=\"true\">\n\t\t\t<\/p>\n<p><span style=\"font-weight: 400;\">Ponte en contacto con nosotros <\/span><a href=\"mailto:secretaria@grupoagrinews.com\"><span style=\"font-weight: 400;\">secretaria<\/span><span style=\"font-weight: 400;\">@grupoagrinews.com<\/span><\/a><span style=\"font-weight: 400;\">\u00a0<\/span><\/p>\n<p>\t\t<\/div>\n\n\t\t<\/p>\n<p><\/div>\n<p>&nbsp;<\/p>\n<p><a href=\"http:\/\/avitour.es\/2017\/#programa\">Ver el programa<\/a><\/p>\n<p>&nbsp;<\/p>\n<div id=\"accordion-2\" class=\"accordion no-js\">\n\t\t\t\t\t<h3 role=\"button\" id=\"accordion-2-t1\" class=\"accordion-title js-accordion-controller\" aria-controls=\"accordion-2-c1\" aria-expanded=\"false\" tabindex=\"0\">\n\t\t\t\tCondiciones de compra\t\t\t<\/h3>\n\t\t\n\t\t<div id=\"accordion-2-c1\" class=\"accordion-content\" aria-hidden=\"true\">\n\t\t\t<\/p>\n<p><a href=\"https:\/\/grupoagrinews.com\/suscripcion\/condiciones-generales-contratacion\/\">Condiciones Generales de Contrataci\u00f3n<\/a><\/p>\n<p><span class=\"gamma widget-title\">Direcci\u00f3n Postal<\/span><\/p>\n<div class=\"textwidget custom-html-widget\">Grupo de Comunicaci\u00f3n Agrinews SL<br \/>\nCam\u00ed Ral, 495, 2\u00ba2\u00ba 08301<br \/>\nMATAR\u00d3(Barcelona) &#8211; Espa\u00f1a<br \/>\nTel\u00e9fono: +34931154415<br \/>\nEmail: info@agrinews.es<\/div>\n<p>\t\t<\/div>\n\n\t\t<\/div>\n<p>&nbsp;<\/p>\n","protected":false},"excerpt":{"rendered":"<p><a href=\"https:\/\/porciforum.org\/2018\/\" target=\"_blank\" rel=\"noopener\">Web del evento<\/a><\/p>\n","protected":false},"featured_media":424,"template":"","meta":[],"product_cat":[22,32],"product_tag":[33],"yoast_head":"<!-- This site is optimized with the Yoast SEO plugin v23.0 - https:\/\/yoast.com\/wordpress\/plugins\/seo\/ -->\n<title>porciForum 2018 - Suscripciones grupo agriNews<\/title>\n<meta name=\"robots\" content=\"index, follow, max-snippet:-1, max-image-preview:large, max-video-preview:-1\" \/>\n<link rel=\"canonical\" href=\"https:\/\/grupoagrinews.com\/suscripcion\/producto\/porciforum-2018\/\" \/>\n<meta property=\"og:locale\" content=\"es_ES\" \/>\n<meta property=\"og:type\" content=\"article\" \/>\n<meta property=\"og:title\" content=\"porciForum 2018 - Suscripciones grupo agriNews\" \/>\n<meta property=\"og:description\" content=\"Web del evento\" \/>\n<meta property=\"og:url\" content=\"https:\/\/grupoagrinews.com\/suscripcion\/producto\/porciforum-2018\/\" \/>\n<meta property=\"og:site_name\" content=\"Suscripciones grupo agriNews\" \/>\n<meta property=\"article:publisher\" content=\"https:\/\/www.facebook.com\/grupo.agrinews\" \/>\n<meta property=\"article:modified_time\" content=\"2023-03-19T13:31:49+00:00\" \/>\n<meta property=\"og:image\" content=\"https:\/\/grupoagrinews.com\/suscripcion\/wp-content\/uploads\/2017\/12\/porciforum300x300.png\" \/>\n\t<meta property=\"og:image:width\" content=\"300\" \/>\n\t<meta property=\"og:image:height\" content=\"300\" \/>\n\t<meta property=\"og:image:type\" content=\"image\/png\" \/>\n<meta name=\"twitter:card\" content=\"summary_large_image\" \/>\n<meta name=\"twitter:site\" content=\"@grupo_agrinews\" \/>\n<meta name=\"twitter:label1\" content=\"Tiempo de lectura\" \/>\n\t<meta name=\"twitter:data1\" content=\"3 minutos\" \/>\n<script type=\"application\/ld+json\" class=\"yoast-schema-graph\">{\"@context\":\"https:\/\/schema.org\",\"@graph\":[{\"@type\":\"WebPage\",\"@id\":\"https:\/\/grupoagrinews.com\/suscripcion\/producto\/porciforum-2018\/\",\"url\":\"https:\/\/grupoagrinews.com\/suscripcion\/producto\/porciforum-2018\/\",\"name\":\"porciForum 2018 - Suscripciones grupo agriNews\",\"isPartOf\":{\"@id\":\"https:\/\/grupoagrinews.com\/suscripcion\/#website\"},\"primaryImageOfPage\":{\"@id\":\"https:\/\/grupoagrinews.com\/suscripcion\/producto\/porciforum-2018\/#primaryimage\"},\"image\":{\"@id\":\"https:\/\/grupoagrinews.com\/suscripcion\/producto\/porciforum-2018\/#primaryimage\"},\"thumbnailUrl\":\"https:\/\/grupoagrinews.com\/suscripcion\/wp-content\/uploads\/2017\/12\/porciforum300x300.png\",\"datePublished\":\"2017-12-21T11:35:55+00:00\",\"dateModified\":\"2023-03-19T13:31:49+00:00\",\"breadcrumb\":{\"@id\":\"https:\/\/grupoagrinews.com\/suscripcion\/producto\/porciforum-2018\/#breadcrumb\"},\"inLanguage\":\"es\",\"potentialAction\":[{\"@type\":\"ReadAction\",\"target\":[\"https:\/\/grupoagrinews.com\/suscripcion\/producto\/porciforum-2018\/\"]}]},{\"@type\":\"ImageObject\",\"inLanguage\":\"es\",\"@id\":\"https:\/\/grupoagrinews.com\/suscripcion\/producto\/porciforum-2018\/#primaryimage\",\"url\":\"https:\/\/grupoagrinews.com\/suscripcion\/wp-content\/uploads\/2017\/12\/porciforum300x300.png\",\"contentUrl\":\"https:\/\/grupoagrinews.com\/suscripcion\/wp-content\/uploads\/2017\/12\/porciforum300x300.png\",\"width\":300,\"height\":300},{\"@type\":\"BreadcrumbList\",\"@id\":\"https:\/\/grupoagrinews.com\/suscripcion\/producto\/porciforum-2018\/#breadcrumb\",\"itemListElement\":[{\"@type\":\"ListItem\",\"position\":1,\"name\":\"Portada\",\"item\":\"https:\/\/grupoagrinews.com\/suscripcion\/\"},{\"@type\":\"ListItem\",\"position\":2,\"name\":\"Suscripciones\",\"item\":\"https:\/\/grupoagrinews.com\/suscripcion\/\"},{\"@type\":\"ListItem\",\"position\":3,\"name\":\"porciForum 2018\"}]},{\"@type\":\"WebSite\",\"@id\":\"https:\/\/grupoagrinews.com\/suscripcion\/#website\",\"url\":\"https:\/\/grupoagrinews.com\/suscripcion\/\",\"name\":\"Suscripciones grupo agriNews\",\"description\":\"Nuestra revista y eventos al alcance de todos\",\"publisher\":{\"@id\":\"https:\/\/grupoagrinews.com\/suscripcion\/#organization\"},\"potentialAction\":[{\"@type\":\"SearchAction\",\"target\":{\"@type\":\"EntryPoint\",\"urlTemplate\":\"https:\/\/grupoagrinews.com\/suscripcion\/?s={search_term_string}\"},\"query-input\":\"required name=search_term_string\"}],\"inLanguage\":\"es\"},{\"@type\":\"Organization\",\"@id\":\"https:\/\/grupoagrinews.com\/suscripcion\/#organization\",\"name\":\"Grupo comunicaci\u00f3n agriNews SL\",\"url\":\"https:\/\/grupoagrinews.com\/suscripcion\/\",\"logo\":{\"@type\":\"ImageObject\",\"inLanguage\":\"es\",\"@id\":\"https:\/\/grupoagrinews.com\/suscripcion\/#\/schema\/logo\/image\/\",\"url\":\"https:\/\/grupoagrinews.com\/suscripcion\/wp-content\/uploads\/2017\/02\/cropped-logo-agrinews.png\",\"contentUrl\":\"https:\/\/grupoagrinews.com\/suscripcion\/wp-content\/uploads\/2017\/02\/cropped-logo-agrinews.png\",\"width\":278,\"height\":110,\"caption\":\"Grupo comunicaci\u00f3n agriNews SL\"},\"image\":{\"@id\":\"https:\/\/grupoagrinews.com\/suscripcion\/#\/schema\/logo\/image\/\"},\"sameAs\":[\"https:\/\/www.facebook.com\/grupo.agrinews\",\"https:\/\/x.com\/grupo_agrinews\",\"https:\/\/www.instagram.com\/grupo_agrinews\/?hl=es\",\"https:\/\/www.linkedin.com\/company\/grupo-de-comunicaci\u00f3n-agrinews-s-l-\"]}]}<\/script>\n<!-- \/ Yoast SEO plugin. -->","yoast_head_json":{"title":"porciForum 2018 - Suscripciones grupo agriNews","robots":{"index":"index","follow":"follow","max-snippet":"max-snippet:-1","max-image-preview":"max-image-preview:large","max-video-preview":"max-video-preview:-1"},"canonical":"https:\/\/grupoagrinews.com\/suscripcion\/producto\/porciforum-2018\/","og_locale":"es_ES","og_type":"article","og_title":"porciForum 2018 - Suscripciones grupo agriNews","og_description":"Web del evento","og_url":"https:\/\/grupoagrinews.com\/suscripcion\/producto\/porciforum-2018\/","og_site_name":"Suscripciones grupo agriNews","article_publisher":"https:\/\/www.facebook.com\/grupo.agrinews","article_modified_time":"2023-03-19T13:31:49+00:00","og_image":[{"width":300,"height":300,"url":"https:\/\/grupoagrinews.com\/suscripcion\/wp-content\/uploads\/2017\/12\/porciforum300x300.png","type":"image\/png"}],"twitter_card":"summary_large_image","twitter_site":"@grupo_agrinews","twitter_misc":{"Tiempo de lectura":"3 minutos"},"schema":{"@context":"https:\/\/schema.org","@graph":[{"@type":"WebPage","@id":"https:\/\/grupoagrinews.com\/suscripcion\/producto\/porciforum-2018\/","url":"https:\/\/grupoagrinews.com\/suscripcion\/producto\/porciforum-2018\/","name":"porciForum 2018 - Suscripciones grupo agriNews","isPartOf":{"@id":"https:\/\/grupoagrinews.com\/suscripcion\/#website"},"primaryImageOfPage":{"@id":"https:\/\/grupoagrinews.com\/suscripcion\/producto\/porciforum-2018\/#primaryimage"},"image":{"@id":"https:\/\/grupoagrinews.com\/suscripcion\/producto\/porciforum-2018\/#primaryimage"},"thumbnailUrl":"https:\/\/grupoagrinews.com\/suscripcion\/wp-content\/uploads\/2017\/12\/porciforum300x300.png","datePublished":"2017-12-21T11:35:55+00:00","dateModified":"2023-03-19T13:31:49+00:00","breadcrumb":{"@id":"https:\/\/grupoagrinews.com\/suscripcion\/producto\/porciforum-2018\/#breadcrumb"},"inLanguage":"es","potentialAction":[{"@type":"ReadAction","target":["https:\/\/grupoagrinews.com\/suscripcion\/producto\/porciforum-2018\/"]}]},{"@type":"ImageObject","inLanguage":"es","@id":"https:\/\/grupoagrinews.com\/suscripcion\/producto\/porciforum-2018\/#primaryimage","url":"https:\/\/grupoagrinews.com\/suscripcion\/wp-content\/uploads\/2017\/12\/porciforum300x300.png","contentUrl":"https:\/\/grupoagrinews.com\/suscripcion\/wp-content\/uploads\/2017\/12\/porciforum300x300.png","width":300,"height":300},{"@type":"BreadcrumbList","@id":"https:\/\/grupoagrinews.com\/suscripcion\/producto\/porciforum-2018\/#breadcrumb","itemListElement":[{"@type":"ListItem","position":1,"name":"Portada","item":"https:\/\/grupoagrinews.com\/suscripcion\/"},{"@type":"ListItem","position":2,"name":"Suscripciones","item":"https:\/\/grupoagrinews.com\/suscripcion\/"},{"@type":"ListItem","position":3,"name":"porciForum 2018"}]},{"@type":"WebSite","@id":"https:\/\/grupoagrinews.com\/suscripcion\/#website","url":"https:\/\/grupoagrinews.com\/suscripcion\/","name":"Suscripciones grupo agriNews","description":"Nuestra revista y eventos al alcance de todos","publisher":{"@id":"https:\/\/grupoagrinews.com\/suscripcion\/#organization"},"potentialAction":[{"@type":"SearchAction","target":{"@type":"EntryPoint","urlTemplate":"https:\/\/grupoagrinews.com\/suscripcion\/?s={search_term_string}"},"query-input":"required name=search_term_string"}],"inLanguage":"es"},{"@type":"Organization","@id":"https:\/\/grupoagrinews.com\/suscripcion\/#organization","name":"Grupo comunicaci\u00f3n agriNews SL","url":"https:\/\/grupoagrinews.com\/suscripcion\/","logo":{"@type":"ImageObject","inLanguage":"es","@id":"https:\/\/grupoagrinews.com\/suscripcion\/#\/schema\/logo\/image\/","url":"https:\/\/grupoagrinews.com\/suscripcion\/wp-content\/uploads\/2017\/02\/cropped-logo-agrinews.png","contentUrl":"https:\/\/grupoagrinews.com\/suscripcion\/wp-content\/uploads\/2017\/02\/cropped-logo-agrinews.png","width":278,"height":110,"caption":"Grupo comunicaci\u00f3n agriNews SL"},"image":{"@id":"https:\/\/grupoagrinews.com\/suscripcion\/#\/schema\/logo\/image\/"},"sameAs":["https:\/\/www.facebook.com\/grupo.agrinews","https:\/\/x.com\/grupo_agrinews","https:\/\/www.instagram.com\/grupo_agrinews\/?hl=es","https:\/\/www.linkedin.com\/company\/grupo-de-comunicaci\u00f3n-agrinews-s-l-"]}]}},"_links":{"self":[{"href":"https:\/\/grupoagrinews.com\/suscripcion\/wp-json\/wp\/v2\/product\/381"}],"collection":[{"href":"https:\/\/grupoagrinews.com\/suscripcion\/wp-json\/wp\/v2\/product"}],"about":[{"href":"https:\/\/grupoagrinews.com\/suscripcion\/wp-json\/wp\/v2\/types\/product"}],"wp:featuredmedia":[{"embeddable":true,"href":"https:\/\/grupoagrinews.com\/suscripcion\/wp-json\/wp\/v2\/media\/424"}],"wp:attachment":[{"href":"https:\/\/grupoagrinews.com\/suscripcion\/wp-json\/wp\/v2\/media?parent=381"}],"wp:term":[{"taxonomy":"product_cat","embeddable":true,"href":"https:\/\/grupoagrinews.com\/suscripcion\/wp-json\/wp\/v2\/product_cat?post=381"},{"taxonomy":"product_tag","embeddable":true,"href":"https:\/\/grupoagrinews.com\/suscripcion\/wp-json\/wp\/v2\/product_tag?post=381"}],"curies":[{"name":"wp","href":"https:\/\/api.w.org\/{rel}","templated":true}]}}