{"id":879,"date":"2019-04-24T08:40:05","date_gmt":"2019-04-24T08:40:05","guid":{"rendered":"https:\/\/grupoagrinews.com\/suscripcion\/?post_type=product&#038;p=879"},"modified":"2023-03-19T13:32:10","modified_gmt":"2023-03-19T13:32:10","slug":"revista-selecciones-avicolas","status":"publish","type":"product","link":"https:\/\/grupoagrinews.com\/suscripcion\/producto\/revista-selecciones-avicolas\/","title":{"rendered":"Revista SELECCIONES AV\u00cdCOLAS"},"content":{"rendered":"<p><strong>Ed. REAL ESCUELA DE AVICULTURA<\/strong><\/p>\n<p>SELECCIONES AVICOLAS\u00a0(SA), es la revista av\u00edcola en espa\u00f1ol le\u00edda en m\u00e1s pa\u00edses. Publicada interrumpidamente desde 1959, informa cada mes sobre todo lo que afecta a los profesionales del sector av\u00edcola.\u00a0Sus diversas secciones son ampliamente consultadas por todos aquellos que entienden la producci\u00f3n de carne de ave y de huevos como un negocio que debe ejercerse con la m\u00e1xima profesionalidad y rigor.<\/p>\n<p>Con voluntad de divulgar siempre los \u00faltimos avances t\u00e9cnicos, las novedades legislativas o las tendencias del mercado, SA ha mantenido siempre un estricto rigor informativo ampliamente valorado por sus miles de lectores de Espa\u00f1a, Portugal y Latinoam\u00e9rica.<\/p>\n<p>Algunos de los temas habituales tratados son: Alimentaci\u00f3n, Manejo, Patolog\u00eda, Instalaciones, Reproducci\u00f3n e Incubaci\u00f3n, etc.<\/p>\n<p>Esto se complementa con Noticias del sector, Reportajes de granjas, Legislaci\u00f3n (Espa\u00f1ola, Europea e Internacional), Calendario de Eventos, comentarios de Ferias, Congresos y eventos varios a los que asistimos, etc.<\/p>\n<p>El inter\u00e9s y su imparcialidad en los temas tratados en cada n\u00famero de SA viene garantizado por la amplia experiencia en formaci\u00f3n y divulgaci\u00f3n de la empresa editora, la Real Escuela de Avicultura.<\/p>\n<p>A su vez\u00a0SELECCIONES AVICOLAS\u00a0posee en cada revista una serie de secciones fijas, de car\u00e1cter m\u00e1s divulgativo, entre las que destacamos:<\/p>\n<p>Informaci\u00f3n sobre Congresos y Exposiciones a nivel nacional y mundial<br \/>\nNoticias varias<br \/>\nLegislaci\u00f3n Comunitaria y Espa\u00f1ola<br \/>\nEvoluci\u00f3n de los mercados av\u00edcolas<\/p>\n<p>&#8211;&gt; Renovaci\u00f3n autom\u00e1tica anual.<\/p>\n","protected":false},"excerpt":{"rendered":"<p>Ed. REAL ESCUELA DE AVICULTURA SELECCIONES AVICOLAS\u00a0(SA), es la revista av\u00edcola en espa\u00f1ol le\u00edda en m\u00e1s pa\u00edses. Publicada interrumpidamente desde 1959, informa cada mes sobre todo lo que afecta a los profesionales del sector av\u00edcola.\u00a0Sus diversas secciones son ampliamente consultadas por todos aquellos que entienden la producci\u00f3n de carne de ave y de huevos como [&hellip;]<\/p>\n","protected":false},"featured_media":882,"template":"","meta":[],"product_cat":[42],"product_tag":[],"yoast_head":"<!-- This site is optimized with the Yoast SEO plugin v23.0 - https:\/\/yoast.com\/wordpress\/plugins\/seo\/ -->\n<title>Revista SELECCIONES AV\u00cdCOLAS - Suscripciones grupo agriNews<\/title>\n<meta name=\"robots\" content=\"index, follow, max-snippet:-1, max-image-preview:large, max-video-preview:-1\" \/>\n<link rel=\"canonical\" href=\"https:\/\/grupoagrinews.com\/suscripcion\/producto\/revista-selecciones-avicolas\/\" \/>\n<meta property=\"og:locale\" content=\"es_ES\" \/>\n<meta property=\"og:type\" content=\"article\" \/>\n<meta property=\"og:title\" content=\"Revista SELECCIONES AV\u00cdCOLAS - Suscripciones grupo agriNews\" \/>\n<meta property=\"og:description\" content=\"Ed. REAL ESCUELA DE AVICULTURA SELECCIONES AVICOLAS\u00a0(SA), es la revista av\u00edcola en espa\u00f1ol le\u00edda en m\u00e1s pa\u00edses. Publicada interrumpidamente desde 1959, informa cada mes sobre todo lo que afecta a los profesionales del sector av\u00edcola.\u00a0Sus diversas secciones son ampliamente consultadas por todos aquellos que entienden la producci\u00f3n de carne de ave y de huevos como [&hellip;]\" \/>\n<meta property=\"og:url\" content=\"https:\/\/grupoagrinews.com\/suscripcion\/producto\/revista-selecciones-avicolas\/\" \/>\n<meta property=\"og:site_name\" content=\"Suscripciones grupo agriNews\" \/>\n<meta property=\"article:publisher\" content=\"https:\/\/www.facebook.com\/grupo.agrinews\" \/>\n<meta property=\"article:modified_time\" content=\"2023-03-19T13:32:10+00:00\" \/>\n<meta property=\"og:image\" content=\"https:\/\/grupoagrinews.com\/suscripcion\/wp-content\/uploads\/2019\/04\/selecciones-avicolas-1-ano-espana.jpg\" \/>\n\t<meta property=\"og:image:width\" content=\"458\" \/>\n\t<meta property=\"og:image:height\" content=\"458\" \/>\n\t<meta property=\"og:image:type\" content=\"image\/jpeg\" \/>\n<meta name=\"twitter:card\" content=\"summary_large_image\" \/>\n<meta name=\"twitter:site\" content=\"@grupo_agrinews\" \/>\n<meta name=\"twitter:label1\" content=\"Tiempo de lectura\" \/>\n\t<meta name=\"twitter:data1\" content=\"2 minutos\" \/>\n<script type=\"application\/ld+json\" class=\"yoast-schema-graph\">{\"@context\":\"https:\/\/schema.org\",\"@graph\":[{\"@type\":\"WebPage\",\"@id\":\"https:\/\/grupoagrinews.com\/suscripcion\/producto\/revista-selecciones-avicolas\/\",\"url\":\"https:\/\/grupoagrinews.com\/suscripcion\/producto\/revista-selecciones-avicolas\/\",\"name\":\"Revista SELECCIONES AV\u00cdCOLAS - Suscripciones grupo agriNews\",\"isPartOf\":{\"@id\":\"https:\/\/grupoagrinews.com\/suscripcion\/#website\"},\"primaryImageOfPage\":{\"@id\":\"https:\/\/grupoagrinews.com\/suscripcion\/producto\/revista-selecciones-avicolas\/#primaryimage\"},\"image\":{\"@id\":\"https:\/\/grupoagrinews.com\/suscripcion\/producto\/revista-selecciones-avicolas\/#primaryimage\"},\"thumbnailUrl\":\"https:\/\/grupoagrinews.com\/suscripcion\/wp-content\/uploads\/2019\/04\/selecciones-avicolas-1-ano-espana.jpg\",\"datePublished\":\"2019-04-24T08:40:05+00:00\",\"dateModified\":\"2023-03-19T13:32:10+00:00\",\"breadcrumb\":{\"@id\":\"https:\/\/grupoagrinews.com\/suscripcion\/producto\/revista-selecciones-avicolas\/#breadcrumb\"},\"inLanguage\":\"es\",\"potentialAction\":[{\"@type\":\"ReadAction\",\"target\":[\"https:\/\/grupoagrinews.com\/suscripcion\/producto\/revista-selecciones-avicolas\/\"]}]},{\"@type\":\"ImageObject\",\"inLanguage\":\"es\",\"@id\":\"https:\/\/grupoagrinews.com\/suscripcion\/producto\/revista-selecciones-avicolas\/#primaryimage\",\"url\":\"https:\/\/grupoagrinews.com\/suscripcion\/wp-content\/uploads\/2019\/04\/selecciones-avicolas-1-ano-espana.jpg\",\"contentUrl\":\"https:\/\/grupoagrinews.com\/suscripcion\/wp-content\/uploads\/2019\/04\/selecciones-avicolas-1-ano-espana.jpg\",\"width\":458,\"height\":458},{\"@type\":\"BreadcrumbList\",\"@id\":\"https:\/\/grupoagrinews.com\/suscripcion\/producto\/revista-selecciones-avicolas\/#breadcrumb\",\"itemListElement\":[{\"@type\":\"ListItem\",\"position\":1,\"name\":\"Portada\",\"item\":\"https:\/\/grupoagrinews.com\/suscripcion\/\"},{\"@type\":\"ListItem\",\"position\":2,\"name\":\"Suscripciones\",\"item\":\"https:\/\/grupoagrinews.com\/suscripcion\/\"},{\"@type\":\"ListItem\",\"position\":3,\"name\":\"Revista SELECCIONES AV\u00cdCOLAS\"}]},{\"@type\":\"WebSite\",\"@id\":\"https:\/\/grupoagrinews.com\/suscripcion\/#website\",\"url\":\"https:\/\/grupoagrinews.com\/suscripcion\/\",\"name\":\"Suscripciones grupo agriNews\",\"description\":\"Nuestra revista y eventos al alcance de todos\",\"publisher\":{\"@id\":\"https:\/\/grupoagrinews.com\/suscripcion\/#organization\"},\"potentialAction\":[{\"@type\":\"SearchAction\",\"target\":{\"@type\":\"EntryPoint\",\"urlTemplate\":\"https:\/\/grupoagrinews.com\/suscripcion\/?s={search_term_string}\"},\"query-input\":\"required name=search_term_string\"}],\"inLanguage\":\"es\"},{\"@type\":\"Organization\",\"@id\":\"https:\/\/grupoagrinews.com\/suscripcion\/#organization\",\"name\":\"Grupo comunicaci\u00f3n agriNews SL\",\"url\":\"https:\/\/grupoagrinews.com\/suscripcion\/\",\"logo\":{\"@type\":\"ImageObject\",\"inLanguage\":\"es\",\"@id\":\"https:\/\/grupoagrinews.com\/suscripcion\/#\/schema\/logo\/image\/\",\"url\":\"https:\/\/grupoagrinews.com\/suscripcion\/wp-content\/uploads\/2017\/02\/cropped-logo-agrinews.png\",\"contentUrl\":\"https:\/\/grupoagrinews.com\/suscripcion\/wp-content\/uploads\/2017\/02\/cropped-logo-agrinews.png\",\"width\":278,\"height\":110,\"caption\":\"Grupo comunicaci\u00f3n agriNews SL\"},\"image\":{\"@id\":\"https:\/\/grupoagrinews.com\/suscripcion\/#\/schema\/logo\/image\/\"},\"sameAs\":[\"https:\/\/www.facebook.com\/grupo.agrinews\",\"https:\/\/x.com\/grupo_agrinews\",\"https:\/\/www.instagram.com\/grupo_agrinews\/?hl=es\",\"https:\/\/www.linkedin.com\/company\/grupo-de-comunicaci\u00f3n-agrinews-s-l-\"]}]}<\/script>\n<!-- \/ Yoast SEO plugin. -->","yoast_head_json":{"title":"Revista SELECCIONES AV\u00cdCOLAS - Suscripciones grupo agriNews","robots":{"index":"index","follow":"follow","max-snippet":"max-snippet:-1","max-image-preview":"max-image-preview:large","max-video-preview":"max-video-preview:-1"},"canonical":"https:\/\/grupoagrinews.com\/suscripcion\/producto\/revista-selecciones-avicolas\/","og_locale":"es_ES","og_type":"article","og_title":"Revista SELECCIONES AV\u00cdCOLAS - Suscripciones grupo agriNews","og_description":"Ed. REAL ESCUELA DE AVICULTURA SELECCIONES AVICOLAS\u00a0(SA), es la revista av\u00edcola en espa\u00f1ol le\u00edda en m\u00e1s pa\u00edses. Publicada interrumpidamente desde 1959, informa cada mes sobre todo lo que afecta a los profesionales del sector av\u00edcola.\u00a0Sus diversas secciones son ampliamente consultadas por todos aquellos que entienden la producci\u00f3n de carne de ave y de huevos como [&hellip;]","og_url":"https:\/\/grupoagrinews.com\/suscripcion\/producto\/revista-selecciones-avicolas\/","og_site_name":"Suscripciones grupo agriNews","article_publisher":"https:\/\/www.facebook.com\/grupo.agrinews","article_modified_time":"2023-03-19T13:32:10+00:00","og_image":[{"width":458,"height":458,"url":"https:\/\/grupoagrinews.com\/suscripcion\/wp-content\/uploads\/2019\/04\/selecciones-avicolas-1-ano-espana.jpg","type":"image\/jpeg"}],"twitter_card":"summary_large_image","twitter_site":"@grupo_agrinews","twitter_misc":{"Tiempo de lectura":"2 minutos"},"schema":{"@context":"https:\/\/schema.org","@graph":[{"@type":"WebPage","@id":"https:\/\/grupoagrinews.com\/suscripcion\/producto\/revista-selecciones-avicolas\/","url":"https:\/\/grupoagrinews.com\/suscripcion\/producto\/revista-selecciones-avicolas\/","name":"Revista SELECCIONES AV\u00cdCOLAS - Suscripciones grupo agriNews","isPartOf":{"@id":"https:\/\/grupoagrinews.com\/suscripcion\/#website"},"primaryImageOfPage":{"@id":"https:\/\/grupoagrinews.com\/suscripcion\/producto\/revista-selecciones-avicolas\/#primaryimage"},"image":{"@id":"https:\/\/grupoagrinews.com\/suscripcion\/producto\/revista-selecciones-avicolas\/#primaryimage"},"thumbnailUrl":"https:\/\/grupoagrinews.com\/suscripcion\/wp-content\/uploads\/2019\/04\/selecciones-avicolas-1-ano-espana.jpg","datePublished":"2019-04-24T08:40:05+00:00","dateModified":"2023-03-19T13:32:10+00:00","breadcrumb":{"@id":"https:\/\/grupoagrinews.com\/suscripcion\/producto\/revista-selecciones-avicolas\/#breadcrumb"},"inLanguage":"es","potentialAction":[{"@type":"ReadAction","target":["https:\/\/grupoagrinews.com\/suscripcion\/producto\/revista-selecciones-avicolas\/"]}]},{"@type":"ImageObject","inLanguage":"es","@id":"https:\/\/grupoagrinews.com\/suscripcion\/producto\/revista-selecciones-avicolas\/#primaryimage","url":"https:\/\/grupoagrinews.com\/suscripcion\/wp-content\/uploads\/2019\/04\/selecciones-avicolas-1-ano-espana.jpg","contentUrl":"https:\/\/grupoagrinews.com\/suscripcion\/wp-content\/uploads\/2019\/04\/selecciones-avicolas-1-ano-espana.jpg","width":458,"height":458},{"@type":"BreadcrumbList","@id":"https:\/\/grupoagrinews.com\/suscripcion\/producto\/revista-selecciones-avicolas\/#breadcrumb","itemListElement":[{"@type":"ListItem","position":1,"name":"Portada","item":"https:\/\/grupoagrinews.com\/suscripcion\/"},{"@type":"ListItem","position":2,"name":"Suscripciones","item":"https:\/\/grupoagrinews.com\/suscripcion\/"},{"@type":"ListItem","position":3,"name":"Revista SELECCIONES AV\u00cdCOLAS"}]},{"@type":"WebSite","@id":"https:\/\/grupoagrinews.com\/suscripcion\/#website","url":"https:\/\/grupoagrinews.com\/suscripcion\/","name":"Suscripciones grupo agriNews","description":"Nuestra revista y eventos al alcance de todos","publisher":{"@id":"https:\/\/grupoagrinews.com\/suscripcion\/#organization"},"potentialAction":[{"@type":"SearchAction","target":{"@type":"EntryPoint","urlTemplate":"https:\/\/grupoagrinews.com\/suscripcion\/?s={search_term_string}"},"query-input":"required name=search_term_string"}],"inLanguage":"es"},{"@type":"Organization","@id":"https:\/\/grupoagrinews.com\/suscripcion\/#organization","name":"Grupo comunicaci\u00f3n agriNews SL","url":"https:\/\/grupoagrinews.com\/suscripcion\/","logo":{"@type":"ImageObject","inLanguage":"es","@id":"https:\/\/grupoagrinews.com\/suscripcion\/#\/schema\/logo\/image\/","url":"https:\/\/grupoagrinews.com\/suscripcion\/wp-content\/uploads\/2017\/02\/cropped-logo-agrinews.png","contentUrl":"https:\/\/grupoagrinews.com\/suscripcion\/wp-content\/uploads\/2017\/02\/cropped-logo-agrinews.png","width":278,"height":110,"caption":"Grupo comunicaci\u00f3n agriNews SL"},"image":{"@id":"https:\/\/grupoagrinews.com\/suscripcion\/#\/schema\/logo\/image\/"},"sameAs":["https:\/\/www.facebook.com\/grupo.agrinews","https:\/\/x.com\/grupo_agrinews","https:\/\/www.instagram.com\/grupo_agrinews\/?hl=es","https:\/\/www.linkedin.com\/company\/grupo-de-comunicaci\u00f3n-agrinews-s-l-"]}]}},"_links":{"self":[{"href":"https:\/\/grupoagrinews.com\/suscripcion\/wp-json\/wp\/v2\/product\/879"}],"collection":[{"href":"https:\/\/grupoagrinews.com\/suscripcion\/wp-json\/wp\/v2\/product"}],"about":[{"href":"https:\/\/grupoagrinews.com\/suscripcion\/wp-json\/wp\/v2\/types\/product"}],"wp:featuredmedia":[{"embeddable":true,"href":"https:\/\/grupoagrinews.com\/suscripcion\/wp-json\/wp\/v2\/media\/882"}],"wp:attachment":[{"href":"https:\/\/grupoagrinews.com\/suscripcion\/wp-json\/wp\/v2\/media?parent=879"}],"wp:term":[{"taxonomy":"product_cat","embeddable":true,"href":"https:\/\/grupoagrinews.com\/suscripcion\/wp-json\/wp\/v2\/product_cat?post=879"},{"taxonomy":"product_tag","embeddable":true,"href":"https:\/\/grupoagrinews.com\/suscripcion\/wp-json\/wp\/v2\/product_tag?post=879"}],"curies":[{"name":"wp","href":"https:\/\/api.w.org\/{rel}","templated":true}]}}