{"id":468,"date":"2018-03-15T12:20:47","date_gmt":"2018-03-15T12:20:47","guid":{"rendered":"https:\/\/grupoagrinews.com\/suscripciondolar\/?page_id=468"},"modified":"2018-03-15T12:22:25","modified_gmt":"2018-03-15T12:22:25","slug":"condiciones-generales-de-contratacion","status":"publish","type":"page","link":"https:\/\/grupoagrinews.com\/suscripciondolar\/condiciones-generales-de-contratacion\/?lang=pt-br","title":{"rendered":"Condi\u00e7\u00f5es gerais de contrata\u00e7\u00e3o"},"content":{"rendered":"<p>Nossos produtos<\/p>\n<p>Nossos produtos s\u00e3o, principalmente, assinaturas de nossas revistas, editadas por Grupo de Comunica\u00e7\u00e3o Agrinews SL. e oferecidas em formato papel.<\/p>\n<p>Como comprar<\/p>\n<p>O processo de compra \u00e9 standard em lojas online e segue os seguintes passos:<br \/>\nO usu\u00e1rio seleciona os artigos que deseja comprar entrando na ficha de produto e clicando no bot\u00e3o acrescentar ao carrinho de compras.<br \/>\nO carrinho de compra mostra em todo momento os produtos selecionados, como tamb\u00e9m o seu pre\u00e7o e os gastos de envio.<br \/>\nO usu\u00e1rio clica no bot\u00e3o &lt; fazer pedido&gt; para iniciar o processo de contrata\u00e7\u00e3o.<br \/>\nTratando-se de um novo usu\u00e1rio dever\u00e1 registrar-se no site fornecendo e-mail e dados pessoais e de envio do pedido. Recibir\u00e1 um e-mail de confirma\u00e7\u00e3o que dever\u00e1 responder para confirmar o registro. Se o usu\u00e1rio j\u00e1 estiver registrado bastar\u00e1 introduzir seu e-mail e senha e o site recuperar\u00e1 os dados de pedidos anteriores, que o usu\u00e1rio poder\u00e1 modificar sempre que necess\u00e1rio.<br \/>\nO seguinte passo \u00e9 realizar o pagamento com algum dos m\u00e9todos dispon\u00edveis.<br \/>\nUma vez finalizada a compra aparecer\u00e1 na tela e tamb\u00e9m receber\u00e1 uma c\u00f3pia por e-mail de todos os dados do pedido e ficar\u00e1 arquivada em nosso servidor.<\/p>\n<p>Impostos e pre\u00e7os<\/p>\n<p>Os pre\u00e7os dos produtos que est\u00e3o \u00e0 venda em nossa loja online j\u00e1 incluem o imposto.<br \/>\nEste sistema de compra est\u00e1 sobre a legisla\u00e7\u00e3o vigente nos EUA, por tanto as opera\u00e7\u00f5es de compra estar\u00e3o realizadas<\/p>\n<p>Este sistema de compra est\u00e1 sujeito \u00e0 legisla\u00e7\u00e3o vigente nos EUA, portanto, as opera\u00e7\u00f5es de vendas ser\u00e3o entendidas como realizadas no<br \/>\nendere\u00e7o de Agrinews llc<\/p>\n<p>Os pre\u00e7os expostos poder\u00e3o ser revisados e modificados sobre determinadas condi\u00e7\u00f5es a qualquer instante.<\/p>\n<p>Devolu\u00e7\u00f5es<\/p>\n<p>O cliente tem o direito de desistir de sua compra, dentro do prazo de at\u00e9 14 dias naturais ap\u00f3s a entrega dos produtos.<br \/>\nEm caso de devolu\u00e7\u00f5es, os gastos de envio ser\u00e3o por conta do cliente, a exce\u00e7\u00e3o de produtos defeituosos ou de erro no envio, o que dever\u00e1 ser comunicado atrav\u00e9s do nosso n\u00famero de aten\u00e7\u00e3o ao cliente +34931154415 ou por e-mail info@agrinews.es, no prazo de 14 dias ap\u00f3s o recebimento da mercadoria.<\/p>\n<p>Recibida a mercadoria, e realizada a comprova\u00e7\u00e3o da mesma, se proceder\u00e1 o reembolso do valor conforme a modalidade de pago realizada pelo cliente.<\/p>\n<p>Para realizar a devolu\u00e7\u00e3o, comunicar atrav\u00e9s do e-mail info@agrinews.es ou pelo nosso n\u00famero de aten\u00e7\u00e3o ao cliente +34931154415 e envie seu pedido ao seguinte endere\u00e7o: Agrinews llc. 145sw 13th sr apt.319 \u2013 Miami, FL 33130-4200<\/p>\n<p>Formas de Pagamento<\/p>\n<p>As formas de pagamento dos produtos solicitados atrav\u00e9s da loja online ser\u00e3o realizadas com cart\u00e3o de cr\u00e9dito atrav\u00e9s do TPV virtual, Pay Pal ou via transfer\u00eancia banc\u00e1ria.<\/p>\n<p>As transa\u00e7\u00f5es ser\u00e3o realizadas atrav\u00e9s de uma plataforma segura fornecida pela institui\u00e7\u00e3o banc\u00e1ria e em nenhum caso Agrinews llc reconhece ou armazena os dados dos cart\u00f5es dos clientes.<\/p>\n<p>Ao realizar o pagamento com VISA o Mastercard ser\u00e3o solicitados os seguintes dados: n\u00famero do cart\u00e3o, data de vencimento e c\u00f3digo de seguran\u00e7a que coincide com os tr\u00eas \u00faltimos n\u00fameros impressos em it\u00e1lico no verso do cart\u00e3o. Para maior seguran\u00e7a ser\u00e1 solicitada uma senha pessoal exclusiva para compras por Internet que normalmente \u00e9 fornecida pelo seu banco.<\/p>\n","protected":false},"excerpt":{"rendered":"<p>Nossos produtos Nossos produtos s\u00e3o, principalmente, assinaturas de nossas revistas, editadas por Grupo de Comunica\u00e7\u00e3o Agrinews SL. e oferecidas em formato papel. Como comprar O processo de compra \u00e9 standard em lojas online e segue os seguintes passos: O usu\u00e1rio seleciona os artigos que deseja comprar entrando na ficha de produto e clicando no bot\u00e3o [&hellip;]<\/p>\n","protected":false},"author":1,"featured_media":0,"parent":0,"menu_order":0,"comment_status":"closed","ping_status":"closed","template":"","meta":{"footnotes":""},"class_list":["post-468","page","type-page","status-publish","hentry"],"yoast_head":"<!-- This site is optimized with the Yoast SEO plugin v25.6 - https:\/\/yoast.com\/wordpress\/plugins\/seo\/ -->\n<title>Condi\u00e7\u00f5es gerais de contrata\u00e7\u00e3o - agriNews LLC<\/title>\n<meta name=\"robots\" content=\"index, follow, max-snippet:-1, max-image-preview:large, max-video-preview:-1\" \/>\n<link rel=\"canonical\" href=\"https:\/\/grupoagrinews.com\/suscripciondolar\/condiciones-generales-de-contratacion\/?lang=pt-br\" \/>\n<meta property=\"og:locale\" content=\"es_ES\" \/>\n<meta property=\"og:type\" content=\"article\" \/>\n<meta property=\"og:title\" content=\"Condi\u00e7\u00f5es gerais de contrata\u00e7\u00e3o - agriNews LLC\" \/>\n<meta property=\"og:description\" content=\"Nossos produtos Nossos produtos s\u00e3o, principalmente, assinaturas de nossas revistas, editadas por Grupo de Comunica\u00e7\u00e3o Agrinews SL. e oferecidas em formato papel. Como comprar O processo de compra \u00e9 standard em lojas online e segue os seguintes passos: O usu\u00e1rio seleciona os artigos que deseja comprar entrando na ficha de produto e clicando no bot\u00e3o [&hellip;]\" \/>\n<meta property=\"og:url\" content=\"https:\/\/grupoagrinews.com\/suscripciondolar\/condiciones-generales-de-contratacion\/?lang=pt-br\" \/>\n<meta property=\"og:site_name\" content=\"agriNews LLC\" \/>\n<meta property=\"article:publisher\" content=\"https:\/\/www.facebook.com\/grupo.agrinews\" \/>\n<meta property=\"article:modified_time\" content=\"2018-03-15T12:22:25+00:00\" \/>\n<meta name=\"twitter:card\" content=\"summary_large_image\" \/>\n<meta name=\"twitter:site\" content=\"@grupo_agrinews\" \/>\n<meta name=\"twitter:label1\" content=\"Tiempo de lectura\" \/>\n\t<meta name=\"twitter:data1\" content=\"3 minutos\" \/>\n<script type=\"application\/ld+json\" class=\"yoast-schema-graph\">{\"@context\":\"https:\/\/schema.org\",\"@graph\":[{\"@type\":\"WebPage\",\"@id\":\"https:\/\/grupoagrinews.com\/suscripciondolar\/condiciones-generales-de-contratacion\/?lang=pt-br\",\"url\":\"https:\/\/grupoagrinews.com\/suscripciondolar\/condiciones-generales-de-contratacion\/?lang=pt-br\",\"name\":\"Condi\u00e7\u00f5es gerais de contrata\u00e7\u00e3o - agriNews LLC\",\"isPartOf\":{\"@id\":\"https:\/\/grupoagrinews.com\/suscripciondolar\/#website\"},\"datePublished\":\"2018-03-15T12:20:47+00:00\",\"dateModified\":\"2018-03-15T12:22:25+00:00\",\"breadcrumb\":{\"@id\":\"https:\/\/grupoagrinews.com\/suscripciondolar\/condiciones-generales-de-contratacion\/?lang=pt-br#breadcrumb\"},\"inLanguage\":\"es\",\"potentialAction\":[{\"@type\":\"ReadAction\",\"target\":[\"https:\/\/grupoagrinews.com\/suscripciondolar\/condiciones-generales-de-contratacion\/?lang=pt-br\"]}]},{\"@type\":\"BreadcrumbList\",\"@id\":\"https:\/\/grupoagrinews.com\/suscripciondolar\/condiciones-generales-de-contratacion\/?lang=pt-br#breadcrumb\",\"itemListElement\":[{\"@type\":\"ListItem\",\"position\":1,\"name\":\"Portada\",\"item\":\"https:\/\/grupoagrinews.com\/suscripciondolar\/\"},{\"@type\":\"ListItem\",\"position\":2,\"name\":\"Condi\u00e7\u00f5es gerais de contrata\u00e7\u00e3o\"}]},{\"@type\":\"WebSite\",\"@id\":\"https:\/\/grupoagrinews.com\/suscripciondolar\/#website\",\"url\":\"https:\/\/grupoagrinews.com\/suscripciondolar\/\",\"name\":\"agriNews LLC\",\"description\":\"Nuestra revista y eventos al alcance de todos\",\"publisher\":{\"@id\":\"https:\/\/grupoagrinews.com\/suscripciondolar\/#organization\"},\"potentialAction\":[{\"@type\":\"SearchAction\",\"target\":{\"@type\":\"EntryPoint\",\"urlTemplate\":\"https:\/\/grupoagrinews.com\/suscripciondolar\/?s={search_term_string}\"},\"query-input\":{\"@type\":\"PropertyValueSpecification\",\"valueRequired\":true,\"valueName\":\"search_term_string\"}}],\"inLanguage\":\"es\"},{\"@type\":\"Organization\",\"@id\":\"https:\/\/grupoagrinews.com\/suscripciondolar\/#organization\",\"name\":\"Grupo comunicaci\u00f3n agriNews SL\",\"url\":\"https:\/\/grupoagrinews.com\/suscripciondolar\/\",\"logo\":{\"@type\":\"ImageObject\",\"inLanguage\":\"es\",\"@id\":\"https:\/\/grupoagrinews.com\/suscripciondolar\/#\/schema\/logo\/image\/\",\"url\":\"https:\/\/grupoagrinews.com\/suscripciondolar\/wp-content\/uploads\/2017\/02\/cropped-logo-agrinews.png\",\"contentUrl\":\"https:\/\/grupoagrinews.com\/suscripciondolar\/wp-content\/uploads\/2017\/02\/cropped-logo-agrinews.png\",\"width\":278,\"height\":110,\"caption\":\"Grupo comunicaci\u00f3n agriNews SL\"},\"image\":{\"@id\":\"https:\/\/grupoagrinews.com\/suscripciondolar\/#\/schema\/logo\/image\/\"},\"sameAs\":[\"https:\/\/www.facebook.com\/grupo.agrinews\",\"https:\/\/x.com\/grupo_agrinews\",\"https:\/\/www.instagram.com\/grupo_agrinews\/?hl=es\",\"https:\/\/www.linkedin.com\/company\/grupo-de-comunicaci\u00f3n-agrinews-s-l-\"]}]}<\/script>\n<!-- \/ Yoast SEO plugin. -->","yoast_head_json":{"title":"Condi\u00e7\u00f5es gerais de contrata\u00e7\u00e3o - agriNews LLC","robots":{"index":"index","follow":"follow","max-snippet":"max-snippet:-1","max-image-preview":"max-image-preview:large","max-video-preview":"max-video-preview:-1"},"canonical":"https:\/\/grupoagrinews.com\/suscripciondolar\/condiciones-generales-de-contratacion\/?lang=pt-br","og_locale":"es_ES","og_type":"article","og_title":"Condi\u00e7\u00f5es gerais de contrata\u00e7\u00e3o - agriNews LLC","og_description":"Nossos produtos Nossos produtos s\u00e3o, principalmente, assinaturas de nossas revistas, editadas por Grupo de Comunica\u00e7\u00e3o Agrinews SL. e oferecidas em formato papel. Como comprar O processo de compra \u00e9 standard em lojas online e segue os seguintes passos: O usu\u00e1rio seleciona os artigos que deseja comprar entrando na ficha de produto e clicando no bot\u00e3o [&hellip;]","og_url":"https:\/\/grupoagrinews.com\/suscripciondolar\/condiciones-generales-de-contratacion\/?lang=pt-br","og_site_name":"agriNews LLC","article_publisher":"https:\/\/www.facebook.com\/grupo.agrinews","article_modified_time":"2018-03-15T12:22:25+00:00","twitter_card":"summary_large_image","twitter_site":"@grupo_agrinews","twitter_misc":{"Tiempo de lectura":"3 minutos"},"schema":{"@context":"https:\/\/schema.org","@graph":[{"@type":"WebPage","@id":"https:\/\/grupoagrinews.com\/suscripciondolar\/condiciones-generales-de-contratacion\/?lang=pt-br","url":"https:\/\/grupoagrinews.com\/suscripciondolar\/condiciones-generales-de-contratacion\/?lang=pt-br","name":"Condi\u00e7\u00f5es gerais de contrata\u00e7\u00e3o - agriNews LLC","isPartOf":{"@id":"https:\/\/grupoagrinews.com\/suscripciondolar\/#website"},"datePublished":"2018-03-15T12:20:47+00:00","dateModified":"2018-03-15T12:22:25+00:00","breadcrumb":{"@id":"https:\/\/grupoagrinews.com\/suscripciondolar\/condiciones-generales-de-contratacion\/?lang=pt-br#breadcrumb"},"inLanguage":"es","potentialAction":[{"@type":"ReadAction","target":["https:\/\/grupoagrinews.com\/suscripciondolar\/condiciones-generales-de-contratacion\/?lang=pt-br"]}]},{"@type":"BreadcrumbList","@id":"https:\/\/grupoagrinews.com\/suscripciondolar\/condiciones-generales-de-contratacion\/?lang=pt-br#breadcrumb","itemListElement":[{"@type":"ListItem","position":1,"name":"Portada","item":"https:\/\/grupoagrinews.com\/suscripciondolar\/"},{"@type":"ListItem","position":2,"name":"Condi\u00e7\u00f5es gerais de contrata\u00e7\u00e3o"}]},{"@type":"WebSite","@id":"https:\/\/grupoagrinews.com\/suscripciondolar\/#website","url":"https:\/\/grupoagrinews.com\/suscripciondolar\/","name":"agriNews LLC","description":"Nuestra revista y eventos al alcance de todos","publisher":{"@id":"https:\/\/grupoagrinews.com\/suscripciondolar\/#organization"},"potentialAction":[{"@type":"SearchAction","target":{"@type":"EntryPoint","urlTemplate":"https:\/\/grupoagrinews.com\/suscripciondolar\/?s={search_term_string}"},"query-input":{"@type":"PropertyValueSpecification","valueRequired":true,"valueName":"search_term_string"}}],"inLanguage":"es"},{"@type":"Organization","@id":"https:\/\/grupoagrinews.com\/suscripciondolar\/#organization","name":"Grupo comunicaci\u00f3n agriNews SL","url":"https:\/\/grupoagrinews.com\/suscripciondolar\/","logo":{"@type":"ImageObject","inLanguage":"es","@id":"https:\/\/grupoagrinews.com\/suscripciondolar\/#\/schema\/logo\/image\/","url":"https:\/\/grupoagrinews.com\/suscripciondolar\/wp-content\/uploads\/2017\/02\/cropped-logo-agrinews.png","contentUrl":"https:\/\/grupoagrinews.com\/suscripciondolar\/wp-content\/uploads\/2017\/02\/cropped-logo-agrinews.png","width":278,"height":110,"caption":"Grupo comunicaci\u00f3n agriNews SL"},"image":{"@id":"https:\/\/grupoagrinews.com\/suscripciondolar\/#\/schema\/logo\/image\/"},"sameAs":["https:\/\/www.facebook.com\/grupo.agrinews","https:\/\/x.com\/grupo_agrinews","https:\/\/www.instagram.com\/grupo_agrinews\/?hl=es","https:\/\/www.linkedin.com\/company\/grupo-de-comunicaci\u00f3n-agrinews-s-l-"]}]}},"_links":{"self":[{"href":"https:\/\/grupoagrinews.com\/suscripciondolar\/wp-json\/wp\/v2\/pages\/468","targetHints":{"allow":["GET"]}}],"collection":[{"href":"https:\/\/grupoagrinews.com\/suscripciondolar\/wp-json\/wp\/v2\/pages"}],"about":[{"href":"https:\/\/grupoagrinews.com\/suscripciondolar\/wp-json\/wp\/v2\/types\/page"}],"author":[{"embeddable":true,"href":"https:\/\/grupoagrinews.com\/suscripciondolar\/wp-json\/wp\/v2\/users\/1"}],"replies":[{"embeddable":true,"href":"https:\/\/grupoagrinews.com\/suscripciondolar\/wp-json\/wp\/v2\/comments?post=468"}],"version-history":[{"count":3,"href":"https:\/\/grupoagrinews.com\/suscripciondolar\/wp-json\/wp\/v2\/pages\/468\/revisions"}],"predecessor-version":[{"id":471,"href":"https:\/\/grupoagrinews.com\/suscripciondolar\/wp-json\/wp\/v2\/pages\/468\/revisions\/471"}],"wp:attachment":[{"href":"https:\/\/grupoagrinews.com\/suscripciondolar\/wp-json\/wp\/v2\/media?parent=468"}],"curies":[{"name":"wp","href":"https:\/\/api.w.org\/{rel}","templated":true}]}}