{"id":513,"date":"2018-05-29T08:59:31","date_gmt":"2018-05-29T08:59:31","guid":{"rendered":"https:\/\/grupoagrinews.com\/suscripciondolar\/?page_id=513"},"modified":"2018-07-23T15:31:55","modified_gmt":"2018-07-23T15:31:55","slug":"condiciones-de-uso","status":"publish","type":"page","link":"https:\/\/grupoagrinews.com\/suscripciondolar\/condiciones-de-uso\/","title":{"rendered":"Condiciones de uso"},"content":{"rendered":"<header class=\"entry-header\">\n<h1 class=\"entry-title\"><\/h1>\n<\/header>\n<div class=\"entry-content\">\n<p>En cumplimiento de la Ley 34\/2002, de 11 de julio, de Servicios de la Sociedad de la Informaci\u00f3n\u00a0y de Comercio Electr\u00f3nico (LSSI-CE), GRUPO DE COMUNICACION AGRINEWS SL informa que<\/p>\n<p>es titular del sitio web\u00a0<a href=\"https:\/\/grupoagrinews.com\/suscripcion\">https:\/\/grupoagrinews.com\/suscripcion<\/a>\u00a0. De acuerdo con la exigencia del art\u00edculo 10 de la\u00a0citada Ley, GRUPO DE COMUNICACION AGRINEWS SL informa de los siguientes datos:<\/p>\n<p>El titular de este sitio web es GRUPO DE COMUNICACION AGRINEWS SL, con CIF B65957300 y\u00a0domicilio social en CAMI RAL 495 2o2a 08301, MATARO (BARCELONA), inscrita en el Registro\u00a0Mercantil, en el tomo 43570, folio 199, hoja B432523 e inscripci\u00f3n 1. La direcci\u00f3n de correo\u00a0electr\u00f3nico de contacto con la empresa es: ADMIN@AGRINEWS.ES .<\/p>\n<p>USUARIO Y R\u00c9GIMEN DE RESPONSABILIDADES<\/p>\n<p>La navegaci\u00f3n, acceso y uso por el sitio web de GRUPO DE COMUNICACION AGRINEWS SL\u00a0confiere la condici\u00f3n de usuario, por la que se aceptan, desde la navegaci\u00f3n por el sitio web de<\/p>\n<p>GRUPO DE COMUNICACION AGRINEWS SL, todas las condiciones de uso aqu\u00ed establecidas sin\u00a0perjuicio de la aplicaci\u00f3n de la correspondiente normativa de obligado cumplimiento legal\u00a0seg\u00fan el caso.<\/p>\n<p>El sitio web de GRUPO DE COMUNICACION AGRINEWS SL proporciona gran diversidad de\u00a0informaci\u00f3n, servicios y datos. El usuario asume su responsabilidad en el uso correcto del sitio\u00a0web. Esta responsabilidad se extender\u00e1 a:<\/p>\n<p>\u2013 La veracidad y licitud de las informaciones aportadas por el usuario en los formularios\u00a0extendidos por GRUPO DE COMUNICACION AGRINEWS SL para el acceso a ciertos\u00a0contenidos o servicios ofrecidos por el web.<\/p>\n<p>\u2013 El uso de la informaci\u00f3n, servicios y datos ofrecidos por GRUPO DE COMUNICACION\u00a0AGRINEWS SL contrariamente a lo dispuesto por las presentes condiciones, la Ley, la\u00a0moral, las buenas costumbres o el orden p\u00fablico, o que de cualquier otro modo puedan\u00a0suponer lesi\u00f3n de los derechos de terceros o del mismo funcionamiento del sitio web.<\/p>\n<p>POL\u00cdTICA DE ENLACES Y EXENCIONES DE RESPONSABILIDAD<\/p>\n<p>GRUPO DE COMUNICACION AGRINEWS SL no se hace responsable del contenido de los sitios\u00a0web a los que el usuario pueda acceder a trav\u00e9s de los enlaces establecidos en su sitio web y<\/p>\n<p>declara que en ning\u00fan caso proceder\u00e1 a examinar o ejercitar ning\u00fan tipo de control sobre el\u00a0contenido de otros sitios de la red. Asimismo, tampoco garantizar\u00e1 la disponibilidad t\u00e9cnica,<\/p>\n<p>exactitud, veracidad, validez o legalidad de sitios ajenos a su propiedad a los que se pueda\u00a0acceder por medio de los enlaces.<\/p>\n<p>GRUPO DE COMUNICACION AGRINEWS SL declara haber adoptado todas las medidas\u00a0necesarias para evitar cualquier da\u00f1o a los usuarios de su sitio web, que pudieran derivarse de<\/p>\n<p>la navegaci\u00f3n por su sitio web. En consecuencia, GRUPO DE COMUNICACION AGRINEWS SL no\u00a0se hace responsable, en ning\u00fan caso, de los eventuales da\u00f1os que por la navegaci\u00f3n por<\/p>\n<p>Internet pudiera sufrir el usuario.<\/p>\n<p>MODIFICACIONES<\/p>\n<p>GRUPO DE COMUNICACION AGRINEWS SL se reserva el derecho a realizar las modificaciones\u00a0que considere oportunas, sin aviso previo, en el contenido de su sitio web. Tanto en lo referente<\/p>\n<p>a los contenidos del sitio web, como en las condiciones de uso del mismo. Dichas\u00a0modificaciones podr\u00e1n realizarse a trav\u00e9s de su sitio web por cualquier forma admisible en\u00a0derecho y ser\u00e1n de obligado cumplimiento durante el tiempo en que se encuentren publicadas\u00a0en la web y hasta que no sean modificadas v\u00e1lidamente por otras posteriores.<\/p>\n<p>PROPIEDAD INTELECTUAL E INDUSTRIAL<\/p>\n<p>GRUPO DE COMUNICACION AGRINEWS SL por s\u00ed misma o como cesionaria, es titular de todos\u00a0los derechos de propiedad intelectual e industrial de su p\u00e1gina web, as\u00ed como de los elementos<\/p>\n<p>contenidos en la misma (a t\u00edtulo enunciativo, im\u00e1genes, sonido, audio, v\u00eddeo, software o textos;\u00a0marcas o logotipos, combinaciones de colores, estructura y dise\u00f1o, selecci\u00f3n de materiales<\/p>\n<p>usados, programas de ordenador necesarios para su funcionamiento, acceso y uso, etc.),\u00a0titularidad de GRUPO DE COMUNICACION AGRINEWS SL. Ser\u00e1n, por consiguiente, obras<\/p>\n<p>protegidas como propiedad intelectual por el ordenamiento jur\u00eddico espa\u00f1ol, si\u00e9ndoles\u00a0aplicables tanto la normativa espa\u00f1ola y comunitaria en este campo, como los tratados\u00a0internacionales relativos a la materia y suscritos por Espa\u00f1a.<\/p>\n<p>Todos los derechos reservados. En virtud de lo dispuesto en la Ley de Propiedad Intelectual,\u00a0quedan expresamente prohibidas la reproducci\u00f3n, la distribuci\u00f3n y la comunicaci\u00f3n p\u00fablica,<\/p>\n<p>incluida su modalidad de puesta a disposici\u00f3n, de la totalidad o parte de los contenidos de esta\u00a0p\u00e1gina web, con fines comerciales, en cualquier soporte y por cualquier medio t\u00e9cnico, sin la\u00a0autorizaci\u00f3n de GRUPO DE COMUNICACION AGRINEWS SL.<\/p>\n<p>El usuario se compromete a respetar los derechos de Propiedad Intelectual e Industrial\u00a0titularidad de GRUPO DE COMUNICACION AGRINEWS SL. Podr\u00e1 visualizar los elementos del\u00a0portal e incluso imprimirlos, copiarlos y almacenarlos en el disco duro de su ordenador o en\u00a0cualquier otro soporte f\u00edsico siempre y cuando sea, \u00fanica y exclusivamente, para su uso\u00a0personal y privado. El usuario deber\u00e1 abstenerse de suprimir, alterar, eludir o manipular\u00a0cualquier dispositivo de protecci\u00f3n o sistema de seguridad que estuviera instalado en las\u00a0p\u00e1ginas de GRUPO DE COMUNICACION AGRINEWS SL.<\/p>\n<p>ACCIONES LEGALES, LEGISLACI\u00d3N APLICABLE Y JURISDICCI\u00d3N<\/p>\n<p>GRUPO DE COMUNICACION AGRINEWS SL se reserva, asimismo, la facultad de presentar las\u00a0acciones civiles o penales que considere oportunas por la utilizaci\u00f3n indebida de su sitio web y\u00a0contenidos, o por el incumplimiento de las presentes condiciones.<\/p>\n<p>La relaci\u00f3n entre el usuario y el prestador se regir\u00e1 por la normativa vigente y de aplicaci\u00f3n en\u00a0el territorio espa\u00f1ol. De surgir cualquier controversia las partes podr\u00e1n someter sus conflictos\u00a0a arbitraje o acudir a la jurisdicci\u00f3n ordinaria cumpliendo con las normas sobre jurisdicci\u00f3n y\u00a0competencia al respecto. GRUPO DE COMUNICACION AGRINEWS SL tiene su domicilio en\u00a0BARCELONA, Espa\u00f1a.<\/p>\n<\/div>\n","protected":false},"excerpt":{"rendered":"<p>En cumplimiento de la Ley 34\/2002, de 11 de julio, de Servicios de la Sociedad de la Informaci\u00f3n\u00a0y de Comercio Electr\u00f3nico (LSSI-CE), GRUPO DE COMUNICACION AGRINEWS SL informa que es titular del sitio web\u00a0https:\/\/grupoagrinews.com\/suscripcion\u00a0. De acuerdo con la exigencia del art\u00edculo 10 de la\u00a0citada Ley, GRUPO DE COMUNICACION AGRINEWS SL informa de los siguientes datos: [&hellip;]<\/p>\n","protected":false},"author":1,"featured_media":0,"parent":0,"menu_order":0,"comment_status":"closed","ping_status":"closed","template":"","meta":{"footnotes":""},"class_list":["post-513","page","type-page","status-publish","hentry"],"yoast_head":"<!-- This site is optimized with the Yoast SEO plugin v25.6 - https:\/\/yoast.com\/wordpress\/plugins\/seo\/ -->\n<title>Condiciones de uso - agriNews LLC<\/title>\n<meta name=\"robots\" content=\"index, follow, max-snippet:-1, max-image-preview:large, max-video-preview:-1\" \/>\n<link rel=\"canonical\" href=\"https:\/\/grupoagrinews.com\/suscripciondolar\/condiciones-de-uso\/\" \/>\n<meta property=\"og:locale\" content=\"es_ES\" \/>\n<meta property=\"og:type\" content=\"article\" \/>\n<meta property=\"og:title\" content=\"Condiciones de uso - agriNews LLC\" \/>\n<meta property=\"og:description\" content=\"En cumplimiento de la Ley 34\/2002, de 11 de julio, de Servicios de la Sociedad de la Informaci\u00f3n\u00a0y de Comercio Electr\u00f3nico (LSSI-CE), GRUPO DE COMUNICACION AGRINEWS SL informa que es titular del sitio web\u00a0https:\/\/grupoagrinews.com\/suscripcion\u00a0. De acuerdo con la exigencia del art\u00edculo 10 de la\u00a0citada Ley, GRUPO DE COMUNICACION AGRINEWS SL informa de los siguientes datos: [&hellip;]\" \/>\n<meta property=\"og:url\" content=\"https:\/\/grupoagrinews.com\/suscripciondolar\/condiciones-de-uso\/\" \/>\n<meta property=\"og:site_name\" content=\"agriNews LLC\" \/>\n<meta property=\"article:publisher\" content=\"https:\/\/www.facebook.com\/grupo.agrinews\" \/>\n<meta property=\"article:modified_time\" content=\"2018-07-23T15:31:55+00:00\" \/>\n<meta name=\"twitter:card\" content=\"summary_large_image\" \/>\n<meta name=\"twitter:site\" content=\"@grupo_agrinews\" \/>\n<meta name=\"twitter:label1\" content=\"Tiempo de lectura\" \/>\n\t<meta name=\"twitter:data1\" content=\"5 minutos\" \/>\n<script type=\"application\/ld+json\" class=\"yoast-schema-graph\">{\"@context\":\"https:\/\/schema.org\",\"@graph\":[{\"@type\":\"WebPage\",\"@id\":\"https:\/\/grupoagrinews.com\/suscripciondolar\/condiciones-de-uso\/\",\"url\":\"https:\/\/grupoagrinews.com\/suscripciondolar\/condiciones-de-uso\/\",\"name\":\"Condiciones de uso - agriNews LLC\",\"isPartOf\":{\"@id\":\"https:\/\/grupoagrinews.com\/suscripciondolar\/#website\"},\"datePublished\":\"2018-05-29T08:59:31+00:00\",\"dateModified\":\"2018-07-23T15:31:55+00:00\",\"breadcrumb\":{\"@id\":\"https:\/\/grupoagrinews.com\/suscripciondolar\/condiciones-de-uso\/#breadcrumb\"},\"inLanguage\":\"es\",\"potentialAction\":[{\"@type\":\"ReadAction\",\"target\":[\"https:\/\/grupoagrinews.com\/suscripciondolar\/condiciones-de-uso\/\"]}]},{\"@type\":\"BreadcrumbList\",\"@id\":\"https:\/\/grupoagrinews.com\/suscripciondolar\/condiciones-de-uso\/#breadcrumb\",\"itemListElement\":[{\"@type\":\"ListItem\",\"position\":1,\"name\":\"Portada\",\"item\":\"https:\/\/grupoagrinews.com\/suscripciondolar\/\"},{\"@type\":\"ListItem\",\"position\":2,\"name\":\"Condiciones de uso\"}]},{\"@type\":\"WebSite\",\"@id\":\"https:\/\/grupoagrinews.com\/suscripciondolar\/#website\",\"url\":\"https:\/\/grupoagrinews.com\/suscripciondolar\/\",\"name\":\"agriNews LLC\",\"description\":\"Nuestra revista y eventos al alcance de todos\",\"publisher\":{\"@id\":\"https:\/\/grupoagrinews.com\/suscripciondolar\/#organization\"},\"potentialAction\":[{\"@type\":\"SearchAction\",\"target\":{\"@type\":\"EntryPoint\",\"urlTemplate\":\"https:\/\/grupoagrinews.com\/suscripciondolar\/?s={search_term_string}\"},\"query-input\":{\"@type\":\"PropertyValueSpecification\",\"valueRequired\":true,\"valueName\":\"search_term_string\"}}],\"inLanguage\":\"es\"},{\"@type\":\"Organization\",\"@id\":\"https:\/\/grupoagrinews.com\/suscripciondolar\/#organization\",\"name\":\"Grupo comunicaci\u00f3n agriNews SL\",\"url\":\"https:\/\/grupoagrinews.com\/suscripciondolar\/\",\"logo\":{\"@type\":\"ImageObject\",\"inLanguage\":\"es\",\"@id\":\"https:\/\/grupoagrinews.com\/suscripciondolar\/#\/schema\/logo\/image\/\",\"url\":\"https:\/\/grupoagrinews.com\/suscripciondolar\/wp-content\/uploads\/2017\/02\/cropped-logo-agrinews.png\",\"contentUrl\":\"https:\/\/grupoagrinews.com\/suscripciondolar\/wp-content\/uploads\/2017\/02\/cropped-logo-agrinews.png\",\"width\":278,\"height\":110,\"caption\":\"Grupo comunicaci\u00f3n agriNews SL\"},\"image\":{\"@id\":\"https:\/\/grupoagrinews.com\/suscripciondolar\/#\/schema\/logo\/image\/\"},\"sameAs\":[\"https:\/\/www.facebook.com\/grupo.agrinews\",\"https:\/\/x.com\/grupo_agrinews\",\"https:\/\/www.instagram.com\/grupo_agrinews\/?hl=es\",\"https:\/\/www.linkedin.com\/company\/grupo-de-comunicaci\u00f3n-agrinews-s-l-\"]}]}<\/script>\n<!-- \/ Yoast SEO plugin. -->","yoast_head_json":{"title":"Condiciones de uso - agriNews LLC","robots":{"index":"index","follow":"follow","max-snippet":"max-snippet:-1","max-image-preview":"max-image-preview:large","max-video-preview":"max-video-preview:-1"},"canonical":"https:\/\/grupoagrinews.com\/suscripciondolar\/condiciones-de-uso\/","og_locale":"es_ES","og_type":"article","og_title":"Condiciones de uso - agriNews LLC","og_description":"En cumplimiento de la Ley 34\/2002, de 11 de julio, de Servicios de la Sociedad de la Informaci\u00f3n\u00a0y de Comercio Electr\u00f3nico (LSSI-CE), GRUPO DE COMUNICACION AGRINEWS SL informa que es titular del sitio web\u00a0https:\/\/grupoagrinews.com\/suscripcion\u00a0. De acuerdo con la exigencia del art\u00edculo 10 de la\u00a0citada Ley, GRUPO DE COMUNICACION AGRINEWS SL informa de los siguientes datos: [&hellip;]","og_url":"https:\/\/grupoagrinews.com\/suscripciondolar\/condiciones-de-uso\/","og_site_name":"agriNews LLC","article_publisher":"https:\/\/www.facebook.com\/grupo.agrinews","article_modified_time":"2018-07-23T15:31:55+00:00","twitter_card":"summary_large_image","twitter_site":"@grupo_agrinews","twitter_misc":{"Tiempo de lectura":"5 minutos"},"schema":{"@context":"https:\/\/schema.org","@graph":[{"@type":"WebPage","@id":"https:\/\/grupoagrinews.com\/suscripciondolar\/condiciones-de-uso\/","url":"https:\/\/grupoagrinews.com\/suscripciondolar\/condiciones-de-uso\/","name":"Condiciones de uso - agriNews LLC","isPartOf":{"@id":"https:\/\/grupoagrinews.com\/suscripciondolar\/#website"},"datePublished":"2018-05-29T08:59:31+00:00","dateModified":"2018-07-23T15:31:55+00:00","breadcrumb":{"@id":"https:\/\/grupoagrinews.com\/suscripciondolar\/condiciones-de-uso\/#breadcrumb"},"inLanguage":"es","potentialAction":[{"@type":"ReadAction","target":["https:\/\/grupoagrinews.com\/suscripciondolar\/condiciones-de-uso\/"]}]},{"@type":"BreadcrumbList","@id":"https:\/\/grupoagrinews.com\/suscripciondolar\/condiciones-de-uso\/#breadcrumb","itemListElement":[{"@type":"ListItem","position":1,"name":"Portada","item":"https:\/\/grupoagrinews.com\/suscripciondolar\/"},{"@type":"ListItem","position":2,"name":"Condiciones de uso"}]},{"@type":"WebSite","@id":"https:\/\/grupoagrinews.com\/suscripciondolar\/#website","url":"https:\/\/grupoagrinews.com\/suscripciondolar\/","name":"agriNews LLC","description":"Nuestra revista y eventos al alcance de todos","publisher":{"@id":"https:\/\/grupoagrinews.com\/suscripciondolar\/#organization"},"potentialAction":[{"@type":"SearchAction","target":{"@type":"EntryPoint","urlTemplate":"https:\/\/grupoagrinews.com\/suscripciondolar\/?s={search_term_string}"},"query-input":{"@type":"PropertyValueSpecification","valueRequired":true,"valueName":"search_term_string"}}],"inLanguage":"es"},{"@type":"Organization","@id":"https:\/\/grupoagrinews.com\/suscripciondolar\/#organization","name":"Grupo comunicaci\u00f3n agriNews SL","url":"https:\/\/grupoagrinews.com\/suscripciondolar\/","logo":{"@type":"ImageObject","inLanguage":"es","@id":"https:\/\/grupoagrinews.com\/suscripciondolar\/#\/schema\/logo\/image\/","url":"https:\/\/grupoagrinews.com\/suscripciondolar\/wp-content\/uploads\/2017\/02\/cropped-logo-agrinews.png","contentUrl":"https:\/\/grupoagrinews.com\/suscripciondolar\/wp-content\/uploads\/2017\/02\/cropped-logo-agrinews.png","width":278,"height":110,"caption":"Grupo comunicaci\u00f3n agriNews SL"},"image":{"@id":"https:\/\/grupoagrinews.com\/suscripciondolar\/#\/schema\/logo\/image\/"},"sameAs":["https:\/\/www.facebook.com\/grupo.agrinews","https:\/\/x.com\/grupo_agrinews","https:\/\/www.instagram.com\/grupo_agrinews\/?hl=es","https:\/\/www.linkedin.com\/company\/grupo-de-comunicaci\u00f3n-agrinews-s-l-"]}]}},"_links":{"self":[{"href":"https:\/\/grupoagrinews.com\/suscripciondolar\/wp-json\/wp\/v2\/pages\/513","targetHints":{"allow":["GET"]}}],"collection":[{"href":"https:\/\/grupoagrinews.com\/suscripciondolar\/wp-json\/wp\/v2\/pages"}],"about":[{"href":"https:\/\/grupoagrinews.com\/suscripciondolar\/wp-json\/wp\/v2\/types\/page"}],"author":[{"embeddable":true,"href":"https:\/\/grupoagrinews.com\/suscripciondolar\/wp-json\/wp\/v2\/users\/1"}],"replies":[{"embeddable":true,"href":"https:\/\/grupoagrinews.com\/suscripciondolar\/wp-json\/wp\/v2\/comments?post=513"}],"version-history":[{"count":2,"href":"https:\/\/grupoagrinews.com\/suscripciondolar\/wp-json\/wp\/v2\/pages\/513\/revisions"}],"predecessor-version":[{"id":585,"href":"https:\/\/grupoagrinews.com\/suscripciondolar\/wp-json\/wp\/v2\/pages\/513\/revisions\/585"}],"wp:attachment":[{"href":"https:\/\/grupoagrinews.com\/suscripciondolar\/wp-json\/wp\/v2\/media?parent=513"}],"curies":[{"name":"wp","href":"https:\/\/api.w.org\/{rel}","templated":true}]}}