{"id":515,"date":"2018-05-29T09:00:42","date_gmt":"2018-05-29T09:00:42","guid":{"rendered":"https:\/\/grupoagrinews.com\/suscripciondolar\/?page_id=515"},"modified":"2018-07-23T15:31:35","modified_gmt":"2018-07-23T15:31:35","slug":"clausula-informativa-lopd-y-lssi-ce","status":"publish","type":"page","link":"https:\/\/grupoagrinews.com\/suscripciondolar\/clausula-informativa-lopd-y-lssi-ce\/","title":{"rendered":"Cl\u00e1usula informativa LOPD y LSSI-CE"},"content":{"rendered":"<div class=\"entry-content\">\n<p><em>De conformidad con lo que establece la Ley Org\u00e1nica 15\/1999, de 13 de diciembre, de Protecci\u00f3n de Datos de Car\u00e1cter Personal, le informamos que sus datos ser\u00e1n incorporados a un fichero bajo la responsabilidad de\u00a0<\/em><em>GRUPO DE COMUNICACION AGRINEWS SL<\/em><em>\u00a0con la finalidad de atender sus consultas.<\/em><\/p>\n<p><em>Puede ejercer sus derechos de acceso, rectificaci\u00f3n, cancelaci\u00f3n y oposici\u00f3n mediante un escrito a nuestra direcci\u00f3n:\u00a0<\/em><em>CAMI RAL 495 2\u00ba2\u00aa 08301, MATARO (BARCELONA)<\/em><em>.<\/em><\/p>\n<p><em>Mientras no nos comunique lo contrario, entenderemos que sus datos no han sido modificados, que usted se compromete a notificarnos cualquier variaci\u00f3n y que contamos con su consentimiento para el tratamiento de los mismos.<\/em><\/p>\n<p><em>Asimismo y de acuerdo con lo establecido en la Ley 34\/2002, de 11 de julio, de Servicios de la Sociedad de la Informaci\u00f3n y de Comercio Electr\u00f3nico, en su art\u00edculo 21, solicitamos tambi\u00e9n su consentimiento expreso para enviarle publicidad de nuestros productos o promociones que consideremos puedan ser de su inter\u00e9s, por correo electr\u00f3nico o por cualquier otro medio de comunicaci\u00f3n electr\u00f3nica equivalente.<\/em><\/p>\n<p><em>Le informamos que podr\u00e1 revocar en cualquier momento el consentimiento prestado a la recepci\u00f3n de comunicaciones comerciales enviando un e-mail a la direcci\u00f3n de correo electr\u00f3nico:\u00a0<\/em><em><a href=\"mailto:ADMIN@AGRINEWS.ES\">ADMIN@AGRINEWS.ES<\/a><\/em><em>.<\/em><\/p>\n<p><em>El env\u00edo de estos datos implica la aceptaci\u00f3n de esta cl\u00e1usula.<\/em><\/p>\n<p>Al ser la finalidad de la recogida de datos tambi\u00e9n la del env\u00edo de comunicaciones de car\u00e1cter comercial, deben dar la opci\u00f3n al usuario de aceptar o no recibir este tipo de comunicaciones por correo electr\u00f3nico mediante la marcaci\u00f3n de un checkbox:<\/p>\n<p>&nbsp;<\/p>\n<p><em>\u25a1<\/em><em>\u00a0Acepto la cl\u00e1usula informativa de protecci\u00f3n de datos.<\/em><\/p>\n<p><em>\u25a1<\/em><em>\u00a0Acepto recibir publicidad o informaci\u00f3n promocional de\u00a0<\/em><em>GRUPO DE COMUNICACION AGRINEWS SL<\/em><em>.<\/em><\/p>\n<p><em>\u25a1<\/em><em>\u00a0No acepto recibir publicidad o informaci\u00f3n promocional de\u00a0<\/em><em>GRUPO DE COMUNICACION AGRINEWS SL<\/em><em>.<\/em><\/p>\n<p>&nbsp;<\/p>\n<p class=\"p4\">Nombre y apellidos o Raz\u00f3n social:<\/p>\n<p class=\"p4\">DNI o CIF:<\/p>\n<p class=\"p4\">Firma del interesado.<\/p>\n<p><em>De conformidad con lo que establece la Ley Org\u00e1nica 15\/1999, de 13 de diciembre, de Protecci\u00f3n de Datos de Car\u00e1cter Personal, le informamos que el correo electr\u00f3nico que nos ha proporcionado ser\u00e1 incorporado a un fichero bajo la responsabilidad de GRUPO DE COMUNICACION AGRINEWS SL con la finalidad de tramitar su solicitud de suscripci\u00f3n y poder remitirle peri\u00f3dicamente nuestro Newsletter.<\/em><\/p>\n<p><em>Puede ejercer sus derechos de acceso, rectificaci\u00f3n, cancelaci\u00f3n y oposici\u00f3n mediante un escrito a nuestra direcci\u00f3n CAMI RAL 495 2\u00ba2\u00aa 08301, MATARO (BARCELONA).<\/em><\/p>\n<p><em>Mientras no nos comunique lo contrario entenderemos que sus datos no han sido modificados, que usted se compromete a notificarnos cualquier variaci\u00f3n y que de acuerdo con el art\u00edculo 21.1 de la Ley 34\/2002 de servicios de la sociedad de la informaci\u00f3n y de comercio electr\u00f3nico, realizada su solicitud de suscripci\u00f3n, contamos con su consentimiento para el tratamiento de sus datos, de acuerdo con las finalidades mencionadas.<\/em><\/p>\n<p><em>Asimismo, le informamos que podr\u00e1 revocar en cualquier momento el consentimiento prestado, cancelando su suscripci\u00f3n al Newsletter, enviando un e-mail a la direcci\u00f3n de correo electr\u00f3nico\u00a0<a href=\"mailto:ADMIN@AGRINEWS.ES\">admin@agrinews.es<\/a>\u00a0.<\/em><\/p>\n<p><em>La confirmaci\u00f3n de la suscripci\u00f3n implica la aceptaci\u00f3n de esta cl\u00e1usula.<\/em><\/p>\n<\/div>\n<p>&nbsp;<\/p>\n<p>De conformidad con lo establecido en la normativa vigente en Protecci\u00f3n de Datos de Car\u00e1cter Personal, le informamos que sus datos ser\u00e1n incorporados al sistema de tratamiento titularidad de GRUPO DE COMUNICACION AGRINEWS SL con CIF B65957300 y domicilio social sito en CAMI RAL 495 2o2a 08301, MATARO (BARCELONA), con la finalidad de atender sus consultas. En<br \/>\ncumplimiento con la normativa vigente, GRUPO DE COMUNICACION AGRINEWS SL informa que los datos ser\u00e1n conservados durante el plazo estrictamente necesario para cumplir con los preceptos mencionados con anterioridad.<\/p>\n<p>Mientras no nos comunique lo contrario, entenderemos que sus datos no han sido modificados, que usted se compromete a notificarnos cualquier variaci\u00f3n y que tenemos su consentimiento para utilizarlos para las finalidades mencionadas.<\/p>\n<p>GRUPO DE COMUNICACION AGRINEWS SL informa que proceder\u00e1 a tratar los datos de manera l\u00edcita, leal, transparente, adecuada, pertinente, limitada, exacta y actualizada. Es por ello que GRUPO<br \/>\nDE COMUNICACION AGRINEWS SL se compromete a adoptar todas las medidas razonables para que estos se supriman o rectifiquen sin dilaci\u00f3n cuando sean inexactos.<br \/>\nDe acuerdo con los derechos que le confiere el la normativa vigente en protecci\u00f3n de datos podr\u00e1 ejercer los derechos de acceso, rectificaci\u00f3n, limitaci\u00f3n de tratamiento, supresi\u00f3n, portabilidad y<br \/>\noposici\u00f3n al tratamiento de sus datos de car\u00e1cter personal as\u00ed como del consentimiento prestado para el tratamiento de los mismos, dirigiendo su petici\u00f3n a la direcci\u00f3n postal indicada m\u00e1s arriba o al<br \/>\ncorreo electr\u00f3nico info@grupoagrinews.com.<\/p>\n<p>Le informamos que podr\u00e1 revocar en cualquier momento el consentimiento prestado a la recepci\u00f3n de comunicaciones comerciales enviando un e-mail a la direcci\u00f3n de correo electr\u00f3nico:<br \/>\ninfo@grupoagrinews.com.<\/p>\n<p>Podr\u00e1 dirigirse a la Autoridad de Control competente para presentar la reclamaci\u00f3n que considere oportuna.<br \/>\nEl env\u00edo de estos datos implica la aceptaci\u00f3n de esta cl\u00e1usula.<\/p>\n","protected":false},"excerpt":{"rendered":"<p>De conformidad con lo que establece la Ley Org\u00e1nica 15\/1999, de 13 de diciembre, de Protecci\u00f3n de Datos de Car\u00e1cter Personal, le informamos que sus datos ser\u00e1n incorporados a un fichero bajo la responsabilidad de\u00a0GRUPO DE COMUNICACION AGRINEWS SL\u00a0con la finalidad de atender sus consultas. Puede ejercer sus derechos de acceso, rectificaci\u00f3n, cancelaci\u00f3n y oposici\u00f3n [&hellip;]<\/p>\n","protected":false},"author":1,"featured_media":0,"parent":0,"menu_order":0,"comment_status":"closed","ping_status":"closed","template":"","meta":{"footnotes":""},"class_list":["post-515","page","type-page","status-publish","hentry"],"yoast_head":"<!-- This site is optimized with the Yoast SEO plugin v25.6 - https:\/\/yoast.com\/wordpress\/plugins\/seo\/ -->\n<title>Cl\u00e1usula informativa LOPD y LSSI-CE - agriNews LLC<\/title>\n<meta name=\"robots\" content=\"index, follow, max-snippet:-1, max-image-preview:large, max-video-preview:-1\" \/>\n<link rel=\"canonical\" href=\"https:\/\/grupoagrinews.com\/suscripciondolar\/clausula-informativa-lopd-y-lssi-ce\/\" \/>\n<meta property=\"og:locale\" content=\"es_ES\" \/>\n<meta property=\"og:type\" content=\"article\" \/>\n<meta property=\"og:title\" content=\"Cl\u00e1usula informativa LOPD y LSSI-CE - agriNews LLC\" \/>\n<meta property=\"og:description\" content=\"De conformidad con lo que establece la Ley Org\u00e1nica 15\/1999, de 13 de diciembre, de Protecci\u00f3n de Datos de Car\u00e1cter Personal, le informamos que sus datos ser\u00e1n incorporados a un fichero bajo la responsabilidad de\u00a0GRUPO DE COMUNICACION AGRINEWS SL\u00a0con la finalidad de atender sus consultas. Puede ejercer sus derechos de acceso, rectificaci\u00f3n, cancelaci\u00f3n y oposici\u00f3n [&hellip;]\" \/>\n<meta property=\"og:url\" content=\"https:\/\/grupoagrinews.com\/suscripciondolar\/clausula-informativa-lopd-y-lssi-ce\/\" \/>\n<meta property=\"og:site_name\" content=\"agriNews LLC\" \/>\n<meta property=\"article:publisher\" content=\"https:\/\/www.facebook.com\/grupo.agrinews\" \/>\n<meta property=\"article:modified_time\" content=\"2018-07-23T15:31:35+00:00\" \/>\n<meta name=\"twitter:card\" content=\"summary_large_image\" \/>\n<meta name=\"twitter:site\" content=\"@grupo_agrinews\" \/>\n<meta name=\"twitter:label1\" content=\"Tiempo de lectura\" \/>\n\t<meta name=\"twitter:data1\" content=\"4 minutos\" \/>\n<script type=\"application\/ld+json\" class=\"yoast-schema-graph\">{\"@context\":\"https:\/\/schema.org\",\"@graph\":[{\"@type\":\"WebPage\",\"@id\":\"https:\/\/grupoagrinews.com\/suscripciondolar\/clausula-informativa-lopd-y-lssi-ce\/\",\"url\":\"https:\/\/grupoagrinews.com\/suscripciondolar\/clausula-informativa-lopd-y-lssi-ce\/\",\"name\":\"Cl\u00e1usula informativa LOPD y LSSI-CE - agriNews LLC\",\"isPartOf\":{\"@id\":\"https:\/\/grupoagrinews.com\/suscripciondolar\/#website\"},\"datePublished\":\"2018-05-29T09:00:42+00:00\",\"dateModified\":\"2018-07-23T15:31:35+00:00\",\"breadcrumb\":{\"@id\":\"https:\/\/grupoagrinews.com\/suscripciondolar\/clausula-informativa-lopd-y-lssi-ce\/#breadcrumb\"},\"inLanguage\":\"es\",\"potentialAction\":[{\"@type\":\"ReadAction\",\"target\":[\"https:\/\/grupoagrinews.com\/suscripciondolar\/clausula-informativa-lopd-y-lssi-ce\/\"]}]},{\"@type\":\"BreadcrumbList\",\"@id\":\"https:\/\/grupoagrinews.com\/suscripciondolar\/clausula-informativa-lopd-y-lssi-ce\/#breadcrumb\",\"itemListElement\":[{\"@type\":\"ListItem\",\"position\":1,\"name\":\"Portada\",\"item\":\"https:\/\/grupoagrinews.com\/suscripciondolar\/\"},{\"@type\":\"ListItem\",\"position\":2,\"name\":\"Cl\u00e1usula informativa LOPD y LSSI-CE\"}]},{\"@type\":\"WebSite\",\"@id\":\"https:\/\/grupoagrinews.com\/suscripciondolar\/#website\",\"url\":\"https:\/\/grupoagrinews.com\/suscripciondolar\/\",\"name\":\"agriNews LLC\",\"description\":\"Nuestra revista y eventos al alcance de todos\",\"publisher\":{\"@id\":\"https:\/\/grupoagrinews.com\/suscripciondolar\/#organization\"},\"potentialAction\":[{\"@type\":\"SearchAction\",\"target\":{\"@type\":\"EntryPoint\",\"urlTemplate\":\"https:\/\/grupoagrinews.com\/suscripciondolar\/?s={search_term_string}\"},\"query-input\":{\"@type\":\"PropertyValueSpecification\",\"valueRequired\":true,\"valueName\":\"search_term_string\"}}],\"inLanguage\":\"es\"},{\"@type\":\"Organization\",\"@id\":\"https:\/\/grupoagrinews.com\/suscripciondolar\/#organization\",\"name\":\"Grupo comunicaci\u00f3n agriNews SL\",\"url\":\"https:\/\/grupoagrinews.com\/suscripciondolar\/\",\"logo\":{\"@type\":\"ImageObject\",\"inLanguage\":\"es\",\"@id\":\"https:\/\/grupoagrinews.com\/suscripciondolar\/#\/schema\/logo\/image\/\",\"url\":\"https:\/\/grupoagrinews.com\/suscripciondolar\/wp-content\/uploads\/2017\/02\/cropped-logo-agrinews.png\",\"contentUrl\":\"https:\/\/grupoagrinews.com\/suscripciondolar\/wp-content\/uploads\/2017\/02\/cropped-logo-agrinews.png\",\"width\":278,\"height\":110,\"caption\":\"Grupo comunicaci\u00f3n agriNews SL\"},\"image\":{\"@id\":\"https:\/\/grupoagrinews.com\/suscripciondolar\/#\/schema\/logo\/image\/\"},\"sameAs\":[\"https:\/\/www.facebook.com\/grupo.agrinews\",\"https:\/\/x.com\/grupo_agrinews\",\"https:\/\/www.instagram.com\/grupo_agrinews\/?hl=es\",\"https:\/\/www.linkedin.com\/company\/grupo-de-comunicaci\u00f3n-agrinews-s-l-\"]}]}<\/script>\n<!-- \/ Yoast SEO plugin. -->","yoast_head_json":{"title":"Cl\u00e1usula informativa LOPD y LSSI-CE - agriNews LLC","robots":{"index":"index","follow":"follow","max-snippet":"max-snippet:-1","max-image-preview":"max-image-preview:large","max-video-preview":"max-video-preview:-1"},"canonical":"https:\/\/grupoagrinews.com\/suscripciondolar\/clausula-informativa-lopd-y-lssi-ce\/","og_locale":"es_ES","og_type":"article","og_title":"Cl\u00e1usula informativa LOPD y LSSI-CE - agriNews LLC","og_description":"De conformidad con lo que establece la Ley Org\u00e1nica 15\/1999, de 13 de diciembre, de Protecci\u00f3n de Datos de Car\u00e1cter Personal, le informamos que sus datos ser\u00e1n incorporados a un fichero bajo la responsabilidad de\u00a0GRUPO DE COMUNICACION AGRINEWS SL\u00a0con la finalidad de atender sus consultas. Puede ejercer sus derechos de acceso, rectificaci\u00f3n, cancelaci\u00f3n y oposici\u00f3n [&hellip;]","og_url":"https:\/\/grupoagrinews.com\/suscripciondolar\/clausula-informativa-lopd-y-lssi-ce\/","og_site_name":"agriNews LLC","article_publisher":"https:\/\/www.facebook.com\/grupo.agrinews","article_modified_time":"2018-07-23T15:31:35+00:00","twitter_card":"summary_large_image","twitter_site":"@grupo_agrinews","twitter_misc":{"Tiempo de lectura":"4 minutos"},"schema":{"@context":"https:\/\/schema.org","@graph":[{"@type":"WebPage","@id":"https:\/\/grupoagrinews.com\/suscripciondolar\/clausula-informativa-lopd-y-lssi-ce\/","url":"https:\/\/grupoagrinews.com\/suscripciondolar\/clausula-informativa-lopd-y-lssi-ce\/","name":"Cl\u00e1usula informativa LOPD y LSSI-CE - agriNews LLC","isPartOf":{"@id":"https:\/\/grupoagrinews.com\/suscripciondolar\/#website"},"datePublished":"2018-05-29T09:00:42+00:00","dateModified":"2018-07-23T15:31:35+00:00","breadcrumb":{"@id":"https:\/\/grupoagrinews.com\/suscripciondolar\/clausula-informativa-lopd-y-lssi-ce\/#breadcrumb"},"inLanguage":"es","potentialAction":[{"@type":"ReadAction","target":["https:\/\/grupoagrinews.com\/suscripciondolar\/clausula-informativa-lopd-y-lssi-ce\/"]}]},{"@type":"BreadcrumbList","@id":"https:\/\/grupoagrinews.com\/suscripciondolar\/clausula-informativa-lopd-y-lssi-ce\/#breadcrumb","itemListElement":[{"@type":"ListItem","position":1,"name":"Portada","item":"https:\/\/grupoagrinews.com\/suscripciondolar\/"},{"@type":"ListItem","position":2,"name":"Cl\u00e1usula informativa LOPD y LSSI-CE"}]},{"@type":"WebSite","@id":"https:\/\/grupoagrinews.com\/suscripciondolar\/#website","url":"https:\/\/grupoagrinews.com\/suscripciondolar\/","name":"agriNews LLC","description":"Nuestra revista y eventos al alcance de todos","publisher":{"@id":"https:\/\/grupoagrinews.com\/suscripciondolar\/#organization"},"potentialAction":[{"@type":"SearchAction","target":{"@type":"EntryPoint","urlTemplate":"https:\/\/grupoagrinews.com\/suscripciondolar\/?s={search_term_string}"},"query-input":{"@type":"PropertyValueSpecification","valueRequired":true,"valueName":"search_term_string"}}],"inLanguage":"es"},{"@type":"Organization","@id":"https:\/\/grupoagrinews.com\/suscripciondolar\/#organization","name":"Grupo comunicaci\u00f3n agriNews SL","url":"https:\/\/grupoagrinews.com\/suscripciondolar\/","logo":{"@type":"ImageObject","inLanguage":"es","@id":"https:\/\/grupoagrinews.com\/suscripciondolar\/#\/schema\/logo\/image\/","url":"https:\/\/grupoagrinews.com\/suscripciondolar\/wp-content\/uploads\/2017\/02\/cropped-logo-agrinews.png","contentUrl":"https:\/\/grupoagrinews.com\/suscripciondolar\/wp-content\/uploads\/2017\/02\/cropped-logo-agrinews.png","width":278,"height":110,"caption":"Grupo comunicaci\u00f3n agriNews SL"},"image":{"@id":"https:\/\/grupoagrinews.com\/suscripciondolar\/#\/schema\/logo\/image\/"},"sameAs":["https:\/\/www.facebook.com\/grupo.agrinews","https:\/\/x.com\/grupo_agrinews","https:\/\/www.instagram.com\/grupo_agrinews\/?hl=es","https:\/\/www.linkedin.com\/company\/grupo-de-comunicaci\u00f3n-agrinews-s-l-"]}]}},"_links":{"self":[{"href":"https:\/\/grupoagrinews.com\/suscripciondolar\/wp-json\/wp\/v2\/pages\/515","targetHints":{"allow":["GET"]}}],"collection":[{"href":"https:\/\/grupoagrinews.com\/suscripciondolar\/wp-json\/wp\/v2\/pages"}],"about":[{"href":"https:\/\/grupoagrinews.com\/suscripciondolar\/wp-json\/wp\/v2\/types\/page"}],"author":[{"embeddable":true,"href":"https:\/\/grupoagrinews.com\/suscripciondolar\/wp-json\/wp\/v2\/users\/1"}],"replies":[{"embeddable":true,"href":"https:\/\/grupoagrinews.com\/suscripciondolar\/wp-json\/wp\/v2\/comments?post=515"}],"version-history":[{"count":3,"href":"https:\/\/grupoagrinews.com\/suscripciondolar\/wp-json\/wp\/v2\/pages\/515\/revisions"}],"predecessor-version":[{"id":584,"href":"https:\/\/grupoagrinews.com\/suscripciondolar\/wp-json\/wp\/v2\/pages\/515\/revisions\/584"}],"wp:attachment":[{"href":"https:\/\/grupoagrinews.com\/suscripciondolar\/wp-json\/wp\/v2\/media?parent=515"}],"curies":[{"name":"wp","href":"https:\/\/api.w.org\/{rel}","templated":true}]}}