{"id":58,"date":"2017-02-17T09:35:38","date_gmt":"2017-02-17T09:35:38","guid":{"rendered":"http:\/\/grupoagrinews.com\/suscripciondolar\/?page_id=58"},"modified":"2018-07-23T15:30:44","modified_gmt":"2018-07-23T15:30:44","slug":"condiciones-generales-contratacion","status":"publish","type":"page","link":"https:\/\/grupoagrinews.com\/suscripciondolar\/condiciones-generales-contratacion\/","title":{"rendered":"Condiciones Generales de Contrataci\u00f3n"},"content":{"rendered":"<p>La presente p\u00e1gina web <a href=\"https:\/\/grupoagrinews.com\/suscripciondolar\/\">grupoagrinews.com\/suscripciondolar\/<\/a>\u00a0es propiedad de GRUPO DE COMUNICACION AGRINEWS SL con CIF B65957300 y direcci\u00f3n fiscal en CAMI RAL 495 2o2a 08301, MATARO<br \/>\n(BARCELONA).<\/p>\n<p>Las condiciones Generales de Contrataci\u00f3n regulan la relaci\u00f3n de venta a distancia entre GRUPO DE COMUNICACION AGRINEWS SL y el usuario o cliente, de acuerdo con las estipulaciones legales, en<br \/>\nespecial, la Ley 7\/1998, de 13 de abril, sobre Condiciones Generales de Contrataci\u00f3n, la Ley 3\/2014, de 27 de marzo por la que se modifica el texto refundido de la Ley General para la Defensa de los<br \/>\nconsumidores y Usuarios, de conformidad con lo establecido en la normativa vigente en Protecci\u00f3n de Datos de Car\u00e1cter Personal, la Ley 7\/1996, de 15 de enero de Ordenaci\u00f3n del Comercio Minorista, y<br \/>\na la Ley 34\/2002 de 11 de julio, de Servicios de la Sociedad de la Informaci\u00f3n y de Comercio Electr\u00f3nico.<\/p>\n<p>GRUPO DE COMUNICACION AGRINEWS SL se reserva el derecho a realizar las modificaciones que considere oportunas, sin aviso previo, en las Condiciones Generales. Dichas modificaciones<br \/>\npodr\u00e1n realizarse, a trav\u00e9s de sus websites, por cualquier forma admisible en derecho y ser\u00e1n de obligado cumplimiento durante el tiempo en que se encuentren publicadas en la web y hasta que no<br \/>\nsean modificadas v\u00e1lidamente por otras posteriores. No obstante, GRUPO DE COMUNICACION AGRINEWS SL se reserva el derecho de aplicar, en determinados casos, unas Condiciones<br \/>\nParticulares de Contrataci\u00f3n con preferencia a las presentes Condiciones Generales cuando lo considere oportuno, anunci\u00e1ndolas en tiempo y forma oportunos.<\/p>\n<p>El objeto de la p\u00e1gina web es SUSCRIPCI\u00d3N A LA REVISTA.<\/p>\n<p>La duraci\u00f3n del contrato quedar\u00e1 vinculada a la finalizaci\u00f3n del servicio contratado, ser\u00e1 anual. Como usuario o cliente declara expresamente conocer, entender y aceptar las condiciones de uso y<br \/>\nestas condiciones generales de contrataci\u00f3n. Del mismo modo, declara ser mayor de edad y tener la capacidad jur\u00eddica y de obrar necesarias para el acceso a los sitios web de GRUPO DE<br \/>\nCOMUNICACION AGRINEWS SL y la contrataci\u00f3n por medio de los mismos. Para adquirir nuestros productos, usted puede dirigirse al apartado correspondiente de nuestra tienda<br \/>\nonline.<\/p>\n<p>Es requisito imprescindible que se registre como usuario de la web para realizar la compra online. Puede acceder al apartado correspondiente para el registro en la propia web. De conformidad con lo<br \/>\nestablecido en la normativa vigente en Protecci\u00f3n de Datos de Car\u00e1cter Personal, GRUPO DE COMUNICACION AGRINEWS SL informa a los usuarios que los datos personales recabados durante<br \/>\nel proceso de registro y posterior compra, ser\u00e1n introducidos en un sistema de tratamiento bajo su responsabilidad, con la finalidad de tramitar dichas acciones por parte del usuario y gestionar<br \/>\nactuaciones posteriores derivadas de las mismas. Asimismo, GRUPO DE COMUNICACION AGRINEWS SL informa de la posibilidad de derechos de acceso, rectificaci\u00f3n, limitaci\u00f3n de<br \/>\ntratamiento, supresi\u00f3n, portabilidad y oposici\u00f3n al tratamiento de sus datos de car\u00e1cter personal as\u00ed como del consentimiento prestado para el tratamiento de los mismos mediante un escrito a la<br \/>\ndirecci\u00f3n CAMI RAL 495 2o2a 08301, MATARO (BARCELONA) o a trav\u00e9s del correo electr\u00f3nico <a href=\"mailto:info@grupoagrinews.com\">info@grupoagrinews.com<\/a>.<\/p>\n<p>&nbsp;<\/p>\n<p>Mientras no nos comunique lo contrario, entenderemos que sus datos no han sido modificados, que usted se compromete a notificarnos cualquier variaci\u00f3n y que tenemos el consentimiento para<br \/>\nutilizarlos a fin de poder fidelizar la relaci\u00f3n entre las partes.<\/p>\n<p>Durante el proceso de compra deber\u00e1 identificarse con el nombre de usuario y la contrase\u00f1a proporcionados. Estos datos no ser\u00e1n p\u00fablicos. Usted se hace responsable de tratar confidencial y<br \/>\nresponsablemente la identidad y contrase\u00f1a obtenidas en el registro como cliente, no pudiendo cederlas a otro. Puede modificar la informaci\u00f3n registrada en cualquier momento, en su \u00e1rea de<br \/>\ncliente. En este mismo apartado usted tendr\u00e1 acceso a un hist\u00f3rico de sus pedidos, est\u00e9 s\u00f3lo es un apartado de consulta pero se permite su gesti\u00f3n, pudiendo el usuario eliminar aquellos registros que<br \/>\nconsidere no es necesario visualizar.<\/p>\n<p>Finalizado el proceso de compra el cliente recibir\u00e1 una confirmaci\u00f3n del mismo por correo electr\u00f3nico.<\/p>\n<p>Es imprescindible que durante el proceso de compra el usuario indique un correo electr\u00f3nico v\u00e1lido.<\/p>\n<p>Si en 24 horas desde la finalizaci\u00f3n del pedido no recibe la confirmaci\u00f3n, p\u00f3ngase en contacto con GRUPO DE COMUNICACION AGRINEWS SL en el tel\u00e9fono de atenci\u00f3n al cliente 938458717 o mediante el correo electr\u00f3nico <a href=\"mailto:info@grupoagrinews.com\">info@grupoagrinews.com<\/a>.<\/p>\n<p>Todos los contenidos de la web est\u00e1n en espa\u00f1ol.<\/p>\n<p>El cliente, al recibir el producto en la direcci\u00f3n de entrega facilitada, recibir\u00e1 una factura o copia del pedido.<\/p>\n<p><strong>Caracter\u00edsticas, oferta y vigencia de los servicios<\/strong><\/p>\n<p>Los servicios ofertados en nuestra tienda online, se detallan las caracter\u00edsticas esenciales de los mismos.<\/p>\n<p>En caso de un servicio en oferta, siempre se indicar\u00e1 junto a sus caracter\u00edsticas esenciales, el precio de oferta y la validez de la misma.<\/p>\n<p>En cumplimiento de la normativa vigente GRUPO DE COMUNICACION AGRINEWS SL ofrece informaci\u00f3n sobre todos sus servicios, sus caracter\u00edsticas y precios. No obstante, GRUPO DE<br \/>\nCOMUNICACION AGRINEWS SL se reserva el derecho a retirar, reponer o cambiar los servicios que se ofrecen a trav\u00e9s de su p\u00e1gina web, mediante el simple cambio en el contenido de la misma. De<br \/>\nesta forma, los servicios ofrecidos en cada momento por la web se regir\u00e1n por las Condiciones Generales de Contrataci\u00f3n vigentes en cada caso. Asimismo, la empresa tendr\u00e1 la facultad de dejar<br \/>\nde ofrecer, sin previo aviso y en cualquier momento, el acceso a los servicios mencionados.<\/p>\n<p><strong>Garant\u00edas<\/strong><\/p>\n<p>Todos los servicios ofrecidos en la p\u00e1gina web gozan de la garant\u00eda correspondiente al tipo de servicio, y al tiempo y forma de prestaci\u00f3n de servicios que haya solicitado.<br \/>\nGRUPO DE COMUNICACION AGRINEWS SL dispone de un servicio de atenci\u00f3n al cliente, mediante el tel\u00e9fono 938458717 o mediante el correo electr\u00f3nico <a href=\"mailto:info@grupoagrinews.com\">info@grupoagrinews.com<\/a> donde podr\u00e1 dirigir<br \/>\nla reclamaci\u00f3n correspondiente en caso desconformidad.<\/p>\n<p><strong>Precios<\/strong><\/p>\n<p>Todos los productos indican el precio de venta en Euros e incluyen el Impuesto sobre el Valor A\u00f1adido (IVA).<br \/>\nSi fuera aplicable cualquier otro impuesto, as\u00ed se indicar\u00eda (IGIC o IPSI).<\/p>\n<p><strong>Forma de entrega<\/strong><\/p>\n<p>GRUPO DE COMUNICACION AGRINEWS SL hace llegar la revista por correo postal gratuitamente.<\/p>\n<p><strong>Formas de pago y ejecuci\u00f3n del pedido<\/strong><\/p>\n<p>El cliente podr\u00e1 abonar el importe de su servicio optando por cualquiera de las siguientes formas.<\/p>\n<p>Durante el proceso de compra deber\u00e1 indicar su elecci\u00f3n:<\/p>\n<p><strong>&#8211; Transferencia Bancaria<\/strong><\/p>\n<p>Al seleccionar la transferencia bancaria recibir\u00e1, junto con la confirmaci\u00f3n de su pedido, un e-mail con los datos bancarios de GRUPO DE COMUNICACION AGRINEWS SL.<br \/>\nEs muy importante que al realizar la transferencia indique en el asunto el n\u00famero de pedido, as\u00ed como su nombre y apellidos, y realice la transferencia dentro de los 3 d\u00edas posteriores a la fecha de<br \/>\nconfirmaci\u00f3n del pedido para poder validarlo.<\/p>\n<p>Si lo desea, puede enviarnos el justificante de la transferencia por e-mail <a href=\"mailto:info@grupoagrinews.com\">info@grupoagrinews.com<\/a>.<\/p>\n<p>Pero en cualquier caso, no se considerar\u00e1 efectivo el pedido hasta que nuestro departamento de administraci\u00f3n no tenga confirmaci\u00f3n bancaria de la transferencia.<br \/>\nRecordarle que el pago se tiene que realizar en EUROS y que todas las eventuales comisiones de cambio y bancarias corren por su cuenta.<\/p>\n<p>En el caso de transferencias bancarias realizadas desde fuera de Espa\u00f1a, es muy importante que al ordenar la transferencia comunique siempre a su banco hacerse cargo de las comisiones en origen,<br \/>\naquellas comisiones bancarias y gastos correspondientes a su entidad. De no ser as\u00ed, GRUPO DE COMUNICACION AGRINEWS SL podr\u00eda paralizar el env\u00edo de su pedido al no recibir la cantidad<br \/>\n\u00edntegra del mismo.<\/p>\n<p>Las posibles comisiones de cambio y bancarias corren a cargo del cliente.<\/p>\n<p><strong>&#8211; PayPal<\/strong><\/p>\n<p>Permite enviar pagos en Internet de forma segura y c\u00f3moda. La red de PayPal se basa en la infraestructura financiera existente de cuentas bancarias y tarjetas de cr\u00e9dito para crear una soluci\u00f3n<br \/>\nglobal de pago en tiempo real. PayPal ofrece un servicio especialmente pensado para aquellos a los que no les satisfacen los mecanismos de pago tradicionales.<\/p>\n<p>M\u00e1s informaci\u00f3n en PayPal. http:\/\/www.paypal.com.<\/p>\n<p><strong>&#8211; Tarjeta de cr\u00e9dito VISA o MASTERCARD<\/strong><\/p>\n<p>Todas las operaciones que implican la transmisi\u00f3n de datos personales o bancarios se realizan utilizando un entorno seguro, un servidor basado en la tecnolog\u00eda de seguridad est\u00e1ndar SSL<br \/>\n(Secure Sockets Layer). Toda la informaci\u00f3n que nos transmita viaja cifrada a trav\u00e9s de la red. Asimismo los datos sobre su tarjeta de cr\u00e9dito son introducidos directamente en la p\u00e1gina del banco,<br \/>\nen el TPV (Terminal Punto de venta del Banco) y no son introducidos ni registrados en ning\u00fan servidor de GRUPO DE COMUNICACION AGRINEWS SL.<br \/>\nAl pagar con tarjeta VISA o MASTERCARD se le solicitar\u00e1n siempre los siguientes datos: el n\u00famero de tarjeta, la fecha de caducidad, y un C\u00f3digo de Validaci\u00f3n que coincide con las 3 \u00faltimas cifras del<br \/>\nn\u00famero impreso en cursiva en el reverso de su tarjeta VISA o MASTERCARD, ofreciendo, de esta forma, m\u00e1s garant\u00edas acerca de la seguridad de la transacci\u00f3n.<\/p>\n<p>Esta forma de pago es v\u00e1lida \u00fanicamente en la web.<\/p>\n<p>Cuando el importe de una compra hubiese sido cargado fraudulenta o indebidamente utilizando el n\u00famero de una tarjeta de pago, su titular podr\u00e1 exigir la inmediata anulaci\u00f3n del cargo. En tal caso,<br \/>\nlas correspondientes anotaciones de adeudo y reabono en las cuentas del proveedor y del titular se efectuar\u00e1n a la mayor brevedad.<br \/>\nSin embargo, si la compra hubiese sido efectivamente realizada por el titular de la tarjeta y la exigencia de devoluci\u00f3n no fuera consecuencia de haberse ejercido el derecho de desistimiento o de<br \/>\nresoluci\u00f3n y, por tanto, hubiese exigido indebidamente la anulaci\u00f3n del correspondiente cargo, aquel quedar\u00e1 obligado frente a GRUPO DE COMUNICACION AGRINEWS SL al resarcimiento de los<br \/>\nda\u00f1os y perjuicios ocasionados como consecuencia de dicha anulaci\u00f3n.<\/p>\n<p>GRUPO DE COMUNICACION AGRINEWS SL se compromete a entregar el pedido: Pen\u00ednsula de 4 a 5 d\u00edas, Canarias de 5 a 10 d\u00edas e Internacional de 10 a 15 d\u00edas.<\/p>\n<p>La disponibilidad de los productos ofrecidos por GRUPO DE COMUNICACION AGRINEWS SL puede variar en funci\u00f3n de la demanda de los clientes. Pese a que GRUPO DE COMUNICACION<br \/>\nAGRINEWS SL actualiza el stock peri\u00f3dicamente, el producto solicitado por el cliente podr\u00eda estar agotado en ese momento. En caso de no ejecuci\u00f3n por indisponibilidad, GRUPO DE<br \/>\nCOMUNICACION AGRINEWS SL en el momento que tenga conocimiento de esta situaci\u00f3n lo notificar\u00e1 al cliente, por medio de un correo electr\u00f3nico. El periodo de esta comunicaci\u00f3n no superar\u00e1<br \/>\nen ning\u00fan caso el plazo m\u00e1ximo de 30 d\u00edas. GRUPO DE COMUNICACION AGRINEWS SL podr\u00e1 dar la doble opci\u00f3n de: suministrar al cliente sin aumento de precio, un producto de caracter\u00edsticas<br \/>\nsimilares o de superior calidad, o salvo razones justificadas y demostrables por GRUPO DE COMUNICACION AGRINEWS SL dentro de este mismo periodo abonar las sumas pagadas por el<br \/>\npedido anulado. En el supuesto de que GRUPO DE COMUNICACION AGRINEWS SL no realice este abono en el plazo se\u00f1alado, el comprador podr\u00e1 reclamar que se le pague el doble de la suma<br \/>\nadeudada, sin perjuicio a su derecho de ser indemnizado.<\/p>\n<p>&nbsp;<\/p>\n<p><strong>Derecho de desistimiento, devoluciones y reclamaciones<\/strong><\/p>\n<p>El cliente dispondr\u00e1 de un plazo m\u00ednimo de catorce d\u00edas naturales para desistir, a partir del d\u00eda de celebraci\u00f3n del contrato, sin penalizaci\u00f3n alguna y sin indicaci\u00f3n de los motivos.<\/p>\n<p>El ejercicio del derecho de desistimiento deber\u00e1 realizarse mediante notificaci\u00f3n a trav\u00e9s comunicaci\u00f3n telef\u00f3nica a 938458717, dirigi\u00e9ndose al correo electr\u00f3nico <a href=\"mailto:info@grupoagrinews.com\">info@grupoagrinews.com<\/a>,<br \/>\nremitiendo su escrito a nuestra direcci\u00f3n postal CAMI RAL 495 2o2a 08301, MATARO (BARCELONA), o bien a trav\u00e9s del formulario de desistimiento.<\/p>\n<p>Seg\u00fan lo establecido el art\u00edculo 103 de la Ley 3\/2014, de 27 de marzo por la que se modifica el texto refundido de la Ley General para la Defensa de los consumidores y Usuarios, los suministros de<br \/>\nservicios o bienes confeccionado conforme a las especificaciones del consumidor o claramente personalizados, o que, por su naturaleza, no puedan ser devueltos o puedan deteriorarse o caducar<br \/>\ncon rapidez, est\u00e1n exentos de desistimiento.<\/p>\n<p>Si el cliente solicita que la prestaci\u00f3n del servicio d\u00e9 comienzo durante el periodo de desistimiento, este quedar\u00e1 obligado al abono del importe proporcional a la parte prestada del servicio en el<br \/>\nmomento en que haya comunicado su desistimiento, en relaci\u00f3n al objeto del contrato.<\/p>\n<p>El cliente se podr\u00e1 dar de baja del servicio antes de terminar la anualidad contratada, quedando fuera el periodo de desistimiento, pero no se devolver\u00e1 el importe de la suscripci\u00f3n anual.<\/p>\n<p><strong>Reembolso del pago<\/strong><\/p>\n<p>El reembolso de la cantidad recibida por el cliente se realizar\u00e1 utilizando los mismos medios de pago empleados por este, siempre y cuando no se haya dispuesto lo contrario.<br \/>\nLa GRUPO DE COMUNICACION AGRINEWS SL abonar\u00e1 la cantidad satisfecha por el cliente antes de 14 d\u00edas naturales des de la fecha de recepci\u00f3n del derecho de desistimiento.<br \/>\nEn caso de retraso injustificado por parte de GRUPO DE COMUNICACION AGRINEWS SL, respecto a la devoluci\u00f3n de la suma abonada, el cliente podr\u00e1 reclamar el doble de la suma pagada, sin<br \/>\nperjuicio del derecho de ser indemnizado por los da\u00f1os y perjuicios sufridos en los que exceda de dicha cantidad.<\/p>\n<p><strong>Devoluci\u00f3n del producto defectuoso.<\/strong><\/p>\n<p>En el caso de que el producto no se encuentre en buen estado el cliente, deber\u00e1 comunicarlo a info@grupoagrinews.com y se les volver\u00e1 a enviar una revista nueva.<\/p>\n<p><strong>Jurisdicci\u00f3n<\/strong><\/p>\n<p>Asimismo, GRUPO DE COMUNICACION AGRINEWS SL se reserva la facultad de presentar las acciones civiles o penales que considere oportunas por la utilizaci\u00f3n indebida de su sitio web y<br \/>\ncontenidos o por el incumplimiento de las presentes condiciones.<\/p>\n<p>La relaci\u00f3n entre el usuario y el prestador se regir\u00e1 por la normativa vigente y de aplicaci\u00f3n en el territorio espa\u00f1ol. De surgir cualquier controversia las partes podr\u00e1n someter sus conflictos a arbitraje<br \/>\no acudir a la jurisdicci\u00f3n ordinaria cumpliendo con las normas sobre jurisdicci\u00f3n y competencia al respecto. GRUPO DE COMUNICACION AGRINEWS SL tiene su domicilio en BARCELONA, Espa\u00f1a.<\/p>\n<p>&nbsp;<\/p>\n","protected":false},"excerpt":{"rendered":"<p>La presente p\u00e1gina web grupoagrinews.com\/suscripciondolar\/\u00a0es propiedad de GRUPO DE COMUNICACION AGRINEWS SL con CIF B65957300 y direcci\u00f3n fiscal en CAMI RAL 495 2o2a 08301, MATARO (BARCELONA). Las condiciones Generales de Contrataci\u00f3n regulan la relaci\u00f3n de venta a distancia entre GRUPO DE COMUNICACION AGRINEWS SL y el usuario o cliente, de acuerdo con las estipulaciones legales, [&hellip;]<\/p>\n","protected":false},"author":1,"featured_media":0,"parent":0,"menu_order":0,"comment_status":"closed","ping_status":"closed","template":"","meta":{"footnotes":""},"class_list":["post-58","page","type-page","status-publish","hentry"],"yoast_head":"<!-- This site is optimized with the Yoast SEO plugin v25.6 - https:\/\/yoast.com\/wordpress\/plugins\/seo\/ -->\n<title>Condiciones Generales de Contrataci\u00f3n - agriNews LLC<\/title>\n<meta name=\"robots\" content=\"index, follow, max-snippet:-1, max-image-preview:large, max-video-preview:-1\" \/>\n<link rel=\"canonical\" href=\"https:\/\/grupoagrinews.com\/suscripciondolar\/condiciones-generales-contratacion\/\" \/>\n<meta property=\"og:locale\" content=\"es_ES\" \/>\n<meta property=\"og:type\" content=\"article\" \/>\n<meta property=\"og:title\" content=\"Condiciones Generales de Contrataci\u00f3n - agriNews LLC\" \/>\n<meta property=\"og:description\" content=\"La presente p\u00e1gina web grupoagrinews.com\/suscripciondolar\/\u00a0es propiedad de GRUPO DE COMUNICACION AGRINEWS SL con CIF B65957300 y direcci\u00f3n fiscal en CAMI RAL 495 2o2a 08301, MATARO (BARCELONA). Las condiciones Generales de Contrataci\u00f3n regulan la relaci\u00f3n de venta a distancia entre GRUPO DE COMUNICACION AGRINEWS SL y el usuario o cliente, de acuerdo con las estipulaciones legales, [&hellip;]\" \/>\n<meta property=\"og:url\" content=\"https:\/\/grupoagrinews.com\/suscripciondolar\/condiciones-generales-contratacion\/\" \/>\n<meta property=\"og:site_name\" content=\"agriNews LLC\" \/>\n<meta property=\"article:publisher\" content=\"https:\/\/www.facebook.com\/grupo.agrinews\" \/>\n<meta property=\"article:modified_time\" content=\"2018-07-23T15:30:44+00:00\" \/>\n<meta name=\"twitter:card\" content=\"summary_large_image\" \/>\n<meta name=\"twitter:site\" content=\"@grupo_agrinews\" \/>\n<meta name=\"twitter:label1\" content=\"Tiempo de lectura\" \/>\n\t<meta name=\"twitter:data1\" content=\"12 minutos\" \/>\n<script type=\"application\/ld+json\" class=\"yoast-schema-graph\">{\"@context\":\"https:\/\/schema.org\",\"@graph\":[{\"@type\":\"WebPage\",\"@id\":\"https:\/\/grupoagrinews.com\/suscripciondolar\/condiciones-generales-contratacion\/\",\"url\":\"https:\/\/grupoagrinews.com\/suscripciondolar\/condiciones-generales-contratacion\/\",\"name\":\"Condiciones Generales de Contrataci\u00f3n - agriNews LLC\",\"isPartOf\":{\"@id\":\"https:\/\/grupoagrinews.com\/suscripciondolar\/#website\"},\"datePublished\":\"2017-02-17T09:35:38+00:00\",\"dateModified\":\"2018-07-23T15:30:44+00:00\",\"breadcrumb\":{\"@id\":\"https:\/\/grupoagrinews.com\/suscripciondolar\/condiciones-generales-contratacion\/#breadcrumb\"},\"inLanguage\":\"es\",\"potentialAction\":[{\"@type\":\"ReadAction\",\"target\":[\"https:\/\/grupoagrinews.com\/suscripciondolar\/condiciones-generales-contratacion\/\"]}]},{\"@type\":\"BreadcrumbList\",\"@id\":\"https:\/\/grupoagrinews.com\/suscripciondolar\/condiciones-generales-contratacion\/#breadcrumb\",\"itemListElement\":[{\"@type\":\"ListItem\",\"position\":1,\"name\":\"Portada\",\"item\":\"https:\/\/grupoagrinews.com\/suscripciondolar\/\"},{\"@type\":\"ListItem\",\"position\":2,\"name\":\"Condiciones Generales de Contrataci\u00f3n\"}]},{\"@type\":\"WebSite\",\"@id\":\"https:\/\/grupoagrinews.com\/suscripciondolar\/#website\",\"url\":\"https:\/\/grupoagrinews.com\/suscripciondolar\/\",\"name\":\"agriNews LLC\",\"description\":\"Nuestra revista y eventos al alcance de todos\",\"publisher\":{\"@id\":\"https:\/\/grupoagrinews.com\/suscripciondolar\/#organization\"},\"potentialAction\":[{\"@type\":\"SearchAction\",\"target\":{\"@type\":\"EntryPoint\",\"urlTemplate\":\"https:\/\/grupoagrinews.com\/suscripciondolar\/?s={search_term_string}\"},\"query-input\":{\"@type\":\"PropertyValueSpecification\",\"valueRequired\":true,\"valueName\":\"search_term_string\"}}],\"inLanguage\":\"es\"},{\"@type\":\"Organization\",\"@id\":\"https:\/\/grupoagrinews.com\/suscripciondolar\/#organization\",\"name\":\"Grupo comunicaci\u00f3n agriNews SL\",\"url\":\"https:\/\/grupoagrinews.com\/suscripciondolar\/\",\"logo\":{\"@type\":\"ImageObject\",\"inLanguage\":\"es\",\"@id\":\"https:\/\/grupoagrinews.com\/suscripciondolar\/#\/schema\/logo\/image\/\",\"url\":\"https:\/\/grupoagrinews.com\/suscripciondolar\/wp-content\/uploads\/2017\/02\/cropped-logo-agrinews.png\",\"contentUrl\":\"https:\/\/grupoagrinews.com\/suscripciondolar\/wp-content\/uploads\/2017\/02\/cropped-logo-agrinews.png\",\"width\":278,\"height\":110,\"caption\":\"Grupo comunicaci\u00f3n agriNews SL\"},\"image\":{\"@id\":\"https:\/\/grupoagrinews.com\/suscripciondolar\/#\/schema\/logo\/image\/\"},\"sameAs\":[\"https:\/\/www.facebook.com\/grupo.agrinews\",\"https:\/\/x.com\/grupo_agrinews\",\"https:\/\/www.instagram.com\/grupo_agrinews\/?hl=es\",\"https:\/\/www.linkedin.com\/company\/grupo-de-comunicaci\u00f3n-agrinews-s-l-\"]}]}<\/script>\n<!-- \/ Yoast SEO plugin. -->","yoast_head_json":{"title":"Condiciones Generales de Contrataci\u00f3n - agriNews LLC","robots":{"index":"index","follow":"follow","max-snippet":"max-snippet:-1","max-image-preview":"max-image-preview:large","max-video-preview":"max-video-preview:-1"},"canonical":"https:\/\/grupoagrinews.com\/suscripciondolar\/condiciones-generales-contratacion\/","og_locale":"es_ES","og_type":"article","og_title":"Condiciones Generales de Contrataci\u00f3n - agriNews LLC","og_description":"La presente p\u00e1gina web grupoagrinews.com\/suscripciondolar\/\u00a0es propiedad de GRUPO DE COMUNICACION AGRINEWS SL con CIF B65957300 y direcci\u00f3n fiscal en CAMI RAL 495 2o2a 08301, MATARO (BARCELONA). Las condiciones Generales de Contrataci\u00f3n regulan la relaci\u00f3n de venta a distancia entre GRUPO DE COMUNICACION AGRINEWS SL y el usuario o cliente, de acuerdo con las estipulaciones legales, [&hellip;]","og_url":"https:\/\/grupoagrinews.com\/suscripciondolar\/condiciones-generales-contratacion\/","og_site_name":"agriNews LLC","article_publisher":"https:\/\/www.facebook.com\/grupo.agrinews","article_modified_time":"2018-07-23T15:30:44+00:00","twitter_card":"summary_large_image","twitter_site":"@grupo_agrinews","twitter_misc":{"Tiempo de lectura":"12 minutos"},"schema":{"@context":"https:\/\/schema.org","@graph":[{"@type":"WebPage","@id":"https:\/\/grupoagrinews.com\/suscripciondolar\/condiciones-generales-contratacion\/","url":"https:\/\/grupoagrinews.com\/suscripciondolar\/condiciones-generales-contratacion\/","name":"Condiciones Generales de Contrataci\u00f3n - agriNews LLC","isPartOf":{"@id":"https:\/\/grupoagrinews.com\/suscripciondolar\/#website"},"datePublished":"2017-02-17T09:35:38+00:00","dateModified":"2018-07-23T15:30:44+00:00","breadcrumb":{"@id":"https:\/\/grupoagrinews.com\/suscripciondolar\/condiciones-generales-contratacion\/#breadcrumb"},"inLanguage":"es","potentialAction":[{"@type":"ReadAction","target":["https:\/\/grupoagrinews.com\/suscripciondolar\/condiciones-generales-contratacion\/"]}]},{"@type":"BreadcrumbList","@id":"https:\/\/grupoagrinews.com\/suscripciondolar\/condiciones-generales-contratacion\/#breadcrumb","itemListElement":[{"@type":"ListItem","position":1,"name":"Portada","item":"https:\/\/grupoagrinews.com\/suscripciondolar\/"},{"@type":"ListItem","position":2,"name":"Condiciones Generales de Contrataci\u00f3n"}]},{"@type":"WebSite","@id":"https:\/\/grupoagrinews.com\/suscripciondolar\/#website","url":"https:\/\/grupoagrinews.com\/suscripciondolar\/","name":"agriNews LLC","description":"Nuestra revista y eventos al alcance de todos","publisher":{"@id":"https:\/\/grupoagrinews.com\/suscripciondolar\/#organization"},"potentialAction":[{"@type":"SearchAction","target":{"@type":"EntryPoint","urlTemplate":"https:\/\/grupoagrinews.com\/suscripciondolar\/?s={search_term_string}"},"query-input":{"@type":"PropertyValueSpecification","valueRequired":true,"valueName":"search_term_string"}}],"inLanguage":"es"},{"@type":"Organization","@id":"https:\/\/grupoagrinews.com\/suscripciondolar\/#organization","name":"Grupo comunicaci\u00f3n agriNews SL","url":"https:\/\/grupoagrinews.com\/suscripciondolar\/","logo":{"@type":"ImageObject","inLanguage":"es","@id":"https:\/\/grupoagrinews.com\/suscripciondolar\/#\/schema\/logo\/image\/","url":"https:\/\/grupoagrinews.com\/suscripciondolar\/wp-content\/uploads\/2017\/02\/cropped-logo-agrinews.png","contentUrl":"https:\/\/grupoagrinews.com\/suscripciondolar\/wp-content\/uploads\/2017\/02\/cropped-logo-agrinews.png","width":278,"height":110,"caption":"Grupo comunicaci\u00f3n agriNews SL"},"image":{"@id":"https:\/\/grupoagrinews.com\/suscripciondolar\/#\/schema\/logo\/image\/"},"sameAs":["https:\/\/www.facebook.com\/grupo.agrinews","https:\/\/x.com\/grupo_agrinews","https:\/\/www.instagram.com\/grupo_agrinews\/?hl=es","https:\/\/www.linkedin.com\/company\/grupo-de-comunicaci\u00f3n-agrinews-s-l-"]}]}},"_links":{"self":[{"href":"https:\/\/grupoagrinews.com\/suscripciondolar\/wp-json\/wp\/v2\/pages\/58","targetHints":{"allow":["GET"]}}],"collection":[{"href":"https:\/\/grupoagrinews.com\/suscripciondolar\/wp-json\/wp\/v2\/pages"}],"about":[{"href":"https:\/\/grupoagrinews.com\/suscripciondolar\/wp-json\/wp\/v2\/types\/page"}],"author":[{"embeddable":true,"href":"https:\/\/grupoagrinews.com\/suscripciondolar\/wp-json\/wp\/v2\/users\/1"}],"replies":[{"embeddable":true,"href":"https:\/\/grupoagrinews.com\/suscripciondolar\/wp-json\/wp\/v2\/comments?post=58"}],"version-history":[{"count":8,"href":"https:\/\/grupoagrinews.com\/suscripciondolar\/wp-json\/wp\/v2\/pages\/58\/revisions"}],"predecessor-version":[{"id":583,"href":"https:\/\/grupoagrinews.com\/suscripciondolar\/wp-json\/wp\/v2\/pages\/58\/revisions\/583"}],"wp:attachment":[{"href":"https:\/\/grupoagrinews.com\/suscripciondolar\/wp-json\/wp\/v2\/media?parent=58"}],"curies":[{"name":"wp","href":"https:\/\/api.w.org\/{rel}","templated":true}]}}