{"id":1097,"date":"2020-02-12T11:08:21","date_gmt":"2020-02-12T11:08:21","guid":{"rendered":"https:\/\/grupoagrinews.com\/suscripciondolar\/?post_type=product&#038;p=1097"},"modified":"2020-02-18T11:36:28","modified_gmt":"2020-02-18T11:36:28","slug":"precios-lpn-2020-map","status":"publish","type":"product","link":"https:\/\/grupoagrinews.com\/suscripciondolar\/producto\/precios-lpn-2020-map\/","title":{"rendered":"Precios LPN 2020 map"},"content":{"rendered":"<h4><span style=\"color: #ff9900;\"><strong><a style=\"color: #ff9900;\" href=\"https:\/\/lpncongress.com\/2020\/\" target=\"_blank\" rel=\"noopener noreferrer\">IR a LPNcongress.com<\/a><\/strong><\/span><\/h4>\n<h4 style=\"font-weight: bold;\"><strong><span style=\"color: #000000; font-weight: bold;\">Tarifas<\/span><\/strong><\/h4>\n<table dir=\"ltr\" border=\"0\" cellspacing=\"0\" cellpadding=\"0\">\n<tbody>\n<tr>\n<td><\/td>\n<td style=\"text-align: center;\">Hasta el 17 de Febrero 2020<\/td>\n<td style=\"text-align: center;\">Hasta el 18 de Mayo 2020<\/td>\n<td style=\"text-align: center;\">Hasta el 31 de Agosto 2020<\/td>\n<td style=\"text-align: center;\">A partir del 1 de Septiembre 2020<\/td>\n<\/tr>\n<tr>\n<td>Productores<\/td>\n<td style=\"text-align: center;\">420$<\/td>\n<td style=\"text-align: center;\">600$<\/td>\n<td style=\"text-align: center;\">720$<\/td>\n<td style=\"text-align: center;\">850$<\/td>\n<\/tr>\n<tr>\n<td>Proveedores<\/td>\n<td style=\"text-align: center;\">850$<\/td>\n<td style=\"text-align: center;\">1000$<\/td>\n<td style=\"text-align: center;\">1250$<\/td>\n<td style=\"text-align: center;\">2000$<\/td>\n<\/tr>\n<\/tbody>\n<\/table>\n<h3><span style=\"color: #ff9900;\">Descuento por cantidades:<\/span><\/h3>\n<ul>\n<li><strong>5 inscripciones = 10% de descuento<\/strong><\/li>\n<li><strong>10 inscripciones= 20% de descuento<\/strong><\/li>\n<li><strong>20 inscripciones = 25% de descuento<\/strong><\/li>\n<\/ul>\n<h3><span style=\"color: #ff9900;\">La inscripci\u00f3n incluye:<\/span><\/h3>\n<ul>\n<li>Proceedings<\/li>\n<li>Material del evento (Morral o mochila, bloc, etc.)<\/li>\n<li>Acceso a todas las salas de conferencias y exposici\u00f3n. No hay acceso diferenciado en dichas zonas<\/li>\n<li>Todos los almuerzos durante la celebraci\u00f3n del evento.<\/li>\n<li>Actividades sociales durante el evento.<\/li>\n<li>C\u00f3ctel y evento de inauguraci\u00f3n<\/li>\n<\/ul>\n<p style=\"font-size: 12px;\"><span style=\"color: #000000;\">El precio para comerciales y proveedores no patrocinadores es de 2000USD.<\/span><\/p>\n<p><strong>Una vez abonada la inscripci\u00f3n no se devuelve bajo ning\u00fan concepto.<\/strong><\/p>\n<p>&nbsp;<\/p>\n","protected":false},"excerpt":{"rendered":"<p><span style=\"color: #ff6600;\"><strong>Descuento hasta el 18 de Mayo\u00a0<\/strong><\/span><\/p>\n<h3><strong>600 USD &#8211; Tarifa Profesionales<\/strong><\/h3>\n<h5>Para Directores de producci\u00f3n, Productores y veterinarios de empresas productoras de pollo, pavo o huevo, fabricantes de alimento, nutricionistas-formuladores, gerentes de empresas productoras.<\/h5>\n<h3><strong>1000 USD &#8211; Tarifa proveedores<\/strong><\/h3>\n<h5>Todos los profesionales que comercializan servicios o productos para la industria productora av\u00edcola o de la fabricaci\u00f3n de alimentos, que no sean patrocinadores del evento.<\/h5>\n<p><em><strong>Consulte tarifas de patrocinio en caso de que est\u00e9 interesado, lc@agrinews.es<\/strong><\/em><\/p>\n","protected":false},"featured_media":1106,"template":"","meta":[],"product_brand":[],"product_cat":[33],"product_tag":[],"class_list":{"0":"post-1097","1":"product","2":"type-product","3":"status-publish","4":"has-post-thumbnail","6":"product_cat-lpn-congress-miami","8":"first","9":"instock","10":"virtual","11":"purchasable","12":"product-type-simple"},"yoast_head":"<!-- This site is optimized with the Yoast SEO plugin v25.6 - https:\/\/yoast.com\/wordpress\/plugins\/seo\/ -->\n<title>LPN CONGRESS Miami, donde confluye la avicultura y nutrici\u00f3n animal<\/title>\n<meta name=\"description\" content=\"LPN CONGRESS, disfrute del evento donde confluye la avicultura y nutrici\u00f3n animal de TODA Latinoam\u00e9rica. 23, 24, 25 de octubre 2018. Se tratar\u00e1n diferentes temas como producci\u00f3n de aves de carne, reproductoras pesadas e incubaci\u00f3n av\u00edcola, producci\u00f3n de huevos \/ recr\u00eda y nutrici\u00f3n y alimentaci\u00f3n de monog\u00e1stricos\" \/>\n<meta name=\"robots\" content=\"noindex, nofollow\" \/>\n<meta property=\"og:locale\" content=\"es_ES\" \/>\n<meta property=\"og:type\" content=\"article\" \/>\n<meta property=\"og:title\" content=\"LPN CONGRESS Miami, donde confluye la avicultura y nutrici\u00f3n animal\" \/>\n<meta property=\"og:description\" content=\"LPN CONGRESS, disfrute del evento donde confluye la avicultura y nutrici\u00f3n animal de TODA Latinoam\u00e9rica. 23, 24, 25 de octubre 2018. Se tratar\u00e1n diferentes temas como producci\u00f3n de aves de carne, reproductoras pesadas e incubaci\u00f3n av\u00edcola, producci\u00f3n de huevos \/ recr\u00eda y nutrici\u00f3n y alimentaci\u00f3n de monog\u00e1stricos\" \/>\n<meta property=\"og:url\" content=\"https:\/\/grupoagrinews.com\/suscripciondolar\/producto\/precios-lpn-2020-map\/\" \/>\n<meta property=\"og:site_name\" content=\"agriNews LLC\" \/>\n<meta property=\"article:publisher\" content=\"https:\/\/www.facebook.com\/grupo.agrinews\" \/>\n<meta property=\"article:modified_time\" content=\"2020-02-18T11:36:28+00:00\" \/>\n<meta property=\"og:image\" content=\"https:\/\/grupoagrinews.com\/suscripciondolar\/wp-content\/uploads\/2020\/02\/mpa-lpn.jpg\" \/>\n\t<meta property=\"og:image:width\" content=\"480\" \/>\n\t<meta property=\"og:image:height\" content=\"482\" \/>\n\t<meta property=\"og:image:type\" content=\"image\/jpeg\" \/>\n<meta name=\"twitter:card\" content=\"summary_large_image\" \/>\n<meta name=\"twitter:site\" content=\"@grupo_agrinews\" \/>\n<meta name=\"twitter:label1\" content=\"Tiempo de lectura\" \/>\n\t<meta name=\"twitter:data1\" content=\"1 minuto\" \/>\n<script type=\"application\/ld+json\" class=\"yoast-schema-graph\">{\"@context\":\"https:\/\/schema.org\",\"@graph\":[{\"@type\":\"WebPage\",\"@id\":\"https:\/\/grupoagrinews.com\/suscripciondolar\/producto\/precios-lpn-2020-map\/\",\"url\":\"https:\/\/grupoagrinews.com\/suscripciondolar\/producto\/precios-lpn-2020-map\/\",\"name\":\"LPN CONGRESS Miami, donde confluye la avicultura y nutrici\u00f3n animal\",\"isPartOf\":{\"@id\":\"https:\/\/grupoagrinews.com\/suscripciondolar\/#website\"},\"primaryImageOfPage\":{\"@id\":\"https:\/\/grupoagrinews.com\/suscripciondolar\/producto\/precios-lpn-2020-map\/#primaryimage\"},\"image\":{\"@id\":\"https:\/\/grupoagrinews.com\/suscripciondolar\/producto\/precios-lpn-2020-map\/#primaryimage\"},\"thumbnailUrl\":\"https:\/\/grupoagrinews.com\/suscripciondolar\/wp-content\/uploads\/2020\/02\/mpa-lpn.jpg\",\"datePublished\":\"2020-02-12T11:08:21+00:00\",\"dateModified\":\"2020-02-18T11:36:28+00:00\",\"description\":\"LPN CONGRESS, disfrute del evento donde confluye la avicultura y nutrici\u00f3n animal de TODA Latinoam\u00e9rica. 23, 24, 25 de octubre 2018. Se tratar\u00e1n diferentes temas como producci\u00f3n de aves de carne, reproductoras pesadas e incubaci\u00f3n av\u00edcola, producci\u00f3n de huevos \/ recr\u00eda y nutrici\u00f3n y alimentaci\u00f3n de monog\u00e1stricos\",\"breadcrumb\":{\"@id\":\"https:\/\/grupoagrinews.com\/suscripciondolar\/producto\/precios-lpn-2020-map\/#breadcrumb\"},\"inLanguage\":\"es\",\"potentialAction\":[{\"@type\":\"ReadAction\",\"target\":[\"https:\/\/grupoagrinews.com\/suscripciondolar\/producto\/precios-lpn-2020-map\/\"]}]},{\"@type\":\"ImageObject\",\"inLanguage\":\"es\",\"@id\":\"https:\/\/grupoagrinews.com\/suscripciondolar\/producto\/precios-lpn-2020-map\/#primaryimage\",\"url\":\"https:\/\/grupoagrinews.com\/suscripciondolar\/wp-content\/uploads\/2020\/02\/mpa-lpn.jpg\",\"contentUrl\":\"https:\/\/grupoagrinews.com\/suscripciondolar\/wp-content\/uploads\/2020\/02\/mpa-lpn.jpg\",\"width\":480,\"height\":482},{\"@type\":\"BreadcrumbList\",\"@id\":\"https:\/\/grupoagrinews.com\/suscripciondolar\/producto\/precios-lpn-2020-map\/#breadcrumb\",\"itemListElement\":[{\"@type\":\"ListItem\",\"position\":1,\"name\":\"Portada\",\"item\":\"https:\/\/grupoagrinews.com\/suscripciondolar\/\"},{\"@type\":\"ListItem\",\"position\":2,\"name\":\"Shop\",\"item\":\"https:\/\/grupoagrinews.com\/suscripciondolar\/?lang=en\"},{\"@type\":\"ListItem\",\"position\":3,\"name\":\"Precios LPN 2020 map\"}]},{\"@type\":\"WebSite\",\"@id\":\"https:\/\/grupoagrinews.com\/suscripciondolar\/#website\",\"url\":\"https:\/\/grupoagrinews.com\/suscripciondolar\/\",\"name\":\"agriNews LLC\",\"description\":\"Nuestra revista y eventos al alcance de todos\",\"publisher\":{\"@id\":\"https:\/\/grupoagrinews.com\/suscripciondolar\/#organization\"},\"potentialAction\":[{\"@type\":\"SearchAction\",\"target\":{\"@type\":\"EntryPoint\",\"urlTemplate\":\"https:\/\/grupoagrinews.com\/suscripciondolar\/?s={search_term_string}\"},\"query-input\":{\"@type\":\"PropertyValueSpecification\",\"valueRequired\":true,\"valueName\":\"search_term_string\"}}],\"inLanguage\":\"es\"},{\"@type\":\"Organization\",\"@id\":\"https:\/\/grupoagrinews.com\/suscripciondolar\/#organization\",\"name\":\"Grupo comunicaci\u00f3n agriNews SL\",\"url\":\"https:\/\/grupoagrinews.com\/suscripciondolar\/\",\"logo\":{\"@type\":\"ImageObject\",\"inLanguage\":\"es\",\"@id\":\"https:\/\/grupoagrinews.com\/suscripciondolar\/#\/schema\/logo\/image\/\",\"url\":\"https:\/\/grupoagrinews.com\/suscripciondolar\/wp-content\/uploads\/2017\/02\/cropped-logo-agrinews.png\",\"contentUrl\":\"https:\/\/grupoagrinews.com\/suscripciondolar\/wp-content\/uploads\/2017\/02\/cropped-logo-agrinews.png\",\"width\":278,\"height\":110,\"caption\":\"Grupo comunicaci\u00f3n agriNews SL\"},\"image\":{\"@id\":\"https:\/\/grupoagrinews.com\/suscripciondolar\/#\/schema\/logo\/image\/\"},\"sameAs\":[\"https:\/\/www.facebook.com\/grupo.agrinews\",\"https:\/\/x.com\/grupo_agrinews\",\"https:\/\/www.instagram.com\/grupo_agrinews\/?hl=es\",\"https:\/\/www.linkedin.com\/company\/grupo-de-comunicaci\u00f3n-agrinews-s-l-\"]}]}<\/script>\n<!-- \/ Yoast SEO plugin. -->","yoast_head_json":{"title":"LPN CONGRESS Miami, donde confluye la avicultura y nutrici\u00f3n animal","description":"LPN CONGRESS, disfrute del evento donde confluye la avicultura y nutrici\u00f3n animal de TODA Latinoam\u00e9rica. 23, 24, 25 de octubre 2018. Se tratar\u00e1n diferentes temas como producci\u00f3n de aves de carne, reproductoras pesadas e incubaci\u00f3n av\u00edcola, producci\u00f3n de huevos \/ recr\u00eda y nutrici\u00f3n y alimentaci\u00f3n de monog\u00e1stricos","robots":{"index":"noindex","follow":"nofollow"},"og_locale":"es_ES","og_type":"article","og_title":"LPN CONGRESS Miami, donde confluye la avicultura y nutrici\u00f3n animal","og_description":"LPN CONGRESS, disfrute del evento donde confluye la avicultura y nutrici\u00f3n animal de TODA Latinoam\u00e9rica. 23, 24, 25 de octubre 2018. Se tratar\u00e1n diferentes temas como producci\u00f3n de aves de carne, reproductoras pesadas e incubaci\u00f3n av\u00edcola, producci\u00f3n de huevos \/ recr\u00eda y nutrici\u00f3n y alimentaci\u00f3n de monog\u00e1stricos","og_url":"https:\/\/grupoagrinews.com\/suscripciondolar\/producto\/precios-lpn-2020-map\/","og_site_name":"agriNews LLC","article_publisher":"https:\/\/www.facebook.com\/grupo.agrinews","article_modified_time":"2020-02-18T11:36:28+00:00","og_image":[{"width":480,"height":482,"url":"https:\/\/grupoagrinews.com\/suscripciondolar\/wp-content\/uploads\/2020\/02\/mpa-lpn.jpg","type":"image\/jpeg"}],"twitter_card":"summary_large_image","twitter_site":"@grupo_agrinews","twitter_misc":{"Tiempo de lectura":"1 minuto"},"schema":{"@context":"https:\/\/schema.org","@graph":[{"@type":"WebPage","@id":"https:\/\/grupoagrinews.com\/suscripciondolar\/producto\/precios-lpn-2020-map\/","url":"https:\/\/grupoagrinews.com\/suscripciondolar\/producto\/precios-lpn-2020-map\/","name":"LPN CONGRESS Miami, donde confluye la avicultura y nutrici\u00f3n animal","isPartOf":{"@id":"https:\/\/grupoagrinews.com\/suscripciondolar\/#website"},"primaryImageOfPage":{"@id":"https:\/\/grupoagrinews.com\/suscripciondolar\/producto\/precios-lpn-2020-map\/#primaryimage"},"image":{"@id":"https:\/\/grupoagrinews.com\/suscripciondolar\/producto\/precios-lpn-2020-map\/#primaryimage"},"thumbnailUrl":"https:\/\/grupoagrinews.com\/suscripciondolar\/wp-content\/uploads\/2020\/02\/mpa-lpn.jpg","datePublished":"2020-02-12T11:08:21+00:00","dateModified":"2020-02-18T11:36:28+00:00","description":"LPN CONGRESS, disfrute del evento donde confluye la avicultura y nutrici\u00f3n animal de TODA Latinoam\u00e9rica. 23, 24, 25 de octubre 2018. Se tratar\u00e1n diferentes temas como producci\u00f3n de aves de carne, reproductoras pesadas e incubaci\u00f3n av\u00edcola, producci\u00f3n de huevos \/ recr\u00eda y nutrici\u00f3n y alimentaci\u00f3n de monog\u00e1stricos","breadcrumb":{"@id":"https:\/\/grupoagrinews.com\/suscripciondolar\/producto\/precios-lpn-2020-map\/#breadcrumb"},"inLanguage":"es","potentialAction":[{"@type":"ReadAction","target":["https:\/\/grupoagrinews.com\/suscripciondolar\/producto\/precios-lpn-2020-map\/"]}]},{"@type":"ImageObject","inLanguage":"es","@id":"https:\/\/grupoagrinews.com\/suscripciondolar\/producto\/precios-lpn-2020-map\/#primaryimage","url":"https:\/\/grupoagrinews.com\/suscripciondolar\/wp-content\/uploads\/2020\/02\/mpa-lpn.jpg","contentUrl":"https:\/\/grupoagrinews.com\/suscripciondolar\/wp-content\/uploads\/2020\/02\/mpa-lpn.jpg","width":480,"height":482},{"@type":"BreadcrumbList","@id":"https:\/\/grupoagrinews.com\/suscripciondolar\/producto\/precios-lpn-2020-map\/#breadcrumb","itemListElement":[{"@type":"ListItem","position":1,"name":"Portada","item":"https:\/\/grupoagrinews.com\/suscripciondolar\/"},{"@type":"ListItem","position":2,"name":"Shop","item":"https:\/\/grupoagrinews.com\/suscripciondolar\/?lang=en"},{"@type":"ListItem","position":3,"name":"Precios LPN 2020 map"}]},{"@type":"WebSite","@id":"https:\/\/grupoagrinews.com\/suscripciondolar\/#website","url":"https:\/\/grupoagrinews.com\/suscripciondolar\/","name":"agriNews LLC","description":"Nuestra revista y eventos al alcance de todos","publisher":{"@id":"https:\/\/grupoagrinews.com\/suscripciondolar\/#organization"},"potentialAction":[{"@type":"SearchAction","target":{"@type":"EntryPoint","urlTemplate":"https:\/\/grupoagrinews.com\/suscripciondolar\/?s={search_term_string}"},"query-input":{"@type":"PropertyValueSpecification","valueRequired":true,"valueName":"search_term_string"}}],"inLanguage":"es"},{"@type":"Organization","@id":"https:\/\/grupoagrinews.com\/suscripciondolar\/#organization","name":"Grupo comunicaci\u00f3n agriNews SL","url":"https:\/\/grupoagrinews.com\/suscripciondolar\/","logo":{"@type":"ImageObject","inLanguage":"es","@id":"https:\/\/grupoagrinews.com\/suscripciondolar\/#\/schema\/logo\/image\/","url":"https:\/\/grupoagrinews.com\/suscripciondolar\/wp-content\/uploads\/2017\/02\/cropped-logo-agrinews.png","contentUrl":"https:\/\/grupoagrinews.com\/suscripciondolar\/wp-content\/uploads\/2017\/02\/cropped-logo-agrinews.png","width":278,"height":110,"caption":"Grupo comunicaci\u00f3n agriNews SL"},"image":{"@id":"https:\/\/grupoagrinews.com\/suscripciondolar\/#\/schema\/logo\/image\/"},"sameAs":["https:\/\/www.facebook.com\/grupo.agrinews","https:\/\/x.com\/grupo_agrinews","https:\/\/www.instagram.com\/grupo_agrinews\/?hl=es","https:\/\/www.linkedin.com\/company\/grupo-de-comunicaci\u00f3n-agrinews-s-l-"]}]}},"_links":{"self":[{"href":"https:\/\/grupoagrinews.com\/suscripciondolar\/wp-json\/wp\/v2\/product\/1097","targetHints":{"allow":["GET"]}}],"collection":[{"href":"https:\/\/grupoagrinews.com\/suscripciondolar\/wp-json\/wp\/v2\/product"}],"about":[{"href":"https:\/\/grupoagrinews.com\/suscripciondolar\/wp-json\/wp\/v2\/types\/product"}],"wp:featuredmedia":[{"embeddable":true,"href":"https:\/\/grupoagrinews.com\/suscripciondolar\/wp-json\/wp\/v2\/media\/1106"}],"wp:attachment":[{"href":"https:\/\/grupoagrinews.com\/suscripciondolar\/wp-json\/wp\/v2\/media?parent=1097"}],"wp:term":[{"taxonomy":"product_brand","embeddable":true,"href":"https:\/\/grupoagrinews.com\/suscripciondolar\/wp-json\/wp\/v2\/product_brand?post=1097"},{"taxonomy":"product_cat","embeddable":true,"href":"https:\/\/grupoagrinews.com\/suscripciondolar\/wp-json\/wp\/v2\/product_cat?post=1097"},{"taxonomy":"product_tag","embeddable":true,"href":"https:\/\/grupoagrinews.com\/suscripciondolar\/wp-json\/wp\/v2\/product_tag?post=1097"}],"curies":[{"name":"wp","href":"https:\/\/api.w.org\/{rel}","templated":true}]}}