{"id":1476,"date":"2021-01-27T14:47:02","date_gmt":"2021-01-27T14:47:02","guid":{"rendered":"https:\/\/grupoagrinews.com\/suscripciondolar\/?post_type=product&#038;p=1476"},"modified":"2026-01-19T09:02:11","modified_gmt":"2026-01-19T09:02:11","slug":"nutrinews-latam","status":"publish","type":"product","link":"https:\/\/grupoagrinews.com\/suscripciondolar\/producto\/nutrinews-latam\/","title":{"rendered":"nutriNews LATAM"},"content":{"rendered":"","protected":false},"excerpt":{"rendered":"<p>nutriNews LATAM<\/p>\n","protected":false},"featured_media":1495,"template":"","meta":[],"product_brand":[],"product_cat":[58,10],"product_tag":[],"class_list":{"0":"post-1476","1":"product","2":"type-product","3":"status-publish","4":"has-post-thumbnail","6":"product_cat-america-latina-nutrinews","7":"product_cat-nutrinews","9":"first","10":"instock","11":"shipping-taxable","12":"purchasable","13":"product-type-simple"},"yoast_head":"<!-- This site is optimized with the Yoast SEO plugin v25.6 - https:\/\/yoast.com\/wordpress\/plugins\/seo\/ -->\n<title>nutriNews LATAM la revista global de avicultura - Suscripci\u00f3n agriNews<\/title>\n<meta name=\"description\" content=\"nutriNews LATAM, disfruta de todo el contenido relacionado con la nutrici\u00f3n en Am\u00e9rica Latina. Todo lo relacionado con nutrici\u00f3n, para que no te pierdas nada.\" \/>\n<meta name=\"robots\" content=\"index, follow, max-snippet:-1, max-image-preview:large, max-video-preview:-1\" \/>\n<link rel=\"canonical\" href=\"https:\/\/grupoagrinews.com\/suscripciondolar\/producto\/nutrinews-latam\/\" \/>\n<meta property=\"og:locale\" content=\"es_ES\" \/>\n<meta property=\"og:type\" content=\"article\" \/>\n<meta property=\"og:title\" content=\"nutriNews LATAM la revista global de avicultura - Suscripci\u00f3n agriNews\" \/>\n<meta property=\"og:description\" content=\"nutriNews LATAM, disfruta de todo el contenido relacionado con la nutrici\u00f3n en Am\u00e9rica Latina. Todo lo relacionado con nutrici\u00f3n, para que no te pierdas nada.\" \/>\n<meta property=\"og:url\" content=\"https:\/\/grupoagrinews.com\/suscripciondolar\/producto\/nutrinews-latam\/\" \/>\n<meta property=\"og:site_name\" content=\"agriNews LLC\" \/>\n<meta property=\"article:publisher\" content=\"https:\/\/www.facebook.com\/grupo.agrinews\" \/>\n<meta property=\"article:modified_time\" content=\"2026-01-19T09:02:11+00:00\" \/>\n<meta property=\"og:image\" content=\"https:\/\/grupoagrinews.com\/suscripciondolar\/wp-content\/uploads\/2021\/01\/portada-nutriNews-latam.png\" \/>\n\t<meta property=\"og:image:width\" content=\"300\" \/>\n\t<meta property=\"og:image:height\" content=\"300\" \/>\n\t<meta property=\"og:image:type\" content=\"image\/png\" \/>\n<meta name=\"twitter:card\" content=\"summary_large_image\" \/>\n<meta name=\"twitter:site\" content=\"@grupo_agrinews\" \/>\n<meta name=\"twitter:label1\" content=\"Tiempo de lectura\" \/>\n\t<meta name=\"twitter:data1\" content=\"1 minuto\" \/>\n<script type=\"application\/ld+json\" class=\"yoast-schema-graph\">{\"@context\":\"https:\/\/schema.org\",\"@graph\":[{\"@type\":\"WebPage\",\"@id\":\"https:\/\/grupoagrinews.com\/suscripciondolar\/producto\/nutrinews-latam\/\",\"url\":\"https:\/\/grupoagrinews.com\/suscripciondolar\/producto\/nutrinews-latam\/\",\"name\":\"nutriNews LATAM la revista global de avicultura - Suscripci\u00f3n agriNews\",\"isPartOf\":{\"@id\":\"https:\/\/grupoagrinews.com\/suscripciondolar\/#website\"},\"primaryImageOfPage\":{\"@id\":\"https:\/\/grupoagrinews.com\/suscripciondolar\/producto\/nutrinews-latam\/#primaryimage\"},\"image\":{\"@id\":\"https:\/\/grupoagrinews.com\/suscripciondolar\/producto\/nutrinews-latam\/#primaryimage\"},\"thumbnailUrl\":\"https:\/\/grupoagrinews.com\/suscripciondolar\/wp-content\/uploads\/2021\/01\/portada-nutriNews-latam.png\",\"datePublished\":\"2021-01-27T14:47:02+00:00\",\"dateModified\":\"2026-01-19T09:02:11+00:00\",\"description\":\"nutriNews LATAM, disfruta de todo el contenido relacionado con la nutrici\u00f3n en Am\u00e9rica Latina. Todo lo relacionado con nutrici\u00f3n, para que no te pierdas nada.\",\"breadcrumb\":{\"@id\":\"https:\/\/grupoagrinews.com\/suscripciondolar\/producto\/nutrinews-latam\/#breadcrumb\"},\"inLanguage\":\"es\",\"potentialAction\":[{\"@type\":\"ReadAction\",\"target\":[\"https:\/\/grupoagrinews.com\/suscripciondolar\/producto\/nutrinews-latam\/\"]}]},{\"@type\":\"ImageObject\",\"inLanguage\":\"es\",\"@id\":\"https:\/\/grupoagrinews.com\/suscripciondolar\/producto\/nutrinews-latam\/#primaryimage\",\"url\":\"https:\/\/grupoagrinews.com\/suscripciondolar\/wp-content\/uploads\/2021\/01\/portada-nutriNews-latam.png\",\"contentUrl\":\"https:\/\/grupoagrinews.com\/suscripciondolar\/wp-content\/uploads\/2021\/01\/portada-nutriNews-latam.png\",\"width\":300,\"height\":300},{\"@type\":\"BreadcrumbList\",\"@id\":\"https:\/\/grupoagrinews.com\/suscripciondolar\/producto\/nutrinews-latam\/#breadcrumb\",\"itemListElement\":[{\"@type\":\"ListItem\",\"position\":1,\"name\":\"Portada\",\"item\":\"https:\/\/grupoagrinews.com\/suscripciondolar\/\"},{\"@type\":\"ListItem\",\"position\":2,\"name\":\"Shop\",\"item\":\"https:\/\/grupoagrinews.com\/suscripciondolar\/?lang=en\"},{\"@type\":\"ListItem\",\"position\":3,\"name\":\"nutriNews LATAM\"}]},{\"@type\":\"WebSite\",\"@id\":\"https:\/\/grupoagrinews.com\/suscripciondolar\/#website\",\"url\":\"https:\/\/grupoagrinews.com\/suscripciondolar\/\",\"name\":\"agriNews LLC\",\"description\":\"Nuestra revista y eventos al alcance de todos\",\"publisher\":{\"@id\":\"https:\/\/grupoagrinews.com\/suscripciondolar\/#organization\"},\"potentialAction\":[{\"@type\":\"SearchAction\",\"target\":{\"@type\":\"EntryPoint\",\"urlTemplate\":\"https:\/\/grupoagrinews.com\/suscripciondolar\/?s={search_term_string}\"},\"query-input\":{\"@type\":\"PropertyValueSpecification\",\"valueRequired\":true,\"valueName\":\"search_term_string\"}}],\"inLanguage\":\"es\"},{\"@type\":\"Organization\",\"@id\":\"https:\/\/grupoagrinews.com\/suscripciondolar\/#organization\",\"name\":\"Grupo comunicaci\u00f3n agriNews SL\",\"url\":\"https:\/\/grupoagrinews.com\/suscripciondolar\/\",\"logo\":{\"@type\":\"ImageObject\",\"inLanguage\":\"es\",\"@id\":\"https:\/\/grupoagrinews.com\/suscripciondolar\/#\/schema\/logo\/image\/\",\"url\":\"https:\/\/grupoagrinews.com\/suscripciondolar\/wp-content\/uploads\/2017\/02\/cropped-logo-agrinews.png\",\"contentUrl\":\"https:\/\/grupoagrinews.com\/suscripciondolar\/wp-content\/uploads\/2017\/02\/cropped-logo-agrinews.png\",\"width\":278,\"height\":110,\"caption\":\"Grupo comunicaci\u00f3n agriNews SL\"},\"image\":{\"@id\":\"https:\/\/grupoagrinews.com\/suscripciondolar\/#\/schema\/logo\/image\/\"},\"sameAs\":[\"https:\/\/www.facebook.com\/grupo.agrinews\",\"https:\/\/x.com\/grupo_agrinews\",\"https:\/\/www.instagram.com\/grupo_agrinews\/?hl=es\",\"https:\/\/www.linkedin.com\/company\/grupo-de-comunicaci\u00f3n-agrinews-s-l-\"]}]}<\/script>\n<!-- \/ Yoast SEO plugin. -->","yoast_head_json":{"title":"nutriNews LATAM la revista global de avicultura - Suscripci\u00f3n agriNews","description":"nutriNews LATAM, disfruta de todo el contenido relacionado con la nutrici\u00f3n en Am\u00e9rica Latina. Todo lo relacionado con nutrici\u00f3n, para que no te pierdas nada.","robots":{"index":"index","follow":"follow","max-snippet":"max-snippet:-1","max-image-preview":"max-image-preview:large","max-video-preview":"max-video-preview:-1"},"canonical":"https:\/\/grupoagrinews.com\/suscripciondolar\/producto\/nutrinews-latam\/","og_locale":"es_ES","og_type":"article","og_title":"nutriNews LATAM la revista global de avicultura - Suscripci\u00f3n agriNews","og_description":"nutriNews LATAM, disfruta de todo el contenido relacionado con la nutrici\u00f3n en Am\u00e9rica Latina. Todo lo relacionado con nutrici\u00f3n, para que no te pierdas nada.","og_url":"https:\/\/grupoagrinews.com\/suscripciondolar\/producto\/nutrinews-latam\/","og_site_name":"agriNews LLC","article_publisher":"https:\/\/www.facebook.com\/grupo.agrinews","article_modified_time":"2026-01-19T09:02:11+00:00","og_image":[{"width":300,"height":300,"url":"https:\/\/grupoagrinews.com\/suscripciondolar\/wp-content\/uploads\/2021\/01\/portada-nutriNews-latam.png","type":"image\/png"}],"twitter_card":"summary_large_image","twitter_site":"@grupo_agrinews","twitter_misc":{"Tiempo de lectura":"1 minuto"},"schema":{"@context":"https:\/\/schema.org","@graph":[{"@type":"WebPage","@id":"https:\/\/grupoagrinews.com\/suscripciondolar\/producto\/nutrinews-latam\/","url":"https:\/\/grupoagrinews.com\/suscripciondolar\/producto\/nutrinews-latam\/","name":"nutriNews LATAM la revista global de avicultura - Suscripci\u00f3n agriNews","isPartOf":{"@id":"https:\/\/grupoagrinews.com\/suscripciondolar\/#website"},"primaryImageOfPage":{"@id":"https:\/\/grupoagrinews.com\/suscripciondolar\/producto\/nutrinews-latam\/#primaryimage"},"image":{"@id":"https:\/\/grupoagrinews.com\/suscripciondolar\/producto\/nutrinews-latam\/#primaryimage"},"thumbnailUrl":"https:\/\/grupoagrinews.com\/suscripciondolar\/wp-content\/uploads\/2021\/01\/portada-nutriNews-latam.png","datePublished":"2021-01-27T14:47:02+00:00","dateModified":"2026-01-19T09:02:11+00:00","description":"nutriNews LATAM, disfruta de todo el contenido relacionado con la nutrici\u00f3n en Am\u00e9rica Latina. Todo lo relacionado con nutrici\u00f3n, para que no te pierdas nada.","breadcrumb":{"@id":"https:\/\/grupoagrinews.com\/suscripciondolar\/producto\/nutrinews-latam\/#breadcrumb"},"inLanguage":"es","potentialAction":[{"@type":"ReadAction","target":["https:\/\/grupoagrinews.com\/suscripciondolar\/producto\/nutrinews-latam\/"]}]},{"@type":"ImageObject","inLanguage":"es","@id":"https:\/\/grupoagrinews.com\/suscripciondolar\/producto\/nutrinews-latam\/#primaryimage","url":"https:\/\/grupoagrinews.com\/suscripciondolar\/wp-content\/uploads\/2021\/01\/portada-nutriNews-latam.png","contentUrl":"https:\/\/grupoagrinews.com\/suscripciondolar\/wp-content\/uploads\/2021\/01\/portada-nutriNews-latam.png","width":300,"height":300},{"@type":"BreadcrumbList","@id":"https:\/\/grupoagrinews.com\/suscripciondolar\/producto\/nutrinews-latam\/#breadcrumb","itemListElement":[{"@type":"ListItem","position":1,"name":"Portada","item":"https:\/\/grupoagrinews.com\/suscripciondolar\/"},{"@type":"ListItem","position":2,"name":"Shop","item":"https:\/\/grupoagrinews.com\/suscripciondolar\/?lang=en"},{"@type":"ListItem","position":3,"name":"nutriNews LATAM"}]},{"@type":"WebSite","@id":"https:\/\/grupoagrinews.com\/suscripciondolar\/#website","url":"https:\/\/grupoagrinews.com\/suscripciondolar\/","name":"agriNews LLC","description":"Nuestra revista y eventos al alcance de todos","publisher":{"@id":"https:\/\/grupoagrinews.com\/suscripciondolar\/#organization"},"potentialAction":[{"@type":"SearchAction","target":{"@type":"EntryPoint","urlTemplate":"https:\/\/grupoagrinews.com\/suscripciondolar\/?s={search_term_string}"},"query-input":{"@type":"PropertyValueSpecification","valueRequired":true,"valueName":"search_term_string"}}],"inLanguage":"es"},{"@type":"Organization","@id":"https:\/\/grupoagrinews.com\/suscripciondolar\/#organization","name":"Grupo comunicaci\u00f3n agriNews SL","url":"https:\/\/grupoagrinews.com\/suscripciondolar\/","logo":{"@type":"ImageObject","inLanguage":"es","@id":"https:\/\/grupoagrinews.com\/suscripciondolar\/#\/schema\/logo\/image\/","url":"https:\/\/grupoagrinews.com\/suscripciondolar\/wp-content\/uploads\/2017\/02\/cropped-logo-agrinews.png","contentUrl":"https:\/\/grupoagrinews.com\/suscripciondolar\/wp-content\/uploads\/2017\/02\/cropped-logo-agrinews.png","width":278,"height":110,"caption":"Grupo comunicaci\u00f3n agriNews SL"},"image":{"@id":"https:\/\/grupoagrinews.com\/suscripciondolar\/#\/schema\/logo\/image\/"},"sameAs":["https:\/\/www.facebook.com\/grupo.agrinews","https:\/\/x.com\/grupo_agrinews","https:\/\/www.instagram.com\/grupo_agrinews\/?hl=es","https:\/\/www.linkedin.com\/company\/grupo-de-comunicaci\u00f3n-agrinews-s-l-"]}]}},"_links":{"self":[{"href":"https:\/\/grupoagrinews.com\/suscripciondolar\/wp-json\/wp\/v2\/product\/1476","targetHints":{"allow":["GET"]}}],"collection":[{"href":"https:\/\/grupoagrinews.com\/suscripciondolar\/wp-json\/wp\/v2\/product"}],"about":[{"href":"https:\/\/grupoagrinews.com\/suscripciondolar\/wp-json\/wp\/v2\/types\/product"}],"wp:featuredmedia":[{"embeddable":true,"href":"https:\/\/grupoagrinews.com\/suscripciondolar\/wp-json\/wp\/v2\/media\/1495"}],"wp:attachment":[{"href":"https:\/\/grupoagrinews.com\/suscripciondolar\/wp-json\/wp\/v2\/media?parent=1476"}],"wp:term":[{"taxonomy":"product_brand","embeddable":true,"href":"https:\/\/grupoagrinews.com\/suscripciondolar\/wp-json\/wp\/v2\/product_brand?post=1476"},{"taxonomy":"product_cat","embeddable":true,"href":"https:\/\/grupoagrinews.com\/suscripciondolar\/wp-json\/wp\/v2\/product_cat?post=1476"},{"taxonomy":"product_tag","embeddable":true,"href":"https:\/\/grupoagrinews.com\/suscripciondolar\/wp-json\/wp\/v2\/product_tag?post=1476"}],"curies":[{"name":"wp","href":"https:\/\/api.w.org\/{rel}","templated":true}]}}